{"id":3031,"date":"2025-02-19T22:50:02","date_gmt":"2025-02-19T22:50:02","guid":{"rendered":"https:\/\/www.antevenio.com\/latam\/?page_id=3031"},"modified":"2025-11-13T15:46:01","modified_gmt":"2025-11-13T15:46:01","slug":"own-channels-management","status":"publish","type":"page","link":"https:\/\/www.antevenio.com\/latam\/own-channels-management\/","title":{"rendered":"Own Channels Management"},"content":{"rendered":"<section class=\"l-section wpb_row height_auto width_full\"><div class=\"l-section-h i-cf\"><div class=\"g-cols vc_row via_grid cols_1 laptops-cols_inherit tablets-cols_inherit mobiles-cols_1 valign_top type_default stacking_default\"><div class=\"wpb_column vc_column_container\"><div class=\"vc_column-inner\"><div class=\"w-hwrapper us_custom_f3eb2957 valign_middle align_center\" style=\"--hwrapper-gap:0rem\"><div class=\"w-vwrapper us_custom_abec1d48 has_text_color align_none valign_bottom\" style=\"--vwrapper-gap:4rem\"><h2 class=\"w-text us_custom_08f62582 has_text_color\"><span class=\"w-text-h\"><span class=\"w-text-value\">Own Channels Management<\/span><\/span><\/h2><\/div><\/div><\/div><\/div><\/div><\/div><\/section><section class=\"l-section wpb_row hide_on_mobiles height_auto width_full\"><div class=\"l-section-h i-cf\"><div class=\"g-cols vc_row via_grid cols_1-3 laptops-cols_inherit tablets-cols_inherit mobiles-cols_1 valign_top type_default stacking_default\"><div class=\"wpb_column vc_column_container\"><div class=\"vc_column-inner\"><div class=\"w-hwrapper us_custom_666e7859 valign_top align_none\" style=\"--hwrapper-gap:0rem\"><div class=\"w-image align_none\"><div class=\"w-image-h\"><img decoding=\"async\" width=\"670\" height=\"870\" src=\"https:\/\/www.antevenio.com\/latam\/wp-content\/uploads\/own-channels.jpg\" class=\"attachment-full size-full\" alt=\"own channels\" loading=\"lazy\" srcset=\"https:\/\/www.antevenio.com\/latam\/wp-content\/uploads\/own-channels.jpg 670w, https:\/\/www.antevenio.com\/latam\/wp-content\/uploads\/own-channels-231x300.jpg 231w, https:\/\/www.antevenio.com\/latam\/wp-content\/uploads\/own-channels-385x500.jpg 385w, https:\/\/www.antevenio.com\/latam\/wp-content\/uploads\/own-channels-96x125.jpg 96w, https:\/\/www.antevenio.com\/latam\/wp-content\/uploads\/own-channels-308x400.jpg 308w\" sizes=\"auto, (max-width: 670px) 100vw, 670px\" \/><\/div><\/div><\/div><\/div><\/div><div class=\"wpb_column vc_column_container\"><div class=\"vc_column-inner\"><div class=\"w-hwrapper valign_top align_none\"><div class=\"w-vwrapper us_custom_85c0fda0 align_none valign_top\"><h2 class=\"w-text us_custom_8c04d41e has_text_color\"><span class=\"w-text-h\"><span class=\"w-text-value\">Optimicemos tus canales propios de comunicaci\u00f3n<\/span><\/span><\/h2><div class=\"wpb_text_column us_custom_2b5e550e\"><div class=\"wpb_wrapper\"><p>Utilizamos esta estrategia, para mantener <strong style=\"color: #000000;\">una relaci\u00f3n constante y personalizada con tu audiencia<\/strong>, sin depender de algoritmos o cambios en plataformas externas. Te ayudamos a fortalecer la comunicaci\u00f3n con el cliente a trav\u00e9s de tus propios canales, aquellos que controlas totalmente, como WhatsApp, email y SMS<\/p>\n<\/div><\/div><\/div><\/div><\/div><\/div><\/div><\/div><\/section><section class=\"l-section wpb_row hide_on_default hide_on_laptops hide_on_tablets height_auto width_full\"><div class=\"l-section-h i-cf\"><div class=\"g-cols vc_row via_grid cols_3-1 laptops-cols_inherit tablets-cols_inherit mobiles-cols_1 valign_top type_default stacking_default\"><div class=\"wpb_column vc_column_container\"><div class=\"vc_column-inner\"><div class=\"w-hwrapper valign_top align_none\"><div class=\"w-vwrapper us_custom_85c0fda0 align_none valign_top\"><h1 class=\"w-text us_custom_33b856b5 has_text_color\"><span class=\"w-text-h\"><span class=\"w-text-value\">Optimicemos tus canales propios de comunicaci\u00f3n<\/span><\/span><\/h1><div class=\"wpb_text_column with_collapsible_content\" data-content-height=\"400px\"><div class=\"wpb_wrapper\"><p>Utilizamos esta estrategia, para mantener <strong style=\"color: #000000;\">una relaci\u00f3n constante y personalizada con tu audiencia<\/strong>, sin depender de algoritmos o cambios en plataformas externas. Te ayudamos a fortalecer la comunicaci\u00f3n con el cliente a trav\u00e9s de tus propios canales, aquellos que controlas totalmente, como WhatsApp, email y SMS<\/p>\n<\/div><div class=\"toggle-links align_none\"><button class=\"collapsible-content-more\">Ver m\u00e1s<\/button><button class=\"collapsible-content-less\">Ver menos<\/button><\/div><\/div><\/div><\/div><\/div><\/div><div class=\"wpb_column vc_column_container hide_on_mobiles\"><div class=\"vc_column-inner\"><div class=\"w-hwrapper us_custom_666e7859 valign_top align_none\" style=\"--hwrapper-gap:0rem\"><div class=\"w-image align_none\"><div class=\"w-image-h\"><img decoding=\"async\" width=\"670\" height=\"870\" src=\"https:\/\/www.antevenio.com\/latam\/wp-content\/uploads\/own-channels.jpg\" class=\"attachment-full size-full\" alt=\"own channels\" loading=\"lazy\" srcset=\"https:\/\/www.antevenio.com\/latam\/wp-content\/uploads\/own-channels.jpg 670w, https:\/\/www.antevenio.com\/latam\/wp-content\/uploads\/own-channels-231x300.jpg 231w, https:\/\/www.antevenio.com\/latam\/wp-content\/uploads\/own-channels-385x500.jpg 385w, https:\/\/www.antevenio.com\/latam\/wp-content\/uploads\/own-channels-96x125.jpg 96w, https:\/\/www.antevenio.com\/latam\/wp-content\/uploads\/own-channels-308x400.jpg 308w\" sizes=\"auto, (max-width: 670px) 100vw, 670px\" \/><\/div><\/div><\/div><\/div><\/div><\/div><\/div><\/section><section class=\"l-section wpb_row us_custom_8e09cc6b hide_on_mobiles height_small width_full\"><div class=\"l-section-h i-cf\"><div class=\"g-cols vc_row via_grid cols_1 laptops-cols_inherit tablets-cols_inherit mobiles-cols_1 valign_bottom type_default stacking_default\"><div class=\"wpb_column vc_column_container us_custom_1ece3f95\"><div class=\"vc_column-inner\"><div class=\"g-cols wpb_row via_grid cols_1 laptops-cols_inherit tablets-cols_2 mobiles-cols_2 valign_top type_default stacking_default\" style=\"--columns-gap:20px;\"><div class=\"wpb_column vc_column_container\"><div class=\"vc_column-inner\"><div class=\"w-content-carousel items_2 us_custom_04570ec2 Margenesocm\"><div class=\"owl-carousel valign_middle dotstyle_circle navstyle_7 navpos_outside owl-responsive-2000 with_arrows\" style=\"--items-gap:30px;--transition-duration:350ms;--arrows-size:1.5rem;\" onclick=\"return {&quot;aria_labels&quot;:{&quot;prev&quot;:&quot;Previo&quot;,&quot;next&quot;:&quot;Siguiente&quot;},&quot;autoplayContinual&quot;:false,&quot;autoplayHoverPause&quot;:false,&quot;autoplayTimeout&quot;:3000,&quot;autoWidth&quot;:false,&quot;smartSpeed&quot;:350,&quot;margin&quot;:30,&quot;mouseDrag&quot;:true,&quot;rtl&quot;:false,&quot;slideBy&quot;:&quot;1&quot;,&quot;touchDrag&quot;:true,&quot;slideTransition&quot;:&quot;&quot;,&quot;responsive&quot;:{&quot;0&quot;:{&quot;autoHeight&quot;:false,&quot;autoplay&quot;:false,&quot;autoWidth&quot;:false,&quot;center&quot;:false,&quot;dots&quot;:false,&quot;items&quot;:2,&quot;loop&quot;:false,&quot;nav&quot;:false,&quot;stagePadding&quot;:0,&quot;slideBy&quot;:&quot;1&quot;},&quot;1381&quot;:{&quot;autoHeight&quot;:false,&quot;autoplay&quot;:false,&quot;autoWidth&quot;:false,&quot;center&quot;:false,&quot;dots&quot;:false,&quot;items&quot;:2,&quot;loop&quot;:true,&quot;nav&quot;:true,&quot;stagePadding&quot;:0}}}\"><div class=\"w-vwrapper us_custom_b01b4be6 has_text_color align_none valign_top\"><div class=\"w-image us_custom_0f3e3751 align_none\"><div class=\"w-image-h\"><img decoding=\"async\" width=\"1715\" height=\"1185\" src=\"https:\/\/www.antevenio.com\/latam\/wp-content\/uploads\/own-channel.jpg\" class=\"attachment-full size-full\" alt=\"comunicacion omnicanal\" loading=\"lazy\" srcset=\"https:\/\/www.antevenio.com\/latam\/wp-content\/uploads\/own-channel.jpg 1715w, https:\/\/www.antevenio.com\/latam\/wp-content\/uploads\/own-channel-300x207.jpg 300w, https:\/\/www.antevenio.com\/latam\/wp-content\/uploads\/own-channel-1024x708.jpg 1024w, https:\/\/www.antevenio.com\/latam\/wp-content\/uploads\/own-channel-500x345.jpg 500w, https:\/\/www.antevenio.com\/latam\/wp-content\/uploads\/own-channel-125x86.jpg 125w, https:\/\/www.antevenio.com\/latam\/wp-content\/uploads\/own-channel-579x400.jpg 579w, https:\/\/www.antevenio.com\/latam\/wp-content\/uploads\/own-channel-600x415.jpg 600w\" sizes=\"auto, (max-width: 1715px) 100vw, 1715px\" \/><\/div><\/div><div class=\"wpb_text_column us_custom_6be69f76 has_text_color\"><div class=\"wpb_wrapper\"><p>T\u00fa eliges c\u00f3mo, cu\u00e1ndo y qu\u00e9 comunicar, los own channels te permiten tener el <strong style=\"color: #000000;\">control total<\/strong> sobre el mensaje, la frecuencia y el momento de cada env\u00edo. Esta <strong style=\"color: #000000;\">comunicaci\u00f3n directa<\/strong> no solo mejora la experiencia del cliente, sino que tambi\u00e9n incrementa la tasa de respuesta y conversi\u00f3n, al llegar en el <strong style=\"color: #000000;\">canal adecuado y en el momento justo<\/strong>.<\/p>\n<\/div><\/div><\/div><div class=\"w-vwrapper us_custom_b01b4be6 has_text_color align_none valign_top\"><div class=\"w-image us_custom_0f3e3751 align_none\"><div class=\"w-image-h\"><img decoding=\"async\" width=\"1715\" height=\"1185\" src=\"https:\/\/www.antevenio.com\/latam\/wp-content\/uploads\/own-channels-1.jpg\" class=\"attachment-full size-full\" alt=\"comunicacion omnicanal\" loading=\"lazy\" srcset=\"https:\/\/www.antevenio.com\/latam\/wp-content\/uploads\/own-channels-1.jpg 1715w, https:\/\/www.antevenio.com\/latam\/wp-content\/uploads\/own-channels-1-300x207.jpg 300w, https:\/\/www.antevenio.com\/latam\/wp-content\/uploads\/own-channels-1-1024x708.jpg 1024w, https:\/\/www.antevenio.com\/latam\/wp-content\/uploads\/own-channels-1-500x345.jpg 500w, https:\/\/www.antevenio.com\/latam\/wp-content\/uploads\/own-channels-1-125x86.jpg 125w, https:\/\/www.antevenio.com\/latam\/wp-content\/uploads\/own-channels-1-579x400.jpg 579w, https:\/\/www.antevenio.com\/latam\/wp-content\/uploads\/own-channels-1-600x415.jpg 600w\" sizes=\"auto, (max-width: 1715px) 100vw, 1715px\" \/><\/div><\/div><div class=\"wpb_text_column us_custom_6be69f76 has_text_color\"><div class=\"wpb_wrapper\"><p>Dise\u00f1amos estrategias de comunicaci\u00f3n omnicanal que <strong style=\"color: #000000;\">integran tus canales propios de forma coherente y eficiente<\/strong>.<\/p>\n<\/div><\/div><\/div><\/div><\/div><\/div><\/div><\/div><\/div><\/div><\/div><\/div><\/section><section class=\"l-section wpb_row us_custom_cbf98221 hide_on_default hide_on_laptops hide_on_tablets height_small width_full\"><div class=\"l-section-h i-cf\"><div class=\"g-cols vc_row via_grid cols_1 laptops-cols_inherit tablets-cols_inherit mobiles-cols_1 valign_bottom type_default stacking_default\"><div class=\"wpb_column vc_column_container us_custom_1ece3f95\"><div class=\"vc_column-inner\"><div class=\"w-vwrapper us_custom_2b3f37de has_text_color align_center valign_top\"><div class=\"w-image us_custom_81dbcac1 align_none\"><div class=\"w-image-h\"><img decoding=\"async\" width=\"1024\" height=\"708\" src=\"https:\/\/www.antevenio.com\/latam\/wp-content\/uploads\/own-channel-1024x708.jpg\" class=\"attachment-large size-large\" alt=\"comunicacion omnicanal\" loading=\"lazy\" srcset=\"https:\/\/www.antevenio.com\/latam\/wp-content\/uploads\/own-channel-1024x708.jpg 1024w, https:\/\/www.antevenio.com\/latam\/wp-content\/uploads\/own-channel-300x207.jpg 300w, https:\/\/www.antevenio.com\/latam\/wp-content\/uploads\/own-channel-500x345.jpg 500w, https:\/\/www.antevenio.com\/latam\/wp-content\/uploads\/own-channel-125x86.jpg 125w, https:\/\/www.antevenio.com\/latam\/wp-content\/uploads\/own-channel-579x400.jpg 579w, https:\/\/www.antevenio.com\/latam\/wp-content\/uploads\/own-channel-600x415.jpg 600w, https:\/\/www.antevenio.com\/latam\/wp-content\/uploads\/own-channel.jpg 1715w\" sizes=\"auto, (max-width: 1024px) 100vw, 1024px\" \/><\/div><\/div><div class=\"wpb_text_column us_custom_25c3e80a has_text_color\"><div class=\"wpb_wrapper\"><p>T\u00fa eliges c\u00f3mo, cu\u00e1ndo y qu\u00e9 comunicar, los own channels te permiten tener el <strong style=\"color: #000000;\">control total<\/strong> sobre el mensaje, la frecuencia y el momento de cada env\u00edo. Esta <strong style=\"color: #000000;\">comunicaci\u00f3n directa<\/strong> no solo mejora la experiencia del cliente, sino que tambi\u00e9n incrementa la tasa de respuesta y conversi\u00f3n, al llegar en el <strong style=\"color: #000000;\">canal adecuado y en el momento justo<\/strong>.<\/p>\n<\/div><\/div><\/div><div class=\"w-separator size_small\"><\/div><div class=\"w-vwrapper us_custom_b06a271f has_text_color align_center valign_top\"><div class=\"w-image us_custom_81dbcac1 align_none\"><div class=\"w-image-h\"><img decoding=\"async\" width=\"1024\" height=\"708\" src=\"https:\/\/www.antevenio.com\/latam\/wp-content\/uploads\/own-channels-1-1024x708.jpg\" class=\"attachment-large size-large\" alt=\"comunicacion omnicanal\" loading=\"lazy\" srcset=\"https:\/\/www.antevenio.com\/latam\/wp-content\/uploads\/own-channels-1-1024x708.jpg 1024w, https:\/\/www.antevenio.com\/latam\/wp-content\/uploads\/own-channels-1-300x207.jpg 300w, https:\/\/www.antevenio.com\/latam\/wp-content\/uploads\/own-channels-1-500x345.jpg 500w, https:\/\/www.antevenio.com\/latam\/wp-content\/uploads\/own-channels-1-125x86.jpg 125w, https:\/\/www.antevenio.com\/latam\/wp-content\/uploads\/own-channels-1-579x400.jpg 579w, https:\/\/www.antevenio.com\/latam\/wp-content\/uploads\/own-channels-1-600x415.jpg 600w, https:\/\/www.antevenio.com\/latam\/wp-content\/uploads\/own-channels-1.jpg 1715w\" sizes=\"auto, (max-width: 1024px) 100vw, 1024px\" \/><\/div><\/div><div class=\"wpb_text_column us_custom_1f4f14b6 has_text_color\"><div class=\"wpb_wrapper\"><p>Dise\u00f1amos estrategias de comunicaci\u00f3n omnicanal que <strong style=\"color: #000000;\">integran tus canales propios de forma coherente y eficiente<\/strong>.<\/p>\n<\/div><\/div><\/div><div class=\"w-separator size_small\"><\/div><\/div><\/div><\/div><\/div><\/section><section class=\"l-section wpb_row height_small\"><div class=\"l-section-h i-cf\"><div class=\"g-cols vc_row via_grid cols_1 laptops-cols_inherit tablets-cols_inherit mobiles-cols_1 valign_top type_default stacking_default\"><div class=\"wpb_column vc_column_container us_custom_60e9caca us_animate_this\"><div class=\"vc_column-inner\"><h3 class=\"w-text us_custom_991b091a has_text_color\"><span class=\"w-text-h\"><span class=\"w-text-value\">Elaboremos un plan<\/span><\/span><\/h3><div class=\"w-separator size_small\"><\/div><div class=\"w-btn-wrapper align_center\"><a class=\"w-btn us-btn-style_5 us_custom_eb849559\" id=\"BotonEmoji\" href=\"https:\/\/www.antevenio.com\/latam\/contacto\/\"><span class=\"w-btn-label\">\u00a1Colaboremos!<\/span><\/a><\/div><\/div><\/div><\/div><\/div><\/section>\n","protected":false},"excerpt":{"rendered":"Own Channels ManagementOptimicemos tus canales propios de comunicaci\u00f3nUtilizamos esta estrategia, para mantener una relaci\u00f3n constante y personalizada con tu audiencia, sin depender de algoritmos o cambios en plataformas externas. Te ayudamos a fortalecer la comunicaci\u00f3n con el cliente a trav\u00e9s de tus propios canales, aquellos que controlas totalmente, como WhatsApp, email y SMS Optimicemos tus...","protected":false},"author":1,"featured_media":0,"parent":0,"menu_order":0,"comment_status":"closed","ping_status":"closed","template":"","meta":{"footnotes":""},"class_list":["post-3031","page","type-page","status-publish","hentry"],"_links":{"self":[{"href":"https:\/\/www.antevenio.com\/latam\/wp-json\/wp\/v2\/pages\/3031","targetHints":{"allow":["GET"]}}],"collection":[{"href":"https:\/\/www.antevenio.com\/latam\/wp-json\/wp\/v2\/pages"}],"about":[{"href":"https:\/\/www.antevenio.com\/latam\/wp-json\/wp\/v2\/types\/page"}],"author":[{"embeddable":true,"href":"https:\/\/www.antevenio.com\/latam\/wp-json\/wp\/v2\/users\/1"}],"replies":[{"embeddable":true,"href":"https:\/\/www.antevenio.com\/latam\/wp-json\/wp\/v2\/comments?post=3031"}],"version-history":[{"count":65,"href":"https:\/\/www.antevenio.com\/latam\/wp-json\/wp\/v2\/pages\/3031\/revisions"}],"predecessor-version":[{"id":4650,"href":"https:\/\/www.antevenio.com\/latam\/wp-json\/wp\/v2\/pages\/3031\/revisions\/4650"}],"wp:attachment":[{"href":"https:\/\/www.antevenio.com\/latam\/wp-json\/wp\/v2\/media?parent=3031"}],"curies":[{"name":"wp","href":"https:\/\/api.w.org\/{rel}","templated":true}]}}