{"id":2976,"date":"2025-02-11T16:22:37","date_gmt":"2025-02-11T16:22:37","guid":{"rendered":"https:\/\/www.antevenio.com\/latam\/?page_id=2976"},"modified":"2025-09-30T06:35:39","modified_gmt":"2025-09-30T06:35:39","slug":"content-performance","status":"publish","type":"page","link":"https:\/\/www.antevenio.com\/latam\/content-performance\/","title":{"rendered":"Content Performance"},"content":{"rendered":"<section class=\"l-section wpb_row height_auto width_full\"><div class=\"l-section-h i-cf\"><div class=\"g-cols vc_row via_grid cols_1 laptops-cols_inherit tablets-cols_inherit mobiles-cols_1 valign_top type_default stacking_default\"><div class=\"wpb_column vc_column_container\"><div class=\"vc_column-inner\"><div class=\"w-hwrapper us_custom_e0f00d36 valign_middle align_center\" style=\"--hwrapper-gap:0rem\"><div class=\"w-vwrapper us_custom_abec1d48 has_text_color align_none valign_bottom\" style=\"--vwrapper-gap:4rem\"><h2 class=\"w-text us_custom_08f62582 has_text_color\"><span class=\"w-text-h\"><span class=\"w-text-value\">Content Perfomance<\/span><\/span><\/h2><\/div><\/div><\/div><\/div><\/div><\/div><\/section><section class=\"l-section wpb_row hide_on_mobiles height_auto width_full\"><div class=\"l-section-h i-cf\"><div class=\"g-cols vc_row via_grid cols_1-3 laptops-cols_inherit tablets-cols_inherit mobiles-cols_1 valign_top type_default stacking_default\"><div class=\"wpb_column vc_column_container\"><div class=\"vc_column-inner\"><div class=\"w-hwrapper us_custom_666e7859 valign_top align_none\" style=\"--hwrapper-gap:0rem\"><div class=\"w-image align_none\"><div class=\"w-image-h\"><img decoding=\"async\" width=\"670\" height=\"870\" src=\"https:\/\/www.antevenio.com\/latam\/wp-content\/uploads\/influencer-marketing-1.jpg\" class=\"attachment-full size-full\" alt=\"Content performance: marketing influencer\" loading=\"lazy\" srcset=\"https:\/\/www.antevenio.com\/latam\/wp-content\/uploads\/influencer-marketing-1.jpg 670w, https:\/\/www.antevenio.com\/latam\/wp-content\/uploads\/influencer-marketing-1-231x300.jpg 231w, https:\/\/www.antevenio.com\/latam\/wp-content\/uploads\/influencer-marketing-1-385x500.jpg 385w, https:\/\/www.antevenio.com\/latam\/wp-content\/uploads\/influencer-marketing-1-96x125.jpg 96w, https:\/\/www.antevenio.com\/latam\/wp-content\/uploads\/influencer-marketing-1-308x400.jpg 308w\" sizes=\"auto, (max-width: 670px) 100vw, 670px\" \/><\/div><\/div><\/div><\/div><\/div><div class=\"wpb_column vc_column_container\"><div class=\"vc_column-inner\"><div class=\"w-hwrapper valign_top align_none\"><div class=\"w-vwrapper us_custom_85c0fda0 align_none valign_top\"><h2 class=\"w-text us_custom_f64f04a0 has_text_color\"><span class=\"w-text-h\"><span class=\"w-text-value\">Influencer Marketing con resultados reales<\/span><\/span><\/h2><div class=\"wpb_text_column us_custom_4b43805c\"><div class=\"wpb_wrapper\"><p>El <strong style=\"color: #000000;\">influencer marketing<\/strong> es una herramienta poderosa para conectar con audiencias espec\u00edficas y generar impacto tangible.<\/p>\n<\/div><\/div><\/div><\/div><\/div><\/div><\/div><\/div><\/section><section class=\"l-section wpb_row hide_on_default hide_on_laptops hide_on_tablets height_auto width_full\"><div class=\"l-section-h i-cf\"><div class=\"g-cols vc_row via_grid cols_3-1 laptops-cols_inherit tablets-cols_inherit mobiles-cols_1 valign_bottom type_default stacking_default\"><div class=\"wpb_column vc_column_container\"><div class=\"vc_column-inner\"><div class=\"w-hwrapper valign_top align_none\"><div class=\"w-vwrapper us_custom_85c0fda0 align_none valign_top\"><h1 class=\"w-text us_custom_b69fc9de has_text_color\"><span class=\"w-text-h\"><span class=\"w-text-value\">Influencer Marketing con Resultados Reales<\/span><\/span><\/h1><div class=\"wpb_text_column us_custom_698f55d4 with_collapsible_content\" data-content-height=\"400px\"><div class=\"wpb_wrapper\"><p>El <strong style=\"color: #000000;\">influencer marketing<\/strong> es una herramienta poderosa para conectar con audiencias espec\u00edficas y generar impacto tangible.<\/p>\n<\/div><div class=\"toggle-links align_none\"><button class=\"collapsible-content-more\">Ver m\u00e1s<\/button><button class=\"collapsible-content-less\">Ver menos<\/button><\/div><\/div><\/div><\/div><\/div><\/div><div class=\"wpb_column vc_column_container hide_on_mobiles\"><div class=\"vc_column-inner\"><div class=\"w-hwrapper us_custom_666e7859 valign_top align_none\" style=\"--hwrapper-gap:0rem\"><div class=\"w-image align_none\"><div class=\"w-image-h\"><img decoding=\"async\" width=\"670\" height=\"870\" src=\"https:\/\/www.antevenio.com\/latam\/wp-content\/uploads\/influencer-marketing-1.jpg\" class=\"attachment-full size-full\" alt=\"Content performance: marketing influencer\" loading=\"lazy\" srcset=\"https:\/\/www.antevenio.com\/latam\/wp-content\/uploads\/influencer-marketing-1.jpg 670w, https:\/\/www.antevenio.com\/latam\/wp-content\/uploads\/influencer-marketing-1-231x300.jpg 231w, https:\/\/www.antevenio.com\/latam\/wp-content\/uploads\/influencer-marketing-1-385x500.jpg 385w, https:\/\/www.antevenio.com\/latam\/wp-content\/uploads\/influencer-marketing-1-96x125.jpg 96w, https:\/\/www.antevenio.com\/latam\/wp-content\/uploads\/influencer-marketing-1-308x400.jpg 308w\" sizes=\"auto, (max-width: 670px) 100vw, 670px\" \/><\/div><\/div><\/div><\/div><\/div><\/div><\/div><\/section><section class=\"l-section wpb_row us_custom_0cc0f48f height_small width_full\"><div class=\"l-section-h i-cf\"><div class=\"g-cols vc_row via_grid cols_3-1 laptops-cols_inherit tablets-cols_inherit mobiles-cols_1 valign_top type_default stacking_default\"><div class=\"wpb_column vc_column_container\"><div class=\"vc_column-inner\"><div class=\"w-hwrapper valign_top align_none\"><div class=\"w-vwrapper us_custom_b62199d1 align_none valign_top\"><div class=\"wpb_text_column us_custom_ed8aa24d\"><div class=\"wpb_wrapper\"><p>En Antevenio, no solo colaboramos con creadores de contenido:<strong style=\"color: #000000;\"> dise\u00f1amos estrategias enfocadas en resultados concretos y medibles<\/strong>. Nuestra propuesta de valor es clara: solo inviertes cuando se obtiene una acci\u00f3n real, como clics, registros o ventas.<\/p>\n<\/div><\/div><\/div><\/div><\/div><\/div><div class=\"wpb_column vc_column_container hide_on_tablets hide_on_mobiles\"><div class=\"vc_column-inner\"><div class=\"w-hwrapper us_custom_58743f48 valign_top align_center\" style=\"--hwrapper-gap:0rem\"><div class=\"w-image align_center\"><div class=\"w-image-h\"><img decoding=\"async\" width=\"670\" height=\"870\" src=\"https:\/\/www.antevenio.com\/latam\/wp-content\/uploads\/content2-scaled-e1756227103162.jpg\" class=\"attachment-full size-full\" alt=\"\" loading=\"lazy\" srcset=\"https:\/\/www.antevenio.com\/latam\/wp-content\/uploads\/content2-scaled-e1756227103162.jpg 670w, https:\/\/www.antevenio.com\/latam\/wp-content\/uploads\/content2-scaled-e1756227103162-231x300.jpg 231w, https:\/\/www.antevenio.com\/latam\/wp-content\/uploads\/content2-scaled-e1756227103162-385x500.jpg 385w, https:\/\/www.antevenio.com\/latam\/wp-content\/uploads\/content2-scaled-e1756227103162-96x125.jpg 96w, https:\/\/www.antevenio.com\/latam\/wp-content\/uploads\/content2-scaled-e1756227103162-308x400.jpg 308w\" sizes=\"auto, (max-width: 670px) 100vw, 670px\" \/><\/div><\/div><\/div><\/div><\/div><\/div><\/div><\/section><section class=\"l-section wpb_row us_custom_0cc0f48f height_small width_full\"><div class=\"l-section-h i-cf\"><div class=\"g-cols vc_row via_grid cols_1-3 laptops-cols_inherit tablets-cols_inherit mobiles-cols_1 valign_top type_default stacking_default\"><div class=\"wpb_column vc_column_container\"><div class=\"vc_column-inner\"><div class=\"w-hwrapper us_custom_58743f48 valign_top align_center\" style=\"--hwrapper-gap:0rem\"><div class=\"w-image align_center\"><div class=\"w-image-h\"><img decoding=\"async\" width=\"423\" height=\"518\" src=\"https:\/\/www.antevenio.com\/latam\/wp-content\/uploads\/content3-e1756227161351.png\" class=\"attachment-full size-full\" alt=\"\" loading=\"lazy\" srcset=\"https:\/\/www.antevenio.com\/latam\/wp-content\/uploads\/content3-e1756227161351.png 423w, https:\/\/www.antevenio.com\/latam\/wp-content\/uploads\/content3-e1756227161351-245x300.png 245w, https:\/\/www.antevenio.com\/latam\/wp-content\/uploads\/content3-e1756227161351-408x500.png 408w, https:\/\/www.antevenio.com\/latam\/wp-content\/uploads\/content3-e1756227161351-102x125.png 102w, https:\/\/www.antevenio.com\/latam\/wp-content\/uploads\/content3-e1756227161351-327x400.png 327w\" sizes=\"auto, (max-width: 423px) 100vw, 423px\" \/><\/div><\/div><\/div><\/div><\/div><div class=\"wpb_column vc_column_container\"><div class=\"vc_column-inner\"><div class=\"w-hwrapper valign_top align_none\"><div class=\"w-vwrapper us_custom_b62199d1 align_none valign_top\"><div class=\"wpb_text_column us_custom_ed8aa24d\"><div class=\"wpb_wrapper\"><p>Nuestro enfoque se basa en <strong style=\"color: #000000;\">modelos de performance como CPC, CPL, o CPA<\/strong>, esto permite que tu inversi\u00f3n en influencers est\u00e9 alineada directamente con los <strong style=\"color: #000000;\">resultados que buscas<\/strong>.<\/p>\n<p>Nos encargamos de gestionar todo el proceso: desde la selecci\u00f3n del talento adecuado hasta la creaci\u00f3n del influencer content m\u00e1s relevante para tu p\u00fablico objetivo.<\/p>\n<\/div><\/div><\/div><\/div><\/div><\/div><\/div><\/div><\/section><section class=\"l-section wpb_row us_custom_8e09cc6b hide_on_mobiles height_small width_full\"><div class=\"l-section-h i-cf\"><div class=\"g-cols vc_row via_grid cols_1 laptops-cols_inherit tablets-cols_inherit mobiles-cols_1 valign_bottom type_default stacking_default\"><div class=\"wpb_column vc_column_container us_custom_1ece3f95\"><div class=\"vc_column-inner\"><div class=\"g-cols wpb_row via_grid cols_1 laptops-cols_inherit tablets-cols_2 mobiles-cols_2 valign_top type_default stacking_default\" style=\"--columns-gap:20px;\"><div class=\"wpb_column vc_column_container FlechaAntevenio\"><div class=\"vc_column-inner\"><div class=\"w-content-carousel items_3 us_custom_04570ec2 Margenes\"><div class=\"owl-carousel valign_middle dotstyle_circle navstyle_7 navpos_outside owl-responsive-2000 with_arrows\" style=\"--items-gap:30px;--transition-duration:350ms;--arrows-size:2rem;--arrows-offset:0.6rem;\" onclick=\"return {&quot;aria_labels&quot;:{&quot;prev&quot;:&quot;Previo&quot;,&quot;next&quot;:&quot;Siguiente&quot;},&quot;autoplayContinual&quot;:false,&quot;autoplayHoverPause&quot;:false,&quot;autoplayTimeout&quot;:3000,&quot;autoWidth&quot;:false,&quot;smartSpeed&quot;:350,&quot;margin&quot;:30,&quot;mouseDrag&quot;:true,&quot;rtl&quot;:false,&quot;slideBy&quot;:&quot;page&quot;,&quot;touchDrag&quot;:true,&quot;slideTransition&quot;:&quot;&quot;,&quot;responsive&quot;:{&quot;0&quot;:{&quot;autoHeight&quot;:false,&quot;autoplay&quot;:false,&quot;autoWidth&quot;:false,&quot;center&quot;:false,&quot;dots&quot;:false,&quot;items&quot;:3,&quot;loop&quot;:false,&quot;nav&quot;:false,&quot;stagePadding&quot;:0,&quot;slideBy&quot;:&quot;1&quot;},&quot;1381&quot;:{&quot;autoHeight&quot;:false,&quot;autoplay&quot;:false,&quot;autoWidth&quot;:false,&quot;center&quot;:false,&quot;dots&quot;:false,&quot;items&quot;:3,&quot;loop&quot;:false,&quot;nav&quot;:true,&quot;stagePadding&quot;:0}}}\"><div class=\"w-vwrapper us_custom_bc5009f6 has_text_color align_none valign_top\"><div class=\"w-image us_custom_0f3e3751 align_none\"><div class=\"w-image-h\"><img decoding=\"async\" width=\"1715\" height=\"1185\" src=\"https:\/\/www.antevenio.com\/latam\/wp-content\/uploads\/impacto.jpg\" class=\"attachment-full size-full\" alt=\"Content performance: marketing influencer\" loading=\"lazy\" srcset=\"https:\/\/www.antevenio.com\/latam\/wp-content\/uploads\/impacto.jpg 1715w, https:\/\/www.antevenio.com\/latam\/wp-content\/uploads\/impacto-300x207.jpg 300w, https:\/\/www.antevenio.com\/latam\/wp-content\/uploads\/impacto-1024x708.jpg 1024w, https:\/\/www.antevenio.com\/latam\/wp-content\/uploads\/impacto-500x345.jpg 500w, https:\/\/www.antevenio.com\/latam\/wp-content\/uploads\/impacto-125x86.jpg 125w, https:\/\/www.antevenio.com\/latam\/wp-content\/uploads\/impacto-579x400.jpg 579w, https:\/\/www.antevenio.com\/latam\/wp-content\/uploads\/impacto-600x415.jpg 600w\" sizes=\"auto, (max-width: 1715px) 100vw, 1715px\" \/><\/div><\/div><h4 class=\"w-text us_custom_542d5b61 has_text_color\"><span class=\"w-text-h\"><span class=\"w-text-value\">Nada de pagar por posteos sin impacto:<\/span><\/span><\/h4><div class=\"w-text us_custom_7f11a7b6 has_text_color\"><span class=\"w-text-h\"><span class=\"w-text-value\">Aqu\u00ed todo se mide, todo se optimiza y todo se traduce a conversiones reales.<\/span><\/span><\/div><\/div><div class=\"w-vwrapper us_custom_bc5009f6 has_text_color align_none valign_top\"><div class=\"w-image us_custom_0f3e3751 align_none\"><div class=\"w-image-h\"><img decoding=\"async\" width=\"1715\" height=\"1185\" src=\"https:\/\/www.antevenio.com\/latam\/wp-content\/uploads\/content-carrusel2-scaled-e1755071065411.jpg\" class=\"attachment-full size-full\" alt=\"\" loading=\"lazy\" srcset=\"https:\/\/www.antevenio.com\/latam\/wp-content\/uploads\/content-carrusel2-scaled-e1755071065411.jpg 1715w, https:\/\/www.antevenio.com\/latam\/wp-content\/uploads\/content-carrusel2-scaled-e1755071065411-300x207.jpg 300w, https:\/\/www.antevenio.com\/latam\/wp-content\/uploads\/content-carrusel2-scaled-e1755071065411-1024x708.jpg 1024w, https:\/\/www.antevenio.com\/latam\/wp-content\/uploads\/content-carrusel2-scaled-e1755071065411-500x345.jpg 500w, https:\/\/www.antevenio.com\/latam\/wp-content\/uploads\/content-carrusel2-scaled-e1755071065411-125x86.jpg 125w, https:\/\/www.antevenio.com\/latam\/wp-content\/uploads\/content-carrusel2-scaled-e1755071065411-579x400.jpg 579w\" sizes=\"auto, (max-width: 1715px) 100vw, 1715px\" \/><\/div><\/div><h3 class=\"w-text us_custom_542d5b61 has_text_color\"><span class=\"w-text-h\"><span class=\"w-text-value\">M\u00e1s que awareness<\/span><\/span><\/h3><div class=\"w-text us_custom_8ccddf3e has_text_color\"><span class=\"w-text-h\"><span class=\"w-text-value\">Dise\u00f1amos campa\u00f1as con un objetivo claro: generar interacci\u00f3n y ventas, no solo alcance.<\/span><\/span><\/div><\/div><div class=\"w-vwrapper us_custom_bc5009f6 has_text_color align_none valign_top\"><div class=\"w-image us_custom_0f3e3751 align_none\"><div class=\"w-image-h\"><img decoding=\"async\" width=\"1715\" height=\"1185\" src=\"https:\/\/www.antevenio.com\/latam\/wp-content\/uploads\/content-carrusel3-e1755071201928.png\" class=\"attachment-full size-full\" alt=\"\" loading=\"lazy\" srcset=\"https:\/\/www.antevenio.com\/latam\/wp-content\/uploads\/content-carrusel3-e1755071201928.png 1715w, https:\/\/www.antevenio.com\/latam\/wp-content\/uploads\/content-carrusel3-e1755071201928-300x207.png 300w, https:\/\/www.antevenio.com\/latam\/wp-content\/uploads\/content-carrusel3-e1755071201928-1024x708.png 1024w, https:\/\/www.antevenio.com\/latam\/wp-content\/uploads\/content-carrusel3-e1755071201928-500x345.png 500w, https:\/\/www.antevenio.com\/latam\/wp-content\/uploads\/content-carrusel3-e1755071201928-125x86.png 125w, https:\/\/www.antevenio.com\/latam\/wp-content\/uploads\/content-carrusel3-e1755071201928-579x400.png 579w\" sizes=\"auto, (max-width: 1715px) 100vw, 1715px\" \/><\/div><\/div><h3 class=\"w-text us_custom_542d5b61 has_text_color\"><span class=\"w-text-h\"><span class=\"w-text-value\">Influencers que convierten:<\/span><\/span><\/h3><div class=\"w-text us_custom_7f11a7b6 has_text_color\"><span class=\"w-text-h\"><span class=\"w-text-value\">Elegimos perfiles con audiencias alineadas con tu marca y optimizamos cada acci\u00f3n para resultados tangibles.<\/span><\/span><\/div><\/div><\/div><\/div><\/div><\/div><\/div><\/div><\/div><\/div><\/div><\/section><section class=\"l-section wpb_row hide_on_default hide_on_laptops hide_on_tablets height_small\"><div class=\"l-section-h i-cf\"><div class=\"g-cols vc_row via_grid cols_1 laptops-cols_inherit tablets-cols_inherit mobiles-cols_1 valign_top type_default stacking_default\"><div class=\"wpb_column vc_column_container\"><div class=\"vc_column-inner\"><div class=\"g-cols wpb_row hide_on_default hide_on_laptops hide_on_tablets via_grid cols_custom laptops-cols_inherit tablets-cols_2 mobiles-cols_1 valign_top type_default stacking_default\" style=\"--columns-gap:25px;\"><div class=\"wpb_column vc_column_container us_custom_b6a72ce1\"><div class=\"vc_column-inner\"><div class=\"w-vwrapper us_custom_330826e5 has_text_color align_none valign_top\"><div class=\"w-image us_custom_0f3e3751 align_none\"><div class=\"w-image-h\"><img decoding=\"async\" width=\"1715\" height=\"1185\" src=\"https:\/\/www.antevenio.com\/latam\/wp-content\/uploads\/impacto.jpg\" class=\"attachment-full size-full\" alt=\"Content performance: marketing influencer\" loading=\"lazy\" srcset=\"https:\/\/www.antevenio.com\/latam\/wp-content\/uploads\/impacto.jpg 1715w, https:\/\/www.antevenio.com\/latam\/wp-content\/uploads\/impacto-300x207.jpg 300w, https:\/\/www.antevenio.com\/latam\/wp-content\/uploads\/impacto-1024x708.jpg 1024w, https:\/\/www.antevenio.com\/latam\/wp-content\/uploads\/impacto-500x345.jpg 500w, https:\/\/www.antevenio.com\/latam\/wp-content\/uploads\/impacto-125x86.jpg 125w, https:\/\/www.antevenio.com\/latam\/wp-content\/uploads\/impacto-579x400.jpg 579w, https:\/\/www.antevenio.com\/latam\/wp-content\/uploads\/impacto-600x415.jpg 600w\" sizes=\"auto, (max-width: 1715px) 100vw, 1715px\" \/><\/div><\/div><h4 class=\"w-text us_custom_c242f5b5 has_text_color\"><span class=\"w-text-h\"><span class=\"w-text-value\">Nada de pagar por posteos sin impacto:<\/span><\/span><\/h4><div class=\"w-text us_custom_6be69f76 has_text_color\"><span class=\"w-text-h\"><span class=\"w-text-value\">Aqu\u00ed todo se mide, todo se optimiza y todo se traduce a conversiones reales.<\/span><\/span><\/div><\/div><div class=\"w-separator size_small\"><\/div><\/div><\/div><\/div><div class=\"g-cols wpb_row hide_on_default hide_on_laptops hide_on_tablets via_grid cols_custom laptops-cols_inherit tablets-cols_2 mobiles-cols_1 valign_top type_default stacking_default\" style=\"--columns-gap:25px;\"><div class=\"wpb_column vc_column_container us_custom_b6a72ce1\"><div class=\"vc_column-inner\"><div class=\"w-vwrapper us_custom_330826e5 has_text_color align_none valign_top\"><div class=\"w-image us_custom_0f3e3751 align_none\"><div class=\"w-image-h\"><img decoding=\"async\" width=\"1715\" height=\"1185\" src=\"https:\/\/www.antevenio.com\/latam\/wp-content\/uploads\/content-carrusel2-scaled-e1755071065411.jpg\" class=\"attachment-full size-full\" alt=\"\" loading=\"lazy\" srcset=\"https:\/\/www.antevenio.com\/latam\/wp-content\/uploads\/content-carrusel2-scaled-e1755071065411.jpg 1715w, https:\/\/www.antevenio.com\/latam\/wp-content\/uploads\/content-carrusel2-scaled-e1755071065411-300x207.jpg 300w, https:\/\/www.antevenio.com\/latam\/wp-content\/uploads\/content-carrusel2-scaled-e1755071065411-1024x708.jpg 1024w, https:\/\/www.antevenio.com\/latam\/wp-content\/uploads\/content-carrusel2-scaled-e1755071065411-500x345.jpg 500w, https:\/\/www.antevenio.com\/latam\/wp-content\/uploads\/content-carrusel2-scaled-e1755071065411-125x86.jpg 125w, https:\/\/www.antevenio.com\/latam\/wp-content\/uploads\/content-carrusel2-scaled-e1755071065411-579x400.jpg 579w\" sizes=\"auto, (max-width: 1715px) 100vw, 1715px\" \/><\/div><\/div><h3 class=\"w-text us_custom_c242f5b5 has_text_color\"><span class=\"w-text-h\"><span class=\"w-text-value\">M\u00e1s que awareness<\/span><\/span><\/h3><div class=\"w-text us_custom_6be69f76 has_text_color\"><span class=\"w-text-h\"><span class=\"w-text-value\">Dise\u00f1amos campa\u00f1as con un objetivo claro: generar interacci\u00f3n y ventas, no solo alcance.<\/span><\/span><\/div><\/div><div class=\"w-separator size_small\"><\/div><\/div><\/div><\/div><div class=\"g-cols wpb_row hide_on_default hide_on_laptops hide_on_tablets via_grid cols_custom laptops-cols_inherit tablets-cols_2 mobiles-cols_1 valign_top type_default stacking_default\" style=\"--columns-gap:25px;\"><div class=\"wpb_column vc_column_container us_custom_b6a72ce1\"><div class=\"vc_column-inner\"><div class=\"w-vwrapper us_custom_330826e5 has_text_color align_none valign_top\"><div class=\"w-image us_custom_0f3e3751 align_none\"><div class=\"w-image-h\"><img decoding=\"async\" width=\"1715\" height=\"1185\" src=\"https:\/\/www.antevenio.com\/latam\/wp-content\/uploads\/content-carrusel3-e1755071201928.png\" class=\"attachment-full size-full\" alt=\"\" loading=\"lazy\" srcset=\"https:\/\/www.antevenio.com\/latam\/wp-content\/uploads\/content-carrusel3-e1755071201928.png 1715w, https:\/\/www.antevenio.com\/latam\/wp-content\/uploads\/content-carrusel3-e1755071201928-300x207.png 300w, https:\/\/www.antevenio.com\/latam\/wp-content\/uploads\/content-carrusel3-e1755071201928-1024x708.png 1024w, https:\/\/www.antevenio.com\/latam\/wp-content\/uploads\/content-carrusel3-e1755071201928-500x345.png 500w, https:\/\/www.antevenio.com\/latam\/wp-content\/uploads\/content-carrusel3-e1755071201928-125x86.png 125w, https:\/\/www.antevenio.com\/latam\/wp-content\/uploads\/content-carrusel3-e1755071201928-579x400.png 579w\" sizes=\"auto, (max-width: 1715px) 100vw, 1715px\" \/><\/div><\/div><h3 class=\"w-text us_custom_c242f5b5 has_text_color\"><span class=\"w-text-h\"><span class=\"w-text-value\">Influencers que convierten:<\/span><\/span><\/h3><div class=\"w-text us_custom_6be69f76 has_text_color\"><span class=\"w-text-h\"><span class=\"w-text-value\">Elegimos perfiles con audiencias alineadas con tu marca y optimizamos cada acci\u00f3n para resultados tangibles.<\/span><\/span><\/div><\/div><div class=\"w-separator size_small\"><\/div><\/div><\/div><\/div><\/div><\/div><\/div><\/div><\/section><section class=\"l-section wpb_row us_custom_eb849559 height_small\"><div class=\"l-section-h i-cf\"><div class=\"g-cols vc_row via_grid cols_1 laptops-cols_inherit tablets-cols_inherit mobiles-cols_1 valign_top type_default stacking_default\"><div class=\"wpb_column vc_column_container us_custom_60e9caca us_animate_this\"><div class=\"vc_column-inner\"><h3 class=\"w-text us_custom_991b091a has_text_color\"><span class=\"w-text-h\"><span class=\"w-text-value\">Lo importante no es el post del influencer, sino los resultados para tu negocio.<\/span><\/span><\/h3><div class=\"w-separator size_small\"><\/div><div class=\"w-btn-wrapper align_center\"><a class=\"w-btn us-btn-style_5 us_custom_eb849559\" id=\"BotonEmoji\" href=\"https:\/\/www.antevenio.com\/latam\/contacto\/\"><span class=\"w-btn-label\">\u00a1Colaboremos!<\/span><\/a><\/div><\/div><\/div><\/div><\/div><\/section>\n","protected":false},"excerpt":{"rendered":"Content PerfomanceInfluencer Marketing con resultados realesEl influencer marketing es una herramienta poderosa para conectar con audiencias espec\u00edficas y generar impacto tangible. Influencer Marketing con Resultados RealesEl influencer marketing es una herramienta poderosa para conectar con audiencias espec\u00edficas y generar impacto tangible. Ver m\u00e1sVer menosEn Antevenio, no solo colaboramos con creadores de contenido: dise\u00f1amos estrategias enfocadas...","protected":false},"author":1,"featured_media":0,"parent":0,"menu_order":0,"comment_status":"closed","ping_status":"closed","template":"","meta":{"footnotes":""},"class_list":["post-2976","page","type-page","status-publish","hentry"],"_links":{"self":[{"href":"https:\/\/www.antevenio.com\/latam\/wp-json\/wp\/v2\/pages\/2976","targetHints":{"allow":["GET"]}}],"collection":[{"href":"https:\/\/www.antevenio.com\/latam\/wp-json\/wp\/v2\/pages"}],"about":[{"href":"https:\/\/www.antevenio.com\/latam\/wp-json\/wp\/v2\/types\/page"}],"author":[{"embeddable":true,"href":"https:\/\/www.antevenio.com\/latam\/wp-json\/wp\/v2\/users\/1"}],"replies":[{"embeddable":true,"href":"https:\/\/www.antevenio.com\/latam\/wp-json\/wp\/v2\/comments?post=2976"}],"version-history":[{"count":72,"href":"https:\/\/www.antevenio.com\/latam\/wp-json\/wp\/v2\/pages\/2976\/revisions"}],"predecessor-version":[{"id":4544,"href":"https:\/\/www.antevenio.com\/latam\/wp-json\/wp\/v2\/pages\/2976\/revisions\/4544"}],"wp:attachment":[{"href":"https:\/\/www.antevenio.com\/latam\/wp-json\/wp\/v2\/media?parent=2976"}],"curies":[{"name":"wp","href":"https:\/\/api.w.org\/{rel}","templated":true}]}}