{"id":2870,"date":"2025-02-05T14:59:09","date_gmt":"2025-02-05T14:59:09","guid":{"rendered":"https:\/\/www.antevenio.com\/latam\/?page_id=2870"},"modified":"2025-05-09T21:48:53","modified_gmt":"2025-05-09T21:48:53","slug":"trabaja-con-nosotros","status":"publish","type":"page","link":"https:\/\/www.antevenio.com\/latam\/trabaja-con-nosotros\/","title":{"rendered":"Trabaja con nosotros"},"content":{"rendered":"<section class=\"l-section wpb_row height_auto width_full\"><div class=\"l-section-h i-cf\"><div class=\"g-cols vc_row via_grid cols_1 laptops-cols_inherit tablets-cols_inherit mobiles-cols_1 valign_top type_default stacking_default\"><div class=\"wpb_column vc_column_container\"><div class=\"vc_column-inner\"><div class=\"w-hwrapper us_custom_a69440c2 valign_middle align_center\" style=\"--hwrapper-gap:0rem\"><div class=\"w-vwrapper us_custom_abec1d48 has_text_color align_none valign_bottom\" style=\"--vwrapper-gap:4rem\"><h2 class=\"w-text us_custom_08f62582 has_text_color\"><span class=\"w-text-h\"><span class=\"w-text-value\">Trabaja con nosotros<\/span><\/span><\/h2><\/div><\/div><\/div><\/div><\/div><\/div><\/section><section class=\"l-section wpb_row us_custom_ed012e36 height_auto\"><div class=\"l-section-h i-cf\"><div class=\"g-cols vc_row via_grid cols_1 laptops-cols_inherit tablets-cols_inherit mobiles-cols_1 valign_top type_default stacking_default\"><div class=\"wpb_column vc_column_container\"><div class=\"vc_column-inner\"><div class=\"w-vwrapper us_custom_e914d17c align_center valign_middle\"><h4 class=\"w-text us_custom_991b091a has_text_color\"><span class=\"w-text-h\"><span class=\"w-text-value\">\u00bfListo para dar el siguiente paso en tu carrera?<\/span><\/span><\/h4><h3 class=\"w-text us_custom_991b091a has_text_color\"><span class=\"w-text-h\"><span class=\"w-text-value\">\u00a1\u00danete al equipazo de Antevenio!<\/span><\/span><\/h3><div class=\"w-separator size_small\"><\/div><form class=\"w-form  us-field-style_1 us_custom_3859d2a3 layout_ver show_message_after_sending for_cform us_form_1\" action=\"https:\/\/www.antevenio.com\/latam\/latam\/wp-json\/wp\/v2\/pages\/2870\" method=\"post\" enctype=\"multipart\/form-data\"><div class=\"w-form-h\"><div class=\"w-form-row for_text required cols_2\">\r\n\t\t<div class=\"w-form-row-field\">\r\n\t\t\t\t\t\t<input aria-label=\"Nombre\" type=\"text\" name=\"us_form_1_text_1\" value placeholder=\"Nombre *\" data-required=\"true\" aria-required=\"true\"\/>\r\n\t\t\t<\/div>\r\n\t\t<div class=\"w-form-row-state\">Fill out this field<\/div>\r\n<\/div>\r\n<div class=\"w-form-row for_text required cols_2\">\r\n\t\t<div class=\"w-form-row-field\">\r\n\t\t\t\t\t\t<input aria-label=\"Apellidos\" type=\"text\" name=\"us_form_1_text_2\" value placeholder=\"Apellidos *\" data-required=\"true\" aria-required=\"true\"\/>\r\n\t\t\t<\/div>\r\n\t\t<div class=\"w-form-row-state\">Fill out this field<\/div>\r\n<\/div>\r\n<div class=\"w-form-row for_email required cols_2\">\r\n\t\t<div class=\"w-form-row-field\">\r\n\t\t\t\t\t\t<input aria-label=\"Email\" type=\"email\" name=\"us_form_1_email_1\" value placeholder=\"Email *\" data-required=\"true\" aria-required=\"true\"\/>\r\n\t\t\t<\/div>\r\n\t\t<div class=\"w-form-row-state\">Por favor, introduce una direcci\u00f3n de correo v\u00e1lida.<\/div>\r\n<\/div>\r\n<div class=\"w-form-row for_text required cols_2\">\r\n\t\t<div class=\"w-form-row-field\">\r\n\t\t\t\t\t\t<input aria-label=\"Tel\u00e9fono\" type=\"text\" name=\"us_form_1_text_3\" value placeholder=\"Tel\u00e9fono *\" data-required=\"true\" aria-required=\"true\"\/>\r\n\t\t\t<\/div>\r\n\t\t<div class=\"w-form-row-state\">Fill out this field<\/div>\r\n<\/div>\r\n<div class=\"w-form-row for_file has_label\">\r\n\t\t\t<div class=\"w-form-row-label\">\r\n\t\t\t<span>Comp\u00e1rtenos tu CV<\/span>\r\n\t\t<\/div>\r\n\t\t<div class=\"w-form-row-field\">\r\n\t\t\t\t\t\t<input aria-label=\"Comp\u00e1rtenos tu CV\" type=\"file\" name=\"us_form_1_file_1\" accept=\".pdf,.jpg,.jpeg,image\" data-std=\"10MB\" data-max_size=\"10\"\/>\r\n\t\t\t<\/div>\r\n\t\t\t<div class=\"w-form-row-description\">\r\n\t\t\tSubir\t\t<\/div>\r\n\t\t<div class=\"w-form-row-state\">Fill out this field<\/div>\r\n<\/div>\r\n<input type=\"hidden\" name=\"action\" value=\"us_ajax_cform\" \/>\r\n<input type=\"hidden\" name=\"post_id\" value=\"0\" \/>\r\n<input type=\"hidden\" name=\"form_index\" value=\"1\" \/>\r\n<div class=\"w-form-row for_submit align_none\">\r\n\t<button class=\"w-btn  us-btn-style_2\" aria-label=\"Enviar\" type=\"submit\">\r\n\t\t<span class=\"g-preloader type_1\"><\/span>\r\n\t\t\t\t<span class=\"w-btn-label\">Enviar<\/span>\r\n\t\t\t<\/button>\r\n\t<\/div>\r\n<\/div><div class=\"w-form-message\"><\/div><div class=\"w-form-json hidden\" onclick='return {&quot;ajaxurl&quot;:&quot;https:\\\/\\\/www.antevenio.com\\\/latam\\\/wp-admin\\\/admin-ajax.php&quot;,&quot;messages&quot;:{&quot;err_empty&quot;:&quot;Fill out this field&quot;,&quot;err_size&quot;:&quot;File size cannot exceed %s MB&quot;,&quot;err_extension&quot;:&quot;%s file type is not allowed&quot;,&quot;err_recaptcha_keys&quot;:&quot;reCAPTCHA keys are incorrect&quot;}}'><\/div><\/form><\/div><\/div><\/div><\/div><\/div><\/section><section class=\"l-section wpb_row us_custom_aef6c71e hide_on_mobiles height_auto\"><div class=\"l-section-h i-cf\"><div class=\"g-cols vc_row via_grid cols_1 laptops-cols_inherit tablets-cols_inherit mobiles-cols_1 valign_top type_default stacking_default\"><div class=\"wpb_column vc_column_container\"><div class=\"vc_column-inner\"><div class=\"w-hwrapper us_custom_ab552392 valign_bottom align_none\"><div class=\"w-vwrapper align_none valign_top\"><div class=\"w-image us_custom_749f02ea align_none\"><div class=\"w-image-h\"><img decoding=\"async\" width=\"287\" height=\"500\" src=\"https:\/\/www.antevenio.com\/latam\/wp-content\/uploads\/planta-1-1-287x500.png\" class=\"attachment-us_500_500 size-us_500_500\" alt=\"\" loading=\"lazy\" srcset=\"https:\/\/www.antevenio.com\/latam\/wp-content\/uploads\/planta-1-1-287x500.png 287w, https:\/\/www.antevenio.com\/latam\/wp-content\/uploads\/planta-1-1-172x300.png 172w, https:\/\/www.antevenio.com\/latam\/wp-content\/uploads\/planta-1-1-587x1024.png 587w, https:\/\/www.antevenio.com\/latam\/wp-content\/uploads\/planta-1-1-72x125.png 72w, https:\/\/www.antevenio.com\/latam\/wp-content\/uploads\/planta-1-1-229x400.png 229w, https:\/\/www.antevenio.com\/latam\/wp-content\/uploads\/planta-1-1.png 834w\" sizes=\"auto, (max-width: 287px) 100vw, 287px\" \/><\/div><\/div><\/div><div class=\"w-vwrapper align_none valign_bottom\"><div class=\"w-image us_custom_6f841ae1 align_none\"><div class=\"w-image-h\"><img decoding=\"async\" width=\"192\" height=\"300\" src=\"https:\/\/www.antevenio.com\/latam\/wp-content\/uploads\/planta-2-2-192x300.png\" class=\"attachment-medium size-medium\" alt=\"\" loading=\"lazy\" srcset=\"https:\/\/www.antevenio.com\/latam\/wp-content\/uploads\/planta-2-2-192x300.png 192w, https:\/\/www.antevenio.com\/latam\/wp-content\/uploads\/planta-2-2-320x500.png 320w, https:\/\/www.antevenio.com\/latam\/wp-content\/uploads\/planta-2-2-80x125.png 80w, https:\/\/www.antevenio.com\/latam\/wp-content\/uploads\/planta-2-2-256x400.png 256w, https:\/\/www.antevenio.com\/latam\/wp-content\/uploads\/planta-2-2.png 589w\" sizes=\"auto, (max-width: 192px) 100vw, 192px\" \/><\/div><\/div><\/div><\/div><\/div><\/div><\/div><\/div><\/section><section class=\"l-section wpb_row us_custom_3188818e height_auto\"><div class=\"l-section-h i-cf\"><div class=\"g-cols vc_row via_grid cols_1 laptops-cols_inherit tablets-cols_inherit mobiles-cols_1 valign_top type_default stacking_default\"><div class=\"wpb_column vc_column_container us_custom_eecd5a9b\"><div class=\"vc_column-inner\"><div class=\"g-cols wpb_row us_custom_ed99d45a via_grid cols_2 laptops-cols_inherit tablets-cols_3-2 mobiles-cols_1 valign_top type_default stacking_default\" style=\"--columns-gap:25px;\"><div class=\"wpb_column vc_column_container us_custom_eb849559\"><div class=\"vc_column-inner\"><div class=\"wpb_text_column us_custom_839b2222 has_text_color\"><div class=\"wpb_wrapper\"><h4 style=\"text-align: center;\">Email<\/h4>\n<\/div><\/div><div class=\"wpb_text_column us_custom_839b2222 has_text_color\"><div class=\"wpb_wrapper\"><h4 style=\"text-align: center;\"><a style=\"color: #000000;\" href=\"mailto:info@antevenio.com\">info@antevenio.com<\/a><\/h4>\n<\/div><\/div><\/div><\/div><div class=\"wpb_column vc_column_container us_custom_eb849559\"><div class=\"vc_column-inner\"><div class=\"wpb_text_column us_custom_ac4aad56 has_text_color\"><div class=\"wpb_wrapper\"><h4 style=\"text-align: center;\">Redes Sociales<\/h4>\n<\/div><\/div><div class=\"w-socials us_custom_eb849559 color_brand shape_circle style_colored hover_fade\"><div class=\"w-socials-list\"><div class=\"w-socials-item linkedin\"><a href=\"https:\/\/www.linkedin.com\/company\/antevenio\/\" class=\"w-socials-item-link\" aria-label=\"LinkedIn\"><span class=\"w-socials-item-link-hover\"><\/span><i class=\"fab fa-linkedin\"><\/i><\/a><div class=\"w-socials-item-popup\"><span>LinkedIn<\/span><\/div><\/div><\/div><\/div><\/div><\/div><\/div><div class=\"w-separator size_huge\"><\/div><h3 class=\"w-text us_custom_991b091a has_text_color\"><span class=\"w-text-h\"><span class=\"w-text-value\">Oficinas<\/span><\/span><\/h3><div class=\"w-separator size_medium\"><\/div><div class=\"g-cols wpb_row us_custom_9bc8b363 us_animate_this via_grid cols_3 laptops-cols_inherit tablets-cols_3-2 mobiles-cols_1 valign_top type_default stacking_default\" style=\"--columns-gap:25px;\"><div class=\"wpb_column vc_column_container\"><div class=\"vc_column-inner\"><div class=\"wpb_text_column us_custom_9b82266f has_text_color\"><div class=\"wpb_wrapper\"><h4>M\u00e9xico<\/h4>\n<\/div><\/div><div class=\"wpb_text_column us_custom_98e5af50\"><div class=\"wpb_wrapper\"><p class=\"p1\">Parral No. 41, Col. Condesa<br \/>\nC.P.06140 &#8211; CDMX<br \/>\n+52 55 1196 2611<\/p>\n<\/div><\/div><\/div><\/div><div class=\"wpb_column vc_column_container\"><div class=\"vc_column-inner\"><div class=\"wpb_text_column us_custom_9b82266f has_text_color\"><div class=\"wpb_wrapper\"><h4>Bogot\u00e1<\/h4>\n<\/div><\/div><div class=\"wpb_text_column us_custom_98e5af50\"><div class=\"wpb_wrapper\"><p><span class=\"OYPEnA font-feature-liga-off font-feature-clig-off font-feature-calt-off text-decoration-none text-strikethrough-none\">Edificio Uni\u00f3n 94,<br \/>\nKr 13 # 94 A-26 Of. 601, Chapinero,<br \/>\nBogot\u00e1, Cundinamarca,<br \/>\nColombia<\/span><\/p>\n<\/div><\/div><\/div><\/div><div class=\"wpb_column vc_column_container\"><div class=\"vc_column-inner\"><div class=\"wpb_text_column us_custom_9b82266f has_text_color\"><div class=\"wpb_wrapper\"><h4>Santiago de Chile<\/h4>\n<\/div><\/div><div class=\"wpb_text_column us_custom_98e5af50\"><div class=\"wpb_wrapper\"><p>Av. Apoquindo 5950,<br \/>\nPiso 8, 756949<br \/>\nLas Condes &#8211;<br \/>\nRegi\u00f3n Metropolitana<br \/>\n+56 9 96799275<\/p>\n<\/div><\/div><\/div><\/div><\/div><\/div><\/div><div class=\"wpb_column vc_column_container\"><div class=\"vc_column-inner\"><\/div><\/div><\/div><\/div><\/section>\n","protected":false},"excerpt":{"rendered":"Trabaja con nosotros\u00bfListo para dar el siguiente paso en tu carrera?\u00a1\u00danete al equipazo de Antevenio! Fill out this field Fill out this field Por favor, introduce una direcci\u00f3n de correo v\u00e1lida. Fill out this field Comp\u00e1rtenos tu CV Subir Fill out this field Enviar Email info@antevenio.com Redes Sociales LinkedInOficinas M\u00e9xico Parral No. 41, Col. Condesa...","protected":false},"author":1,"featured_media":0,"parent":0,"menu_order":0,"comment_status":"closed","ping_status":"closed","template":"","meta":{"footnotes":""},"class_list":["post-2870","page","type-page","status-publish","hentry"],"_links":{"self":[{"href":"https:\/\/www.antevenio.com\/latam\/wp-json\/wp\/v2\/pages\/2870","targetHints":{"allow":["GET"]}}],"collection":[{"href":"https:\/\/www.antevenio.com\/latam\/wp-json\/wp\/v2\/pages"}],"about":[{"href":"https:\/\/www.antevenio.com\/latam\/wp-json\/wp\/v2\/types\/page"}],"author":[{"embeddable":true,"href":"https:\/\/www.antevenio.com\/latam\/wp-json\/wp\/v2\/users\/1"}],"replies":[{"embeddable":true,"href":"https:\/\/www.antevenio.com\/latam\/wp-json\/wp\/v2\/comments?post=2870"}],"version-history":[{"count":100,"href":"https:\/\/www.antevenio.com\/latam\/wp-json\/wp\/v2\/pages\/2870\/revisions"}],"predecessor-version":[{"id":3881,"href":"https:\/\/www.antevenio.com\/latam\/wp-json\/wp\/v2\/pages\/2870\/revisions\/3881"}],"wp:attachment":[{"href":"https:\/\/www.antevenio.com\/latam\/wp-json\/wp\/v2\/media?parent=2870"}],"curies":[{"name":"wp","href":"https:\/\/api.w.org\/{rel}","templated":true}]}}