{"id":1871,"date":"2025-01-08T19:31:36","date_gmt":"2025-01-08T19:31:36","guid":{"rendered":"https:\/\/www.antevenio.com\/latam\/?page_id=1871"},"modified":"2025-10-22T19:15:32","modified_gmt":"2025-10-22T19:15:32","slug":"stream-performance","status":"publish","type":"page","link":"https:\/\/www.antevenio.com\/latam\/stream-performance\/","title":{"rendered":"Stream Performance"},"content":{"rendered":"<section class=\"l-section wpb_row height_auto width_full\"><div class=\"l-section-h i-cf\"><div class=\"g-cols vc_row via_grid cols_1 laptops-cols_inherit tablets-cols_inherit mobiles-cols_1 valign_top type_default stacking_default\"><div class=\"wpb_column vc_column_container\"><div class=\"vc_column-inner\"><div class=\"w-hwrapper us_custom_5608f63e valign_middle align_center\" style=\"--hwrapper-gap:0rem\"><div class=\"w-vwrapper us_custom_abec1d48 has_text_color align_none valign_bottom\" style=\"--vwrapper-gap:4rem\"><h2 class=\"w-text us_custom_08f62582 has_text_color\" id=\"AntevenioTitle\"><span class=\"w-text-h\"><span class=\"w-text-value\">Stream Performance<\/span><\/span><\/h2><\/div><\/div><\/div><\/div><\/div><\/div><\/section><section class=\"l-section wpb_row hide_on_mobiles height_auto width_full\"><div class=\"l-section-h i-cf\"><div class=\"g-cols vc_row via_grid cols_1-3 laptops-cols_inherit tablets-cols_inherit mobiles-cols_1 valign_top type_default stacking_default\"><div class=\"wpb_column vc_column_container\"><div class=\"vc_column-inner\"><div class=\"w-hwrapper us_custom_666e7859 valign_top align_none\" style=\"--hwrapper-gap:0rem\"><div class=\"w-image align_none\"><div class=\"w-image-h\"><img decoding=\"async\" width=\"670\" height=\"870\" src=\"https:\/\/www.antevenio.com\/latam\/wp-content\/uploads\/stream-performance.jpg\" class=\"attachment-full size-full\" alt=\"Stream Performance\" loading=\"lazy\" srcset=\"https:\/\/www.antevenio.com\/latam\/wp-content\/uploads\/stream-performance.jpg 670w, https:\/\/www.antevenio.com\/latam\/wp-content\/uploads\/stream-performance-231x300.jpg 231w, https:\/\/www.antevenio.com\/latam\/wp-content\/uploads\/stream-performance-385x500.jpg 385w, https:\/\/www.antevenio.com\/latam\/wp-content\/uploads\/stream-performance-96x125.jpg 96w, https:\/\/www.antevenio.com\/latam\/wp-content\/uploads\/stream-performance-308x400.jpg 308w\" sizes=\"auto, (max-width: 670px) 100vw, 670px\" \/><\/div><\/div><\/div><\/div><\/div><div class=\"wpb_column vc_column_container us_custom_506e546b\"><div class=\"vc_column-inner\"><div class=\"w-hwrapper valign_middle align_none\"><div class=\"w-vwrapper us_custom_85c0fda0 align_none valign_middle\"><h2 class=\"w-text us_custom_c4b61bbd has_text_color hide_on_mobiles\"><span class=\"w-text-h\"><span class=\"w-text-value\">Aprovecha el poder del live streaming<\/span><\/span><\/h2><div class=\"wpb_text_column us_custom_f637d65d\"><div class=\"wpb_wrapper\"><p><span class=\"a_GcMg font-feature-liga-off font-feature-clig-off font-feature-calt-off text-decoration-none text-strikethrough-none\">Conecta con comunidades profundamente involucradas en el gaming online. La clave del \u00e9xito en el entorno del stream online: presencia relevante, org\u00e1nica y bien posicionada.\u00a0<\/span><\/p>\n<\/div><\/div><\/div><\/div><\/div><\/div><\/div><\/div><\/section><section class=\"l-section wpb_row hide_on_default hide_on_laptops hide_on_tablets height_auto width_full\"><div class=\"l-section-h i-cf\"><div class=\"g-cols vc_row via_grid cols_1-3 laptops-cols_inherit tablets-cols_inherit mobiles-cols_1 valign_top type_default stacking_default\"><div class=\"wpb_column vc_column_container hide_on_default hide_on_laptops hide_on_tablets hide_on_mobiles\"><div class=\"vc_column-inner\"><div class=\"w-hwrapper us_custom_666e7859 valign_top align_none\" style=\"--hwrapper-gap:0rem\"><\/div><\/div><\/div><div class=\"wpb_column vc_column_container\"><div class=\"vc_column-inner\"><div class=\"w-separator size_small\"><\/div><div class=\"w-hwrapper valign_top align_none\"><div class=\"w-vwrapper us_custom_85c0fda0 align_none valign_top\"><h2 class=\"w-text us_custom_385306dc has_text_color hide_on_default hide_on_laptops hide_on_tablets\"><span class=\"w-text-h\"><span class=\"w-text-value\">Aprovecha el poder del live streaming<\/span><\/span><\/h2><div class=\"wpb_text_column us_custom_364eaaa2\"><div class=\"wpb_wrapper\"><p><span class=\"a_GcMg font-feature-liga-off font-feature-clig-off font-feature-calt-off text-decoration-none text-strikethrough-none\">Conecta con comunidades profundamente involucradas en el gaming online. La clave del \u00e9xito en el entorno del stream online: presencia relevante, org\u00e1nica y bien posicionada.<\/span><\/p>\n<\/div><\/div><\/div><\/div><div class=\"w-separator size_medium\"><\/div><\/div><\/div><\/div><\/div><\/section><section class=\"l-section wpb_row height_auto width_full\"><div class=\"l-section-h i-cf\"><div class=\"g-cols vc_row via_grid cols_1 laptops-cols_inherit tablets-cols_inherit mobiles-cols_1 valign_top type_default stacking_default\"><div class=\"wpb_column vc_column_container\"><div class=\"vc_column-inner\"><div class=\"w-separator hide_on_tablets hide_on_mobiles size_large\"><\/div><div class=\"w-hwrapper valign_top align_center\" style=\"--hwrapper-gap:1.4rem\">[vc_raw_html]JTNDZGl2JTIwY2xhc3MlM0QlMjJzdHJlYW1pbmctc2VjdGlvbiUyMiUzRSUwRCUwQSUyMCUyMCUwRCUwQSUyMCUyMCUzQyUyMS0tJTIwVGFyamV0YSUyMDElMjAtLSUzRSUwRCUwQSUyMCUyMCUzQ2RpdiUyMGNsYXNzJTNEJTIyc3RyZWFtaW5nLWNhcmQlMjIlM0UlMEQlMEElMjAlMjAlMjAlMjAlM0NkaXYlMjBjbGFzcyUzRCUyMnN0cmVhbWluZy1pY29uJTIyJTNFJTBEJTBBJTIwJTIwJTIwJTIwJTIwJTIwJTNDaW1nJTIwc3JjJTNEJTIyaHR0cHMlM0ElMkYlMkZ3d3cuYW50ZXZlbmlvLmNvbSUyRmxhdGFtJTJGd3AtY29udGVudCUyRnVwbG9hZHMlMkZzdHJlYW0taWNvbm8xLnBuZyUyMiUyMGFsdCUzRCUyMkljb25vJTIwMSUyMiUzRSUwRCUwQSUyMCUyMCUyMCUyMCUzQyUyRmRpdiUzRSUwRCUwQSUyMCUyMCUyMCUyMCUzQ3AlM0UlMEQlMEElMjAlMjAlMjAlMjAlMjAlMjBOdWVzdHJvJTIwc2VydmljaW8lMjBzZSUyMGVuZm9jYSUyMGVuJTIwZ2VuZXJhciUyMGV4cGVyaWVuY2lhcyUyMGF1dCVDMyVBOW50aWNhcyUyMHklMjBlZmVjdGl2YXMlMjBkZW50cm8lMjBkZSUyMHBsYXRhZm9ybWFzJTIwZGUlMjBzdHJlYW1pbmclMkMlMjBkb25kZSUyMGVsJTIwdXN1YXJpbyUyMG5vJTIwc29sbyUyMGNvbnN1bWUlMjBjb250ZW5pZG8lMkMlMjBzaW5vJTIwcXVlJTIwaW50ZXJhY3QlQzMlQkFhJTIwYWN0aXZhbWVudGUlMjBjb24lMjAlQzMlQTlsLiUwRCUwQSUyMCUyMCUyMCUyMCUzQyUyRnAlM0UlMEQlMEElMjAlMjAlM0MlMkZkaXYlM0UlMEQlMEElMEQlMEElMjAlMjAlM0MlMjEtLSUyMFRhcmpldGElMjAyJTIwLS0lM0UlMEQlMEElMjAlMjAlM0NkaXYlMjBjbGFzcyUzRCUyMnN0cmVhbWluZy1jYXJkJTIyJTNFJTBEJTBBJTIwJTIwJTIwJTIwJTNDZGl2JTIwY2xhc3MlM0QlMjJzdHJlYW1pbmctaWNvbiUyMiUzRSUwRCUwQSUyMCUyMCUyMCUyMCUyMCUyMCUzQ2ltZyUyMHNyYyUzRCUyMmh0dHBzJTNBJTJGJTJGd3d3LmFudGV2ZW5pby5jb20lMkZsYXRhbSUyRndwLWNvbnRlbnQlMkZ1cGxvYWRzJTJGc3RyZWFtLWljb25vMi5wbmclMjIlMjBhbHQlM0QlMjJJY29ubyUyMDIlMjIlM0UlMEQlMEElMjAlMjAlMjAlMjAlM0MlMkZkaXYlM0UlMEQlMEElMjAlMjAlMjAlMjAlM0NwJTNFJTBEJTBBJTIwJTIwJTIwJTIwJTIwJTIwQ29uJTIwbnVlc3RybyUyMGVuZm9xdWUlMkMlMjBsbGV2YW1vcyUyMHR1JTIwbWVuc2FqZSUyMGRpcmVjdGFtZW50ZSUyMGFsJTIwY29yYXolQzMlQjNuJTIwZGUlMjBsYXMlMjBjb211bmlkYWRlcyUyQyUyMGNvbiUyMGVzdHJhdGVnaWFzJTIwYXZhbnphZGFzJTIwZGUlMjBzdHJlYW1pbmclMjBtYXJrZXRpbmclMkMlMjBsb2dyYW5kbyUyMGNhbXBhJUMzJUIxYXMlMjBxdWUlMjBubyUyMGludGVycnVtcGVuJTJDJTIwc2lubyUyMHF1ZSUyMHN1bWFuJTIwdmFsb3IuJTBEJTBBJTIwJTIwJTIwJTIwJTNDJTJGcCUzRSUwRCUwQSUyMCUyMCUzQyUyRmRpdiUzRSUwRCUwQSUwRCUwQSUzQyUyRmRpdiUzRSUwRCUwQSUwRCUwQSUzQ3N0eWxlJTNFJTBEJTBBJTJGJTJBJTIwQ29udGVuZWRvciUyMGdlbmVyYWwlMjAlMkElMkYlMEQlMEEuc3RyZWFtaW5nLXNlY3Rpb24lMjAlN0IlMEQlMEElMjAlMjBkaXNwbGF5JTNBJTIwZmxleCUzQiUwRCUwQSUyMCUyMGdhcCUzQSUyMDUwcHglM0IlMEQlMEElMjAlMjBmbGV4LXdyYXAlM0ElMjB3cmFwJTNCJTBEJTBBJTIwJTIwanVzdGlmeS1jb250ZW50JTNBJTIwY2VudGVyJTNCJTBEJTBBJTdEJTBEJTBBJTBEJTBBJTJGJTJBJTIwVGFyamV0YXMlMjAlMkElMkYlMEQlMEEuc3RyZWFtaW5nLWNhcmQlMjAlN0IlMEQlMEElMjAlMjBwb3NpdGlvbiUzQSUyMHJlbGF0aXZlJTNCJTBEJTBBJTIwJTIwZmxleCUzQSUyMDElMjAxJTIwMzIwcHglM0IlMEQlMEElMjAlMjBtYXgtd2lkdGglM0ElMjA0MCUyNSUzQiUwRCUwQSUyMCUyMGJhY2tncm91bmQlM0ElMjAlMjMwQzAwNEYlM0IlMjAlMkYlMkElMjBNb3JhZG8lMjBzaW1pbGFyJTIwYSUyMGxhJTIwaW1hZ2VuJTIwJTJBJTJGJTBEJTBBJTIwJTIwY29sb3IlM0ElMjB3aGl0ZSUzQiUwRCUwQSUyMCUyMHBhZGRpbmclM0ElMjAxMDBweCUyMDMwcHglMjAxMDBweCUyMDMwcHglM0IlMEQlMEElMjAlMjBib3JkZXItcmFkaXVzJTNBJTIwMTVweCUzQiUwRCUwQSUyMCUyMHRleHQtYWxpZ24lM0ElMjBsZWZ0JTNCJTBEJTBBJTIwJTIwYm94LXNpemluZyUzQSUyMGJvcmRlci1ib3glM0IlMEQlMEElN0QlMEQlMEElMEQlMEElMkYlMkElMjBJY29ubyUyMGZsb3RhbnRlJTIwJTJBJTJGJTBEJTBBLnN0cmVhbWluZy1pY29uJTIwJTdCJTBEJTBBJTIwJTIwcG9zaXRpb24lM0ElMjBhYnNvbHV0ZSUzQiUwRCUwQSUyMCUyMHRvcCUzQSUyMC01NXB4JTNCJTBEJTBBJTIwJTIwbGVmdCUzQSUyMDEwMHB4JTNCJTBEJTBBJTIwJTIwYmFja2dyb3VuZCUzQSUyMHdoaXRlJTNCJTBEJTBBJTIwJTIwcGFkZGluZyUzQSUyMDRweCUzQiUwRCUwQSUyMCUyMGJvcmRlci1yYWRpdXMlM0ElMjA1MCUyNSUzQiUwRCUwQSUyMCUyMGRpc3BsYXklM0ElMjBmbGV4JTNCJTBEJTBBJTIwJTIwYWxpZ24taXRlbXMlM0ElMjBjZW50ZXIlM0IlMEQlMEElMjAlMjBqdXN0aWZ5LWNvbnRlbnQlM0ElMjBjZW50ZXIlM0IlMEQlMEElN0QlMEQlMEElMEQlMEEuc3RyZWFtaW5nLWljb24lMjBpbWclMjAlN0IlMEQlMEElMjAlMjB3aWR0aCUzQSUyMDEwMHB4JTNCJTBEJTBBJTIwJTIwaGVpZ2h0JTNBJTIwMTAwcHglM0IlMEQlMEElN0QlMEQlMEElMEQlMEElMkYlMkElMjBUZXh0byUyMCUyQSUyRiUwRCUwQS5zdHJlYW1pbmctY2FyZCUyMHAlMjAlN0IlMEQlMEElMjAlMjBmb250LXNpemUlM0ElMjAxLjNyZW0lM0IlMEQlMEElMjAlMjBsaW5lLWhlaWdodCUzQSUyMDEuNXJlbSUzQiUwRCUwQSU3RCUwRCUwQSUwRCUwQSUyRiUyQSUyMFJlc3BvbnNpdm8lMjAlMkElMkYlMEQlMEElNDBtZWRpYSUyMCUyOG1heC13aWR0aCUzQSUyMDY0OHB4JTI5JTIwJTdCJTBEJTBBJTIwJTIwLnN0cmVhbWluZy1zZWN0aW9uJTIwJTdCJTBEJTBBJTIwJTIwJTIwJTIwZmxleC1kaXJlY3Rpb24lM0ElMjBjb2x1bW4lM0IlMEQlMEElMjAlMjAlMjAlMjBhbGlnbi1pdGVtcyUzQSUyMGNlbnRlciUzQiUwRCUwQSUyMCUyMCU3RCUwRCUwQSUyMCUyMCUwRCUwQSUyMCUyMC5zdHJlYW1pbmctY2FyZCUyMCU3QiUwRCUwQSUyMCUyMHBvc2l0aW9uJTNBJTIwcmVsYXRpdmUlM0IlMEQlMEElMjAlMjBmbGV4JTNBJTIwMSUyMDElMjA0MjBweCUzQiUwRCUwQSUyMCUyMG1heC13aWR0aCUzQSUyMDYwMHB4JTNCJTBEJTBBJTIwJTIwYmFja2dyb3VuZCUzQSUyMCUyMzBDMDA0RiUzQiUyMCUyRiUyQSUyME1vcmFkbyUyMHNpbWlsYXIlMjBhJTIwbGElMjBpbWFnZW4lMjAlMkElMkYlMEQlMEElMjAlMjBjb2xvciUzQSUyMHdoaXRlJTNCJTBEJTBBJTIwJTIwcGFkZGluZyUzQSUyMDgwcHglMjAzMHB4JTIwNDBweCUyMDMwcHglM0IlMEQlMEElMjAlMjBib3JkZXItcmFkaXVzJTNBJTIwMTVweCUzQiUwRCUwQSUyMCUyMHRleHQtYWxpZ24lM0ElMjBsZWZ0JTNCJTBEJTBBJTIwJTIwYm94LXNpemluZyUzQSUyMGJvcmRlci1ib3glM0IlMEQlMEElN0QlMEQlMEElMEQlMEEuc3RyZWFtaW5nLWljb24lMjBpbWclMjAlN0IlMEQlMEElMjAlMjB3aWR0aCUzQSUyMDgwcHglM0IlMEQlMEElMjAlMjBoZWlnaHQlM0ElMjA4MHB4JTNCJTBEJTBBJTdEJTBEJTBBJTBEJTBBLnN0cmVhbWluZy1pY29uJTIwJTdCJTBEJTBBJTIwJTIwcG9zaXRpb24lM0ElMjBhYnNvbHV0ZSUzQiUwRCUwQSUyMCUyMHRvcCUzQSUyMC0zNXB4JTNCJTBEJTBBJTIwJTIwbGVmdCUzQSUyMDEwMHB4JTNCJTBEJTBBJTIwJTIwYmFja2dyb3VuZCUzQSUyMHdoaXRlJTNCJTBEJTBBJTIwJTIwcGFkZGluZyUzQSUyMDRweCUzQiUwRCUwQSUyMCUyMGJvcmRlci1yYWRpdXMlM0ElMjA1MCUyNSUzQiUwRCUwQSUyMCUyMGRpc3BsYXklM0ElMjBmbGV4JTNCJTBEJTBBJTIwJTIwYWxpZ24taXRlbXMlM0ElMjBjZW50ZXIlM0IlMEQlMEElMjAlMjBqdXN0aWZ5LWNvbnRlbnQlM0ElMjBjZW50ZXIlM0IlMEQlMEElN0QlMEQlMEElMEQlMEElN0QlMEQlMEElM0MlMkZzdHlsZSUzRQ==[\/vc_raw_html]<\/div><\/div><\/div><\/div><\/div><\/section><section class=\"l-section wpb_row us_custom_8e09cc6b height_small width_full\"><div class=\"l-section-h i-cf\"><div class=\"g-cols vc_row via_grid cols_1 laptops-cols_inherit tablets-cols_inherit mobiles-cols_1 valign_bottom type_default stacking_default\"><div class=\"wpb_column vc_column_container us_custom_1ece3f95\"><div class=\"vc_column-inner\"><div class=\"g-cols wpb_row us_custom_7295f056 hide_on_mobiles via_grid cols_1 laptops-cols_inherit tablets-cols_2 mobiles-cols_2 valign_top type_default stacking_default\" style=\"--columns-gap:20px;\"><div class=\"wpb_column vc_column_container Margenes\"><div class=\"vc_column-inner\"><div class=\"w-content-carousel items_3 us_custom_04570ec2\"><div class=\"owl-carousel valign_middle dotstyle_circle navstyle_7 navpos_outside owl-responsive-2000 with_arrows\" style=\"--items-gap:30px;--transition-duration:350ms;--arrows-size:1.5rem;\" onclick=\"return {&quot;aria_labels&quot;:{&quot;prev&quot;:&quot;Previo&quot;,&quot;next&quot;:&quot;Siguiente&quot;},&quot;autoplayContinual&quot;:false,&quot;autoplayHoverPause&quot;:false,&quot;autoplayTimeout&quot;:3000,&quot;autoWidth&quot;:false,&quot;smartSpeed&quot;:350,&quot;margin&quot;:30,&quot;mouseDrag&quot;:false,&quot;rtl&quot;:false,&quot;slideBy&quot;:&quot;1&quot;,&quot;touchDrag&quot;:false,&quot;slideTransition&quot;:&quot;&quot;,&quot;responsive&quot;:{&quot;0&quot;:{&quot;autoHeight&quot;:false,&quot;autoplay&quot;:false,&quot;autoWidth&quot;:false,&quot;center&quot;:false,&quot;dots&quot;:false,&quot;items&quot;:3,&quot;loop&quot;:false,&quot;nav&quot;:false,&quot;stagePadding&quot;:0,&quot;slideBy&quot;:&quot;1&quot;},&quot;1381&quot;:{&quot;autoHeight&quot;:false,&quot;autoplay&quot;:false,&quot;autoWidth&quot;:false,&quot;center&quot;:false,&quot;dots&quot;:false,&quot;items&quot;:3,&quot;loop&quot;:false,&quot;nav&quot;:true,&quot;stagePadding&quot;:0}}}\"><div class=\"w-vwrapper us_custom_4a97ba86 has_text_color align_none valign_top\"><div class=\"w-image us_custom_0f3e3751 align_none\"><div class=\"w-image-h\"><img decoding=\"async\" width=\"840\" height=\"788\" src=\"https:\/\/www.antevenio.com\/latam\/wp-content\/uploads\/comunicate-con-tus-clientes.jpg\" class=\"attachment-full size-full\" alt=\"Stream Performance comunicaci\u00f3n con clientes\" loading=\"lazy\" srcset=\"https:\/\/www.antevenio.com\/latam\/wp-content\/uploads\/comunicate-con-tus-clientes.jpg 840w, https:\/\/www.antevenio.com\/latam\/wp-content\/uploads\/comunicate-con-tus-clientes-300x281.jpg 300w, https:\/\/www.antevenio.com\/latam\/wp-content\/uploads\/comunicate-con-tus-clientes-500x469.jpg 500w, https:\/\/www.antevenio.com\/latam\/wp-content\/uploads\/comunicate-con-tus-clientes-125x117.jpg 125w, https:\/\/www.antevenio.com\/latam\/wp-content\/uploads\/comunicate-con-tus-clientes-426x400.jpg 426w, https:\/\/www.antevenio.com\/latam\/wp-content\/uploads\/comunicate-con-tus-clientes-533x500.jpg 533w\" sizes=\"auto, (max-width: 840px) 100vw, 840px\" \/><\/div><\/div><div class=\"w-text us_custom_35bb0b0b has_text_color\"><span class=\"w-text-h\"><span class=\"w-text-value\">Muestra tus contenidos, dentro de la transmisi\u00f3n en vivo de los streamers a los que sigue tu audiencia.<\/span><\/span><\/div><\/div><div class=\"w-vwrapper us_custom_4a97ba86 has_text_color align_none valign_top\"><div class=\"w-image us_custom_0f3e3751 align_none\"><div class=\"w-image-h\"><img decoding=\"async\" width=\"840\" height=\"788\" src=\"https:\/\/www.antevenio.com\/latam\/wp-content\/uploads\/comunicate-con-tus-clientes-1.jpg\" class=\"attachment-full size-full\" alt=\"Stream Performance comunicaci\u00f3n con clientes\" loading=\"lazy\" srcset=\"https:\/\/www.antevenio.com\/latam\/wp-content\/uploads\/comunicate-con-tus-clientes-1.jpg 840w, https:\/\/www.antevenio.com\/latam\/wp-content\/uploads\/comunicate-con-tus-clientes-1-300x281.jpg 300w, https:\/\/www.antevenio.com\/latam\/wp-content\/uploads\/comunicate-con-tus-clientes-1-500x469.jpg 500w, https:\/\/www.antevenio.com\/latam\/wp-content\/uploads\/comunicate-con-tus-clientes-1-125x117.jpg 125w, https:\/\/www.antevenio.com\/latam\/wp-content\/uploads\/comunicate-con-tus-clientes-1-426x400.jpg 426w, https:\/\/www.antevenio.com\/latam\/wp-content\/uploads\/comunicate-con-tus-clientes-1-533x500.jpg 533w\" sizes=\"auto, (max-width: 840px) 100vw, 840px\" \/><\/div><\/div><div class=\"w-text us_custom_35bb0b0b has_text_color\"><span class=\"w-text-h\"><span class=\"w-text-value\">Comun\u00edcate con tus clientes de manera emp\u00e1tica, apoyando su pasi\u00f3n y formando parte de ella.<\/span><\/span><\/div><\/div><div class=\"w-vwrapper us_custom_4a97ba86 has_text_color align_none valign_top\"><div class=\"w-image us_custom_0f3e3751 align_none\"><div class=\"w-image-h\"><img decoding=\"async\" width=\"840\" height=\"788\" src=\"https:\/\/www.antevenio.com\/latam\/wp-content\/uploads\/performance-mkt.jpg\" class=\"attachment-full size-full\" alt=\"\" loading=\"lazy\" srcset=\"https:\/\/www.antevenio.com\/latam\/wp-content\/uploads\/performance-mkt.jpg 840w, https:\/\/www.antevenio.com\/latam\/wp-content\/uploads\/performance-mkt-300x281.jpg 300w, https:\/\/www.antevenio.com\/latam\/wp-content\/uploads\/performance-mkt-500x469.jpg 500w, https:\/\/www.antevenio.com\/latam\/wp-content\/uploads\/performance-mkt-125x117.jpg 125w, https:\/\/www.antevenio.com\/latam\/wp-content\/uploads\/performance-mkt-426x400.jpg 426w, https:\/\/www.antevenio.com\/latam\/wp-content\/uploads\/performance-mkt-533x500.jpg 533w\" sizes=\"auto, (max-width: 840px) 100vw, 840px\" \/><\/div><\/div><div class=\"w-text us_custom_35bb0b0b has_text_color\"><span class=\"w-text-h\"><span class=\"w-text-value\">Te presentamos la combinaci\u00f3n entre experiences y performance marketing.<\/span><\/span><\/div><\/div><\/div><\/div><\/div><\/div><\/div><\/div><\/div><\/div><\/div><\/section><section class=\"l-section wpb_row us_custom_6d8d3330 hide_on_default hide_on_laptops hide_on_tablets height_small\"><div class=\"l-section-h i-cf\"><div class=\"g-cols vc_row via_grid cols_1 laptops-cols_inherit tablets-cols_inherit mobiles-cols_1 valign_top type_default stacking_default\"><div class=\"wpb_column vc_column_container\"><div class=\"vc_column-inner\"><div class=\"g-cols wpb_row via_grid cols_custom laptops-cols_inherit tablets-cols_2 mobiles-cols_1 valign_top type_default stacking_default\" style=\"--columns-gap:25px;\"><div class=\"wpb_column vc_column_container us_custom_b6a72ce1\"><div class=\"vc_column-inner\"><div class=\"w-vwrapper us_custom_330826e5 has_text_color align_none valign_top\"><div class=\"w-image us_custom_0f3e3751 align_none\"><div class=\"w-image-h\"><img decoding=\"async\" width=\"840\" height=\"788\" src=\"https:\/\/www.antevenio.com\/latam\/wp-content\/uploads\/comunicate-con-tus-clientes.jpg\" class=\"attachment-full size-full\" alt=\"Stream Performance comunicaci\u00f3n con clientes\" loading=\"lazy\" srcset=\"https:\/\/www.antevenio.com\/latam\/wp-content\/uploads\/comunicate-con-tus-clientes.jpg 840w, https:\/\/www.antevenio.com\/latam\/wp-content\/uploads\/comunicate-con-tus-clientes-300x281.jpg 300w, https:\/\/www.antevenio.com\/latam\/wp-content\/uploads\/comunicate-con-tus-clientes-500x469.jpg 500w, https:\/\/www.antevenio.com\/latam\/wp-content\/uploads\/comunicate-con-tus-clientes-125x117.jpg 125w, https:\/\/www.antevenio.com\/latam\/wp-content\/uploads\/comunicate-con-tus-clientes-426x400.jpg 426w, https:\/\/www.antevenio.com\/latam\/wp-content\/uploads\/comunicate-con-tus-clientes-533x500.jpg 533w\" sizes=\"auto, (max-width: 840px) 100vw, 840px\" \/><\/div><\/div><div class=\"w-text us_custom_35bb0b0b has_text_color\"><span class=\"w-text-h\"><span class=\"w-text-value\">Muestra tus contenidos, dentro de la transmisi\u00f3n en vivo de los streamers a los que sigue tu audiencia.<\/span><\/span><\/div><\/div><div class=\"w-separator size_small\"><\/div><\/div><\/div><\/div><div class=\"g-cols wpb_row via_grid cols_custom laptops-cols_inherit tablets-cols_2 mobiles-cols_1 valign_top type_default stacking_default\" style=\"--columns-gap:25px;\"><div class=\"wpb_column vc_column_container us_custom_b6a72ce1\"><div class=\"vc_column-inner\"><div class=\"w-vwrapper us_custom_330826e5 has_text_color align_none valign_top\"><div class=\"w-image us_custom_0f3e3751 align_none\"><div class=\"w-image-h\"><img decoding=\"async\" width=\"840\" height=\"788\" src=\"https:\/\/www.antevenio.com\/latam\/wp-content\/uploads\/comunicate-con-tus-clientes-1.jpg\" class=\"attachment-full size-full\" alt=\"Stream Performance comunicaci\u00f3n con clientes\" loading=\"lazy\" srcset=\"https:\/\/www.antevenio.com\/latam\/wp-content\/uploads\/comunicate-con-tus-clientes-1.jpg 840w, https:\/\/www.antevenio.com\/latam\/wp-content\/uploads\/comunicate-con-tus-clientes-1-300x281.jpg 300w, https:\/\/www.antevenio.com\/latam\/wp-content\/uploads\/comunicate-con-tus-clientes-1-500x469.jpg 500w, https:\/\/www.antevenio.com\/latam\/wp-content\/uploads\/comunicate-con-tus-clientes-1-125x117.jpg 125w, https:\/\/www.antevenio.com\/latam\/wp-content\/uploads\/comunicate-con-tus-clientes-1-426x400.jpg 426w, https:\/\/www.antevenio.com\/latam\/wp-content\/uploads\/comunicate-con-tus-clientes-1-533x500.jpg 533w\" sizes=\"auto, (max-width: 840px) 100vw, 840px\" \/><\/div><\/div><div class=\"w-text us_custom_35bb0b0b has_text_color\"><span class=\"w-text-h\"><span class=\"w-text-value\">Comun\u00edcate con tus clientes de manera emp\u00e1tica, apoyando su pasi\u00f3n y formando parte de ella.<\/span><\/span><\/div><\/div><div class=\"w-separator size_small\"><\/div><\/div><\/div><\/div><div class=\"g-cols wpb_row via_grid cols_custom laptops-cols_inherit tablets-cols_2 mobiles-cols_1 valign_top type_default stacking_default\" style=\"--columns-gap:25px;\"><div class=\"wpb_column vc_column_container us_custom_b6a72ce1\"><div class=\"vc_column-inner\"><div class=\"w-vwrapper us_custom_330826e5 has_text_color align_none valign_top\"><div class=\"w-image us_custom_0f3e3751 align_none\"><div class=\"w-image-h\"><img decoding=\"async\" width=\"840\" height=\"788\" src=\"https:\/\/www.antevenio.com\/latam\/wp-content\/uploads\/performance-mkt.jpg\" class=\"attachment-full size-full\" alt=\"\" loading=\"lazy\" srcset=\"https:\/\/www.antevenio.com\/latam\/wp-content\/uploads\/performance-mkt.jpg 840w, https:\/\/www.antevenio.com\/latam\/wp-content\/uploads\/performance-mkt-300x281.jpg 300w, https:\/\/www.antevenio.com\/latam\/wp-content\/uploads\/performance-mkt-500x469.jpg 500w, https:\/\/www.antevenio.com\/latam\/wp-content\/uploads\/performance-mkt-125x117.jpg 125w, https:\/\/www.antevenio.com\/latam\/wp-content\/uploads\/performance-mkt-426x400.jpg 426w, https:\/\/www.antevenio.com\/latam\/wp-content\/uploads\/performance-mkt-533x500.jpg 533w\" sizes=\"auto, (max-width: 840px) 100vw, 840px\" \/><\/div><\/div><div class=\"w-text us_custom_35bb0b0b has_text_color\"><span class=\"w-text-h\"><span class=\"w-text-value\">Te presentamos la combinaci\u00f3n entre experiences y performance marketing.<\/span><\/span><\/div><\/div><div class=\"w-separator size_small\"><\/div><\/div><\/div><\/div><\/div><\/div><\/div><\/div><\/section><section class=\"l-section wpb_row us_custom_eb849559 height_small\"><div class=\"l-section-h i-cf\"><div class=\"g-cols vc_row via_grid cols_1 laptops-cols_inherit tablets-cols_inherit mobiles-cols_1 valign_top type_default stacking_default\"><div class=\"wpb_column vc_column_container us_custom_60e9caca us_animate_this\"><div class=\"vc_column-inner\"><h3 class=\"w-text us_custom_991b091a has_text_color\"><span class=\"w-text-h\"><span class=\"w-text-value\">Conecta con gamers en tiempo real<\/span><\/span><\/h3><div class=\"w-separator size_small\"><\/div><div class=\"w-btn-wrapper align_center\"><a class=\"w-btn us-btn-style_5 us_custom_eb849559\" id=\"BotonEmoji\" href=\"https:\/\/www.antevenio.com\/latam\/contacto\/\"><span class=\"w-btn-label\">\u00a1Colaboremos!<\/span><\/a><\/div><\/div><\/div><\/div><\/div><\/section>\n","protected":false},"excerpt":{"rendered":"Stream PerformanceAprovecha el poder del live streamingConecta con comunidades profundamente involucradas en el gaming online. La clave del \u00e9xito en el entorno del stream online: presencia relevante, org\u00e1nica y bien posicionada.\u00a0 Aprovecha el poder del live streamingConecta con comunidades profundamente involucradas en el gaming online. La clave del \u00e9xito en el entorno del stream online:...","protected":false},"author":1,"featured_media":0,"parent":0,"menu_order":0,"comment_status":"closed","ping_status":"closed","template":"","meta":{"footnotes":""},"class_list":["post-1871","page","type-page","status-publish","hentry"],"_links":{"self":[{"href":"https:\/\/www.antevenio.com\/latam\/wp-json\/wp\/v2\/pages\/1871","targetHints":{"allow":["GET"]}}],"collection":[{"href":"https:\/\/www.antevenio.com\/latam\/wp-json\/wp\/v2\/pages"}],"about":[{"href":"https:\/\/www.antevenio.com\/latam\/wp-json\/wp\/v2\/types\/page"}],"author":[{"embeddable":true,"href":"https:\/\/www.antevenio.com\/latam\/wp-json\/wp\/v2\/users\/1"}],"replies":[{"embeddable":true,"href":"https:\/\/www.antevenio.com\/latam\/wp-json\/wp\/v2\/comments?post=1871"}],"version-history":[{"count":155,"href":"https:\/\/www.antevenio.com\/latam\/wp-json\/wp\/v2\/pages\/1871\/revisions"}],"predecessor-version":[{"id":4568,"href":"https:\/\/www.antevenio.com\/latam\/wp-json\/wp\/v2\/pages\/1871\/revisions\/4568"}],"wp:attachment":[{"href":"https:\/\/www.antevenio.com\/latam\/wp-json\/wp\/v2\/media?parent=1871"}],"curies":[{"name":"wp","href":"https:\/\/api.w.org\/{rel}","templated":true}]}}