{"id":1756,"date":"2025-01-02T23:34:25","date_gmt":"2025-01-02T23:34:25","guid":{"rendered":"https:\/\/www.antevenio.com\/latam\/?page_id=1756"},"modified":"2025-11-13T05:49:19","modified_gmt":"2025-11-13T05:49:19","slug":"email-marketing","status":"publish","type":"page","link":"https:\/\/www.antevenio.com\/latam\/email-marketing\/","title":{"rendered":"Email Marketing"},"content":{"rendered":"<section class=\"l-section wpb_row height_auto width_full\"><div class=\"l-section-h i-cf\"><div class=\"g-cols vc_row via_grid cols_1 laptops-cols_inherit tablets-cols_inherit mobiles-cols_1 valign_top type_default stacking_default\"><div class=\"wpb_column vc_column_container\"><div class=\"vc_column-inner\"><div class=\"w-hwrapper us_custom_806d60e5 valign_middle align_center\" style=\"--hwrapper-gap:0rem\"><div class=\"w-vwrapper us_custom_abec1d48 has_text_color align_none valign_bottom\" style=\"--vwrapper-gap:4rem\"><h2 class=\"w-text us_custom_08f62582 has_text_color\"><span class=\"w-text-h\"><span class=\"w-text-value\">Email Marketing<\/span><\/span><\/h2><\/div><\/div><\/div><\/div><\/div><\/div><\/section><section class=\"l-section wpb_row hide_on_mobiles height_auto width_full\"><div class=\"l-section-h i-cf\"><div class=\"g-cols vc_row via_grid cols_1-3 laptops-cols_inherit tablets-cols_inherit mobiles-cols_1 valign_top type_default stacking_default\"><div class=\"wpb_column vc_column_container\"><div class=\"vc_column-inner\"><div class=\"w-hwrapper us_custom_666e7859 valign_top align_none\" style=\"--hwrapper-gap:0rem\"><div class=\"w-image align_none\"><div class=\"w-image-h\"><img decoding=\"async\" width=\"670\" height=\"870\" src=\"https:\/\/www.antevenio.com\/latam\/wp-content\/uploads\/estrategias-de-mkt.jpg\" class=\"attachment-full size-full\" alt=\"Estrategias de marketing\" loading=\"lazy\" srcset=\"https:\/\/www.antevenio.com\/latam\/wp-content\/uploads\/estrategias-de-mkt.jpg 670w, https:\/\/www.antevenio.com\/latam\/wp-content\/uploads\/estrategias-de-mkt-231x300.jpg 231w, https:\/\/www.antevenio.com\/latam\/wp-content\/uploads\/estrategias-de-mkt-385x500.jpg 385w, https:\/\/www.antevenio.com\/latam\/wp-content\/uploads\/estrategias-de-mkt-96x125.jpg 96w, https:\/\/www.antevenio.com\/latam\/wp-content\/uploads\/estrategias-de-mkt-308x400.jpg 308w\" sizes=\"auto, (max-width: 670px) 100vw, 670px\" \/><\/div><\/div><\/div><\/div><\/div><div class=\"wpb_column vc_column_container\"><div class=\"vc_column-inner\"><div class=\"w-hwrapper valign_top align_none\"><div class=\"w-vwrapper us_custom_85c0fda0 align_none valign_top\"><h2 class=\"w-text us_custom_f64f04a0 has_text_color\"><span class=\"w-text-h\"><span class=\"w-text-value\">M\u00e1s de 3.300 millones de personas revisan su correo electr\u00f3nico a diario<\/span><\/span><\/h2><div class=\"wpb_text_column us_custom_4d3c54a2 hide_on_mobiles\"><div class=\"wpb_wrapper\"><p>A trav\u00e9s de <strong class=\"masfuerte\">campa\u00f1as de email marketing<\/strong> bien dise\u00f1adas, puedes llegar directamente a la bandeja de entrada de tus clientes potenciales, con mensajes relevantes, personalizados y en el momento justo.<\/p>\n<p>En Antevenio, ofrecemos un completo servicio de email marketing que incluye la planificaci\u00f3n, ejecuci\u00f3n y an\u00e1lisis de cada campa\u00f1a de mailing.<\/p>\n<\/div><\/div><\/div><\/div><\/div><\/div><\/div><\/div><\/section><section class=\"l-section wpb_row hide_on_default hide_on_laptops hide_on_tablets height_auto width_full\"><div class=\"l-section-h i-cf\"><div class=\"g-cols vc_row via_grid cols_3-1 laptops-cols_inherit tablets-cols_inherit mobiles-cols_1 valign_top type_default stacking_default\"><div class=\"wpb_column vc_column_container\"><div class=\"vc_column-inner\"><div class=\"w-hwrapper valign_top align_none\"><div class=\"w-vwrapper us_custom_85c0fda0 align_none valign_top\"><h3 class=\"w-text us_custom_b69fc9de has_text_color\"><span class=\"w-text-h\"><span class=\"w-text-value\">M\u00e1s de 30 millones de personas revisan su correo electr\u00f3nico a diario<\/span><\/span><\/h3><div class=\"wpb_text_column us_custom_09d3e09f\"><div class=\"wpb_wrapper\"><p>A trav\u00e9s de <strong class=\"masfuerte\">campa\u00f1as de email marketing<\/strong> bien dise\u00f1adas, puedes llegar directamente a la bandeja de entrada de tus clientes potenciales, con mensajes relevantes, personalizados y en el momento justo.<\/p>\n<p>En Antevenio, ofrecemos un completo servicio de email marketing que incluye la planificaci\u00f3n, ejecuci\u00f3n y an\u00e1lisis de cada campa\u00f1a de mailing.<\/p>\n<\/div><\/div><\/div><\/div><\/div><\/div><div class=\"wpb_column vc_column_container hide_on_mobiles\"><div class=\"vc_column-inner\"><div class=\"w-hwrapper us_custom_666e7859 valign_top align_none\" style=\"--hwrapper-gap:0rem\"><div class=\"w-image align_none\"><div class=\"w-image-h\"><img decoding=\"async\" width=\"670\" height=\"870\" src=\"https:\/\/www.antevenio.com\/latam\/wp-content\/uploads\/estrategias-de-mkt.jpg\" class=\"attachment-full size-full\" alt=\"Estrategias de marketing\" loading=\"lazy\" srcset=\"https:\/\/www.antevenio.com\/latam\/wp-content\/uploads\/estrategias-de-mkt.jpg 670w, https:\/\/www.antevenio.com\/latam\/wp-content\/uploads\/estrategias-de-mkt-231x300.jpg 231w, https:\/\/www.antevenio.com\/latam\/wp-content\/uploads\/estrategias-de-mkt-385x500.jpg 385w, https:\/\/www.antevenio.com\/latam\/wp-content\/uploads\/estrategias-de-mkt-96x125.jpg 96w, https:\/\/www.antevenio.com\/latam\/wp-content\/uploads\/estrategias-de-mkt-308x400.jpg 308w\" sizes=\"auto, (max-width: 670px) 100vw, 670px\" \/><\/div><\/div><\/div><\/div><\/div><\/div><\/div><\/section><section class=\"l-section wpb_row us_custom_c17a76fa height_small width_full\"><div class=\"l-section-h i-cf\"><div class=\"g-cols vc_row via_grid cols_3-1 laptops-cols_inherit tablets-cols_inherit mobiles-cols_1 valign_top type_default stacking_default\"><div class=\"wpb_column vc_column_container\"><div class=\"vc_column-inner\"><div class=\"w-hwrapper valign_top align_none\"><div class=\"w-vwrapper us_custom_f439eb74 align_none valign_top\"><div class=\"wpb_text_column us_custom_0f290a1e texto-vertical has_text_color\"><div class=\"wpb_wrapper\"><p><strong>Es momento de impulsar\u00a0 tu comunicaci\u00f3n directa con campa\u00f1as de publicidad en email efectivas y medibles<\/strong><\/p>\n<\/div><\/div><\/div><\/div><\/div><\/div><div class=\"wpb_column vc_column_container hide_on_mobiles\"><div class=\"vc_column-inner\"><div class=\"w-hwrapper us_custom_666e7859 valign_top align_none\" style=\"--hwrapper-gap:0rem\"><div class=\"w-image borde-esquina hide_on_mobiles align_none\"><div class=\"w-image-h\"><img decoding=\"async\" width=\"670\" height=\"800\" src=\"https:\/\/www.antevenio.com\/latam\/wp-content\/uploads\/emailmkt2-scaled-e1755020523409-670x800.jpg\" class=\"attachment-us_800_800_crop size-us_800_800_crop\" alt=\"\" loading=\"lazy\" \/><\/div><\/div><\/div><\/div><\/div><\/div><\/div><\/section><section class=\"l-section wpb_row us_custom_8e09cc6b hide_on_mobiles height_auto width_full\"><div class=\"l-section-h i-cf\"><div class=\"g-cols vc_row via_grid cols_1 laptops-cols_inherit tablets-cols_inherit mobiles-cols_1 valign_bottom type_default stacking_default\"><div class=\"wpb_column vc_column_container us_custom_da9bd1da\"><div class=\"vc_column-inner\"><div class=\"g-cols wpb_row via_grid cols_1 laptops-cols_inherit tablets-cols_2 mobiles-cols_2 valign_top type_default stacking_default\" style=\"--columns-gap:20px;\"><div class=\"wpb_column vc_column_container FlechaAntevenio\"><div class=\"vc_column-inner\"><div class=\"w-content-carousel items_2 us_custom_07ef26f5 Margenesem\"><div class=\"owl-carousel valign_middle dotstyle_circle navstyle_circle navpos_outside owl-responsive-2000\" style=\"--items-gap:30px;--transition-duration:350ms;\" onclick=\"return {&quot;aria_labels&quot;:{&quot;prev&quot;:&quot;Previo&quot;,&quot;next&quot;:&quot;Siguiente&quot;},&quot;autoplayContinual&quot;:false,&quot;autoplayHoverPause&quot;:false,&quot;autoplayTimeout&quot;:8000,&quot;autoWidth&quot;:false,&quot;smartSpeed&quot;:350,&quot;margin&quot;:30,&quot;mouseDrag&quot;:false,&quot;rtl&quot;:false,&quot;slideBy&quot;:&quot;page&quot;,&quot;touchDrag&quot;:false,&quot;slideTransition&quot;:&quot;cubic-bezier(.17,.67,.83,.67)&quot;,&quot;responsive&quot;:{&quot;0&quot;:{&quot;autoHeight&quot;:false,&quot;autoplay&quot;:false,&quot;autoWidth&quot;:false,&quot;center&quot;:false,&quot;dots&quot;:false,&quot;items&quot;:2,&quot;loop&quot;:false,&quot;nav&quot;:true,&quot;stagePadding&quot;:0,&quot;slideBy&quot;:&quot;1&quot;},&quot;1381&quot;:{&quot;autoHeight&quot;:false,&quot;autoplay&quot;:false,&quot;autoWidth&quot;:false,&quot;center&quot;:false,&quot;dots&quot;:false,&quot;items&quot;:2,&quot;loop&quot;:false,&quot;nav&quot;:false,&quot;stagePadding&quot;:0}}}\"><div class=\"w-vwrapper us_custom_1ce0ca65 has_text_color align_none valign_top\"><div class=\"w-image us_custom_81dbcac1 align_none\"><div class=\"w-image-h\"><img decoding=\"async\" width=\"800\" height=\"800\" src=\"https:\/\/www.antevenio.com\/latam\/wp-content\/uploads\/mas-de-millones-de-usuarios-800x800.jpg\" class=\"attachment-us_800_800_crop size-us_800_800_crop\" alt=\"Email marketing\" loading=\"lazy\" srcset=\"https:\/\/www.antevenio.com\/latam\/wp-content\/uploads\/mas-de-millones-de-usuarios-800x800.jpg 800w, https:\/\/www.antevenio.com\/latam\/wp-content\/uploads\/mas-de-millones-de-usuarios-150x150.jpg 150w\" sizes=\"auto, (max-width: 800px) 100vw, 800px\" \/><\/div><\/div><div class=\"wpb_text_column us_custom_1e537b97 has_text_color\"><div class=\"wpb_wrapper\"><p style=\"text-align: center;\">M\u00e1s de <span style=\"font-weight: bold;\">50 millones de usuarios<\/span> en Latinoam\u00e9rica con un crecimiento de<br \/>\n<span style=\"font-weight: bold;\">1M de nuevos<\/span> usuarios al a\u00f1o.<\/p>\n<\/div><\/div><\/div><div class=\"w-vwrapper us_custom_1ce0ca65 has_text_color align_none valign_top\"><div class=\"w-image us_custom_81dbcac1 align_none\"><div class=\"w-image-h\"><img decoding=\"async\" width=\"800\" height=\"800\" src=\"https:\/\/www.antevenio.com\/latam\/wp-content\/uploads\/segmentacion-detallada-800x800.jpg\" class=\"attachment-us_800_800_crop size-us_800_800_crop\" alt=\"Email marketing segmentaci\u00f3n audiencias\" loading=\"lazy\" srcset=\"https:\/\/www.antevenio.com\/latam\/wp-content\/uploads\/segmentacion-detallada-800x800.jpg 800w, https:\/\/www.antevenio.com\/latam\/wp-content\/uploads\/segmentacion-detallada-150x150.jpg 150w\" sizes=\"auto, (max-width: 800px) 100vw, 800px\" \/><\/div><\/div><div class=\"wpb_text_column us_custom_1e537b97 has_text_color\"><div class=\"wpb_wrapper\"><p style=\"text-align: center;\">Segmentaci\u00f3n detallada, <span style=\"font-weight: bold;\">desde datos sociodemogr\u00e1ficos<\/span> hasta preferencias espec\u00edficas.<\/p>\n<\/div><\/div><\/div><\/div><\/div><\/div><\/div><\/div><\/div><\/div><\/div><\/div><\/section><section class=\"l-section wpb_row us_custom_8e09cc6b hide_on_mobiles height_auto width_full\"><div class=\"l-section-h i-cf\"><div class=\"g-cols vc_row via_grid cols_1 laptops-cols_inherit tablets-cols_inherit mobiles-cols_1 valign_bottom type_default stacking_default\"><div class=\"wpb_column vc_column_container us_custom_da9bd1da\"><div class=\"vc_column-inner\"><div class=\"g-cols wpb_row via_grid cols_1 laptops-cols_inherit tablets-cols_2 mobiles-cols_2 valign_top type_default stacking_default\" style=\"--columns-gap:20px;\"><div class=\"wpb_column vc_column_container FlechaAntevenio\"><div class=\"vc_column-inner\"><div class=\"w-content-carousel items_2 us_custom_07ef26f5 Margenesem\"><div class=\"owl-carousel valign_middle dotstyle_circle navstyle_circle navpos_outside owl-responsive-2000\" style=\"--items-gap:30px;--transition-duration:350ms;\" onclick=\"return {&quot;aria_labels&quot;:{&quot;prev&quot;:&quot;Previo&quot;,&quot;next&quot;:&quot;Siguiente&quot;},&quot;autoplayContinual&quot;:false,&quot;autoplayHoverPause&quot;:false,&quot;autoplayTimeout&quot;:8000,&quot;autoWidth&quot;:false,&quot;smartSpeed&quot;:350,&quot;margin&quot;:30,&quot;mouseDrag&quot;:false,&quot;rtl&quot;:false,&quot;slideBy&quot;:&quot;page&quot;,&quot;touchDrag&quot;:false,&quot;slideTransition&quot;:&quot;cubic-bezier(.17,.67,.83,.67)&quot;,&quot;responsive&quot;:{&quot;0&quot;:{&quot;autoHeight&quot;:false,&quot;autoplay&quot;:false,&quot;autoWidth&quot;:false,&quot;center&quot;:false,&quot;dots&quot;:false,&quot;items&quot;:2,&quot;loop&quot;:false,&quot;nav&quot;:true,&quot;stagePadding&quot;:0,&quot;slideBy&quot;:&quot;1&quot;},&quot;1381&quot;:{&quot;autoHeight&quot;:false,&quot;autoplay&quot;:false,&quot;autoWidth&quot;:false,&quot;center&quot;:false,&quot;dots&quot;:false,&quot;items&quot;:2,&quot;loop&quot;:false,&quot;nav&quot;:false,&quot;stagePadding&quot;:0}}}\"><div class=\"w-vwrapper us_custom_1ce0ca65 has_text_color align_none valign_top\"><div class=\"w-image us_custom_81dbcac1 align_none\"><div class=\"w-image-h\"><img decoding=\"async\" width=\"800\" height=\"800\" src=\"https:\/\/www.antevenio.com\/latam\/wp-content\/uploads\/1st-party-data-800x800.png\" class=\"attachment-us_800_800_crop size-us_800_800_crop\" alt=\"1st party data\" loading=\"lazy\" srcset=\"https:\/\/www.antevenio.com\/latam\/wp-content\/uploads\/1st-party-data-800x800.png 800w, https:\/\/www.antevenio.com\/latam\/wp-content\/uploads\/1st-party-data-150x150.png 150w\" sizes=\"auto, (max-width: 800px) 100vw, 800px\" \/><\/div><\/div><div class=\"wpb_text_column us_custom_1e537b97 has_text_color\"><div class=\"wpb_wrapper\"><p style=\"text-align: center;\"><span class=\"OYPEnA font-feature-liga-off font-feature-clig-off font-feature-calt-off text-decoration-none text-strikethrough-none\">Crea tu propio 1st party data y vende de forma recurrente.<\/span><\/p>\n<\/div><\/div><\/div><div class=\"w-vwrapper us_custom_1ce0ca65 has_text_color align_none valign_top\"><div class=\"w-image us_custom_81dbcac1 align_none\"><div class=\"w-image-h\"><img decoding=\"async\" width=\"800\" height=\"800\" src=\"https:\/\/www.antevenio.com\/latam\/wp-content\/uploads\/cumplimiento-legal-800x800.png\" class=\"attachment-us_800_800_crop size-us_800_800_crop\" alt=\"Email marketing cumplimiento legal\" loading=\"lazy\" srcset=\"https:\/\/www.antevenio.com\/latam\/wp-content\/uploads\/cumplimiento-legal-800x800.png 800w, https:\/\/www.antevenio.com\/latam\/wp-content\/uploads\/cumplimiento-legal-150x150.png 150w\" sizes=\"auto, (max-width: 800px) 100vw, 800px\" \/><\/div><\/div><div class=\"wpb_text_column us_custom_1e537b97 has_text_color\"><div class=\"wpb_wrapper\"><p style=\"text-align: center;\"><span style=\"font-weight: bold;\">Completo cumplimiento<\/span> legal y mejores pr\u00e1cticas.<\/p>\n<\/div><\/div><\/div><\/div><\/div><\/div><\/div><\/div><\/div><\/div><\/div><\/div><\/section><section class=\"l-section wpb_row us_custom_cbf98221 hide_on_default hide_on_laptops hide_on_tablets height_small width_full\"><div class=\"l-section-h i-cf\"><div class=\"g-cols vc_row via_grid cols_1 laptops-cols_inherit tablets-cols_inherit mobiles-cols_1 valign_bottom type_default stacking_default\"><div class=\"wpb_column vc_column_container us_custom_1ece3f95\"><div class=\"vc_column-inner\"><div class=\"w-vwrapper us_custom_c8294649 has_text_color align_center valign_top\"><div class=\"w-image us_custom_81dbcac1 align_none\"><div class=\"w-image-h\"><img decoding=\"async\" width=\"929\" height=\"1024\" src=\"https:\/\/www.antevenio.com\/latam\/wp-content\/uploads\/mas-de-millones-de-usuarios-929x1024.jpg\" class=\"attachment-large size-large\" alt=\"Email marketing\" loading=\"lazy\" srcset=\"https:\/\/www.antevenio.com\/latam\/wp-content\/uploads\/mas-de-millones-de-usuarios-929x1024.jpg 929w, https:\/\/www.antevenio.com\/latam\/wp-content\/uploads\/mas-de-millones-de-usuarios-272x300.jpg 272w, https:\/\/www.antevenio.com\/latam\/wp-content\/uploads\/mas-de-millones-de-usuarios-454x500.jpg 454w, https:\/\/www.antevenio.com\/latam\/wp-content\/uploads\/mas-de-millones-de-usuarios-113x125.jpg 113w, https:\/\/www.antevenio.com\/latam\/wp-content\/uploads\/mas-de-millones-de-usuarios-363x400.jpg 363w, https:\/\/www.antevenio.com\/latam\/wp-content\/uploads\/mas-de-millones-de-usuarios.jpg 1203w\" sizes=\"auto, (max-width: 929px) 100vw, 929px\" \/><\/div><\/div><div class=\"wpb_text_column us_custom_7553cf5d has_text_color\"><div class=\"wpb_wrapper\"><p style=\"text-align: center;\">M\u00e1s de <span style=\"font-weight: bold;\">50 millones de usuarios<\/span> en Latinoam\u00e9rica con un crecimiento de<br \/>\n<span style=\"font-weight: bold;\">1M de nuevos<\/span> usuarios al a\u00f1o.<\/p>\n<\/div><\/div><\/div><div class=\"w-separator size_small\"><\/div><div class=\"w-vwrapper us_custom_5e8a6a95 has_text_color align_center valign_top\"><div class=\"w-image us_custom_81dbcac1 align_none\"><div class=\"w-image-h\"><img decoding=\"async\" width=\"929\" height=\"1024\" src=\"https:\/\/www.antevenio.com\/latam\/wp-content\/uploads\/segmentacion-detallada-929x1024.jpg\" class=\"attachment-large size-large\" alt=\"Email marketing segmentaci\u00f3n audiencias\" loading=\"lazy\" srcset=\"https:\/\/www.antevenio.com\/latam\/wp-content\/uploads\/segmentacion-detallada-929x1024.jpg 929w, https:\/\/www.antevenio.com\/latam\/wp-content\/uploads\/segmentacion-detallada-272x300.jpg 272w, https:\/\/www.antevenio.com\/latam\/wp-content\/uploads\/segmentacion-detallada-454x500.jpg 454w, https:\/\/www.antevenio.com\/latam\/wp-content\/uploads\/segmentacion-detallada-113x125.jpg 113w, https:\/\/www.antevenio.com\/latam\/wp-content\/uploads\/segmentacion-detallada-363x400.jpg 363w, https:\/\/www.antevenio.com\/latam\/wp-content\/uploads\/segmentacion-detallada.jpg 1203w\" sizes=\"auto, (max-width: 929px) 100vw, 929px\" \/><\/div><\/div><div class=\"wpb_text_column us_custom_ae46fd83 has_text_color\"><div class=\"wpb_wrapper\"><p style=\"text-align: center;\">Segmentaci\u00f3n detallada, <span style=\"font-weight: bold;\">desde datos sociodemogr\u00e1ficos<\/span> hasta preferencias espec\u00edficas.<\/p>\n<\/div><\/div><\/div><div class=\"w-separator size_small\"><\/div><div class=\"w-vwrapper us_custom_e0512477 has_text_color align_center valign_top\"><div class=\"w-image us_custom_81dbcac1 align_none\"><div class=\"w-image-h\"><img decoding=\"async\" width=\"929\" height=\"1024\" src=\"https:\/\/www.antevenio.com\/latam\/wp-content\/uploads\/1st-party-data.png\" class=\"attachment-large size-large\" alt=\"1st party data\" loading=\"lazy\" srcset=\"https:\/\/www.antevenio.com\/latam\/wp-content\/uploads\/1st-party-data.png 929w, https:\/\/www.antevenio.com\/latam\/wp-content\/uploads\/1st-party-data-272x300.png 272w, https:\/\/www.antevenio.com\/latam\/wp-content\/uploads\/1st-party-data-454x500.png 454w, https:\/\/www.antevenio.com\/latam\/wp-content\/uploads\/1st-party-data-113x125.png 113w, https:\/\/www.antevenio.com\/latam\/wp-content\/uploads\/1st-party-data-363x400.png 363w\" sizes=\"auto, (max-width: 929px) 100vw, 929px\" \/><\/div><\/div><div class=\"wpb_text_column us_custom_ae46fd83 has_text_color\"><div class=\"wpb_wrapper\"><p style=\"text-align: center;\"><span class=\"OYPEnA font-feature-liga-off font-feature-clig-off font-feature-calt-off text-decoration-none text-strikethrough-none\">Crea tu propio 1st party data y vende de forma recurrente.<\/span><\/p>\n<\/div><\/div><\/div><div class=\"w-separator size_small\"><\/div><div class=\"w-vwrapper us_custom_f975dcd9 has_text_color align_center valign_top\"><div class=\"w-image us_custom_81dbcac1 align_none\"><div class=\"w-image-h\"><img decoding=\"async\" width=\"929\" height=\"1024\" src=\"https:\/\/www.antevenio.com\/latam\/wp-content\/uploads\/cumplimiento-legal-929x1024.png\" class=\"attachment-large size-large\" alt=\"Email marketing cumplimiento legal\" loading=\"lazy\" srcset=\"https:\/\/www.antevenio.com\/latam\/wp-content\/uploads\/cumplimiento-legal-929x1024.png 929w, https:\/\/www.antevenio.com\/latam\/wp-content\/uploads\/cumplimiento-legal-272x300.png 272w, https:\/\/www.antevenio.com\/latam\/wp-content\/uploads\/cumplimiento-legal-454x500.png 454w, https:\/\/www.antevenio.com\/latam\/wp-content\/uploads\/cumplimiento-legal-113x125.png 113w, https:\/\/www.antevenio.com\/latam\/wp-content\/uploads\/cumplimiento-legal-363x400.png 363w, https:\/\/www.antevenio.com\/latam\/wp-content\/uploads\/cumplimiento-legal.png 1203w\" sizes=\"auto, (max-width: 929px) 100vw, 929px\" \/><\/div><\/div><div class=\"wpb_text_column us_custom_ae46fd83 has_text_color\"><div class=\"wpb_wrapper\"><p style=\"text-align: center;\"><span style=\"font-weight: bold;\">Completo cumplimiento<\/span> legal y mejores pr\u00e1cticas.<\/p>\n<\/div><\/div><\/div><\/div><\/div><\/div><\/div><\/section><section class=\"l-section wpb_row hide_on_mobiles height_small width_full\"><div class=\"l-section-h i-cf\"><div class=\"g-cols vc_row via_grid cols_1 laptops-cols_inherit tablets-cols_inherit mobiles-cols_1 valign_bottom type_default stacking_default\"><div class=\"wpb_column vc_column_container us_custom_9b245848\"><div class=\"vc_column-inner\"><div class=\"w-hwrapper us_custom_cada21d0 valign_middle align_none\"><div class=\"w-vwrapper us_custom_ba9b3973 has_text_color align_none valign_bottom\"><h2 class=\"w-text us_custom_27a92374 has_text_color\"><span class=\"w-text-h\"><span class=\"w-text-value\">Estamos asociados con las principales bases de datos de emails en todo el mundo para proporcionar un mayor alcance y consecuci\u00f3n de objetivos.<\/span><\/span><\/h2><\/div><div class=\"w-image align_right\"><div class=\"w-image-h\"><img decoding=\"async\" width=\"494\" height=\"658\" src=\"https:\/\/www.antevenio.com\/latam\/wp-content\/uploads\/2025\/01\/bases-de-datos.png\" class=\"attachment-large size-large\" alt=\"Email marketing base de datos\" loading=\"lazy\" srcset=\"https:\/\/www.antevenio.com\/latam\/wp-content\/uploads\/2025\/01\/bases-de-datos.png 494w, https:\/\/www.antevenio.com\/latam\/wp-content\/uploads\/2025\/01\/bases-de-datos-225x300.png 225w, https:\/\/www.antevenio.com\/latam\/wp-content\/uploads\/2025\/01\/bases-de-datos-375x500.png 375w, https:\/\/www.antevenio.com\/latam\/wp-content\/uploads\/2025\/01\/bases-de-datos-94x125.png 94w, https:\/\/www.antevenio.com\/latam\/wp-content\/uploads\/2025\/01\/bases-de-datos-300x400.png 300w\" sizes=\"auto, (max-width: 494px) 100vw, 494px\" \/><\/div><\/div><\/div><\/div><\/div><\/div><\/div><\/section><section class=\"l-section wpb_row us_custom_cbf98221 hide_on_default hide_on_laptops hide_on_tablets height_small width_full\"><div class=\"l-section-h i-cf\"><div class=\"g-cols vc_row via_grid cols_1 laptops-cols_inherit tablets-cols_inherit mobiles-cols_1 valign_bottom type_default stacking_default\"><div class=\"wpb_column vc_column_container\"><div class=\"vc_column-inner\"><div class=\"w-hwrapper us_custom_681a996e valign_top align_none\"><div class=\"w-vwrapper us_custom_3eb7af66 has_text_color align_center valign_top\"><h2 class=\"w-text us_custom_30861e07 has_text_color\"><span class=\"w-text-h\"><span class=\"w-text-value\">Estamos asociados con las principales bases de datos de emails en todo el mundo para proporcionar un mayor alcance y consecuci\u00f3n de objetivos.<\/span><\/span><\/h2><div class=\"w-image us_custom_4e58bf31 has_height align_right\"><div class=\"w-image-h\"><img decoding=\"async\" width=\"494\" height=\"658\" src=\"https:\/\/www.antevenio.com\/latam\/wp-content\/uploads\/2025\/01\/bases-de-datos.png\" class=\"attachment-large size-large\" alt=\"Email marketing base de datos\" loading=\"lazy\" srcset=\"https:\/\/www.antevenio.com\/latam\/wp-content\/uploads\/2025\/01\/bases-de-datos.png 494w, https:\/\/www.antevenio.com\/latam\/wp-content\/uploads\/2025\/01\/bases-de-datos-225x300.png 225w, https:\/\/www.antevenio.com\/latam\/wp-content\/uploads\/2025\/01\/bases-de-datos-375x500.png 375w, https:\/\/www.antevenio.com\/latam\/wp-content\/uploads\/2025\/01\/bases-de-datos-94x125.png 94w, https:\/\/www.antevenio.com\/latam\/wp-content\/uploads\/2025\/01\/bases-de-datos-300x400.png 300w\" sizes=\"auto, (max-width: 494px) 100vw, 494px\" \/><\/div><\/div><\/div><div class=\"w-vwrapper us_custom_b6162bcf has_text_color align_center valign_top\"><\/div><\/div><\/div><\/div><\/div><\/div><\/section><section class=\"l-section wpb_row us_custom_9508852b height_small\"><div class=\"l-section-h i-cf\"><div class=\"g-cols vc_row via_grid cols_1 laptops-cols_inherit tablets-cols_inherit mobiles-cols_1 valign_top type_default stacking_default\"><div class=\"wpb_column vc_column_container us_custom_60e9caca us_animate_this\"><div class=\"vc_column-inner\"><h3 class=\"w-text us_custom_0a203ad3 has_text_color\"><span class=\"w-text-h\"><span class=\"w-text-value\">\u00bfQuieres llegar a la bandeja de entrada de tu audiencia?<\/span><\/span><\/h3><div class=\"w-separator size_small\"><\/div><div class=\"w-btn-wrapper align_center\"><a class=\"w-btn us-btn-style_5 us_custom_eb849559\" id=\"BotonEmoji\" href=\"https:\/\/www.antevenio.com\/latam\/contacto\/\"><span class=\"w-btn-label\">\u00a1Colaboremos!<\/span><\/a><\/div><\/div><\/div><\/div><\/div><\/section>\n","protected":false},"excerpt":{"rendered":"Email MarketingM\u00e1s de 3.300 millones de personas revisan su correo electr\u00f3nico a diarioA trav\u00e9s de campa\u00f1as de email marketing bien dise\u00f1adas, puedes llegar directamente a la bandeja de entrada de tus clientes potenciales, con mensajes relevantes, personalizados y en el momento justo. En Antevenio, ofrecemos un completo servicio de email marketing que incluye la planificaci\u00f3n,...","protected":false},"author":1,"featured_media":0,"parent":0,"menu_order":0,"comment_status":"closed","ping_status":"closed","template":"","meta":{"footnotes":""},"class_list":["post-1756","page","type-page","status-publish","hentry"],"_links":{"self":[{"href":"https:\/\/www.antevenio.com\/latam\/wp-json\/wp\/v2\/pages\/1756","targetHints":{"allow":["GET"]}}],"collection":[{"href":"https:\/\/www.antevenio.com\/latam\/wp-json\/wp\/v2\/pages"}],"about":[{"href":"https:\/\/www.antevenio.com\/latam\/wp-json\/wp\/v2\/types\/page"}],"author":[{"embeddable":true,"href":"https:\/\/www.antevenio.com\/latam\/wp-json\/wp\/v2\/users\/1"}],"replies":[{"embeddable":true,"href":"https:\/\/www.antevenio.com\/latam\/wp-json\/wp\/v2\/comments?post=1756"}],"version-history":[{"count":247,"href":"https:\/\/www.antevenio.com\/latam\/wp-json\/wp\/v2\/pages\/1756\/revisions"}],"predecessor-version":[{"id":4614,"href":"https:\/\/www.antevenio.com\/latam\/wp-json\/wp\/v2\/pages\/1756\/revisions\/4614"}],"wp:attachment":[{"href":"https:\/\/www.antevenio.com\/latam\/wp-json\/wp\/v2\/media?parent=1756"}],"curies":[{"name":"wp","href":"https:\/\/api.w.org\/{rel}","templated":true}]}}