{"id":16,"date":"2022-01-10T10:06:14","date_gmt":"2022-01-10T10:06:14","guid":{"rendered":"https:\/\/impreza34.us-themes.com\/?page_id=16"},"modified":"2026-02-12T17:24:39","modified_gmt":"2026-02-12T17:24:39","slug":"contacto","status":"publish","type":"page","link":"https:\/\/www.antevenio.com\/latam\/contacto\/","title":{"rendered":"Contacto"},"content":{"rendered":"<section class=\"l-section wpb_row height_auto width_full\"><div class=\"l-section-h i-cf\"><div class=\"g-cols vc_row via_grid cols_1 laptops-cols_inherit tablets-cols_inherit mobiles-cols_1 valign_top type_default stacking_default\"><div class=\"wpb_column vc_column_container\"><div class=\"vc_column-inner\"><div class=\"w-hwrapper us_custom_de79af56 valign_middle align_center\" style=\"--hwrapper-gap:0rem\"><div class=\"w-vwrapper us_custom_abec1d48 has_text_color align_none valign_bottom\" style=\"--vwrapper-gap:4rem\"><h2 class=\"w-text us_custom_08f62582 has_text_color\"><span class=\"w-text-h\"><span class=\"w-text-value\">Contacto<\/span><\/span><\/h2><\/div><\/div><\/div><\/div><\/div><\/div><\/section><section class=\"l-section wpb_row us_custom_b71195f7 height_auto\"><div class=\"l-section-h i-cf\"><div class=\"g-cols vc_row via_grid cols_1 laptops-cols_inherit tablets-cols_inherit mobiles-cols_1 valign_top type_default stacking_default\"><div class=\"wpb_column vc_column_container\"><div class=\"vc_column-inner\"><div class=\"w-hwrapper us_custom_e87b4fbe valign_top align_none\"><div class=\"w-vwrapper us_custom_3f463e19 align_none valign_top\"><h3 class=\"w-text us_custom_8b85cf9d has_text_color\"><span class=\"w-text-h\"><span class=\"w-text-value\">\u00bfBuscas vender m\u00e1s?<\/span><\/span><\/h3><div class=\"w-separator size_small\"><\/div><div class=\"wpb_text_column us_custom_9bc8b363 us_animate_this\"><div class=\"wpb_wrapper\"><h5 class=\"p1\" style=\"text-align: center;\"><span class=\"OYPEnA font-feature-liga-off font-feature-clig-off font-feature-calt-off text-decoration-none text-strikethrough-none\">El tr\u00e1fico adecuado mejorar\u00e1 tu ROI en marketing<\/span><\/h5>\n<\/div><\/div><form class=\"w-form  us-field-style_1 us_custom_92b2762d layout_ver show_message_after_sending for_cform us_form_1\" action=\"https:\/\/www.antevenio.com\/latam\/latam\/wp-json\/wp\/v2\/pages\/16\" method=\"post\"><div class=\"w-form-h\"><div class=\"w-form-row for_text required cols_2\">\r\n\t\t<div class=\"w-form-row-field\">\r\n\t\t\t\t\t\t<input aria-label=\"Nombre\" type=\"text\" name=\"us_form_1_text_1\" value placeholder=\"Nombre *\" data-required=\"true\" aria-required=\"true\"\/>\r\n\t\t\t<\/div>\r\n\t\t<div class=\"w-form-row-state\">Fill out this field<\/div>\r\n<\/div>\r\n<div class=\"w-form-row for_text required cols_2\">\r\n\t\t<div class=\"w-form-row-field\">\r\n\t\t\t\t\t\t<input aria-label=\"Apellidos\" type=\"text\" name=\"us_form_1_text_2\" value placeholder=\"Apellidos *\" data-required=\"true\" aria-required=\"true\"\/>\r\n\t\t\t<\/div>\r\n\t\t<div class=\"w-form-row-state\">Fill out this field<\/div>\r\n<\/div>\r\n<div class=\"w-form-row for_email required cols_2\">\r\n\t\t<div class=\"w-form-row-field\">\r\n\t\t\t\t\t\t<input aria-label=\"Email\" type=\"email\" name=\"us_form_1_email_1\" value placeholder=\"Email *\" data-required=\"true\" aria-required=\"true\"\/>\r\n\t\t\t<\/div>\r\n\t\t<div class=\"w-form-row-state\">Por favor, introduce una direcci\u00f3n de correo v\u00e1lida.<\/div>\r\n<\/div>\r\n<div class=\"w-form-row for_text required cols_2\">\r\n\t\t<div class=\"w-form-row-field\">\r\n\t\t\t\t\t\t<input aria-label=\"Tel\u00e9fono\" type=\"text\" name=\"us_form_1_text_3\" value placeholder=\"Tel\u00e9fono *\" data-required=\"true\" aria-required=\"true\"\/>\r\n\t\t\t<\/div>\r\n\t\t<div class=\"w-form-row-state\">Fill out this field<\/div>\r\n<\/div>\r\n<div class=\"w-form-row for_text required cols_2\">\r\n\t\t<div class=\"w-form-row-field\">\r\n\t\t\t\t\t\t<input aria-label=\"Empresa\" type=\"text\" name=\"us_form_1_text_4\" value placeholder=\"Empresa *\" data-required=\"true\" aria-required=\"true\"\/>\r\n\t\t\t<\/div>\r\n\t\t<div class=\"w-form-row-state\">Fill out this field<\/div>\r\n<\/div>\r\n<div class=\"w-form-row for_textarea required\">\r\n\t\t<div class=\"w-form-row-field\">\r\n\t\t\t\t\t\t<textarea aria-label=\"Comentarios\" name=\"us_form_1_textarea_1\" placeholder=\"Comentarios *\" data-required=\"true\" aria-required=\"true\"><\/textarea>\r\n\t\t\t<\/div>\r\n\t\t<div class=\"w-form-row-state\">Fill out this field<\/div>\r\n<\/div>\r\n<input type=\"hidden\" name=\"action\" value=\"us_ajax_cform\" \/>\r\n<input type=\"hidden\" name=\"post_id\" value=\"0\" \/>\r\n<input type=\"hidden\" name=\"form_index\" value=\"1\" \/>\r\n<div class=\"w-form-row for_submit align_none\">\r\n\t<button class=\"w-btn  us-btn-style_2\" aria-label=\"Enviar\" type=\"submit\">\r\n\t\t<span class=\"g-preloader type_1\"><\/span>\r\n\t\t\t\t<span class=\"w-btn-label\">Enviar<\/span>\r\n\t\t\t<\/button>\r\n\t<\/div>\r\n<\/div><div class=\"w-form-message\"><\/div><div class=\"w-form-json hidden\" onclick='return {&quot;ajaxurl&quot;:&quot;https:\\\/\\\/www.antevenio.com\\\/latam\\\/wp-admin\\\/admin-ajax.php&quot;,&quot;messages&quot;:{&quot;err_empty&quot;:&quot;Fill out this field&quot;,&quot;err_size&quot;:&quot;File size cannot exceed %s MB&quot;,&quot;err_extension&quot;:&quot;%s file type is not allowed&quot;,&quot;err_recaptcha_keys&quot;:&quot;reCAPTCHA keys are incorrect&quot;}}'><\/div><\/form><\/div><\/div><\/div><\/div><\/div><\/div><\/section><section class=\"l-section wpb_row height_auto\"><div class=\"l-section-h i-cf\"><div class=\"g-cols vc_row via_grid cols_1 laptops-cols_inherit tablets-cols_inherit mobiles-cols_1 valign_top type_default stacking_default\"><div class=\"wpb_column vc_column_container us_custom_eecd5a9b\"><div class=\"vc_column-inner\"><div class=\"g-cols wpb_row us_custom_10c6fbac via_grid cols_2 laptops-cols_inherit tablets-cols_3-2 mobiles-cols_1 valign_top type_default stacking_default\" style=\"--columns-gap:25px;\"><div class=\"wpb_column vc_column_container\"><div class=\"vc_column-inner\"><div class=\"wpb_text_column us_custom_ae717678 has_text_color\"><div class=\"wpb_wrapper\"><h4 style=\"text-align: center;\">Email<\/h4>\n<\/div><\/div><div class=\"wpb_text_column us_custom_29f6d296 has_text_color\"><div class=\"wpb_wrapper\"><h4><a style=\"color: black;\" href=\"mailto:info@antevenio.com\">info@antevenio.com<\/a><\/h4>\n<\/div><\/div><\/div><\/div><div class=\"wpb_column vc_column_container\"><div class=\"vc_column-inner\"><div class=\"wpb_text_column us_custom_ae717678 has_text_color\"><div class=\"wpb_wrapper\"><h4 style=\"text-align: center;\">Redes Sociales<\/h4>\n<\/div><\/div><div class=\"w-socials us_custom_eb849559 color_brand shape_circle style_colored hover_fade\"><div class=\"w-socials-list\"><div class=\"w-socials-item linkedin\"><a href=\"https:\/\/www.linkedin.com\/company\/antevenio\/\" class=\"w-socials-item-link\" aria-label=\"LinkedIn\"><span class=\"w-socials-item-link-hover\"><\/span><i class=\"fab fa-linkedin\"><\/i><\/a><div class=\"w-socials-item-popup\"><span>LinkedIn<\/span><\/div><\/div><\/div><\/div><\/div><\/div><\/div><div class=\"w-separator size_large\"><\/div><h3 class=\"w-text us_custom_991b091a has_text_color\"><span class=\"w-text-h\"><span class=\"w-text-value\">Oficinas<\/span><\/span><\/h3><div class=\"w-separator size_large\"><\/div><div class=\"g-cols wpb_row us_custom_9bc8b363 us_animate_this via_grid cols_3 laptops-cols_inherit tablets-cols_3-2 mobiles-cols_1 valign_top type_default stacking_default\" style=\"--columns-gap:25px;\"><div class=\"wpb_column vc_column_container\"><div class=\"vc_column-inner\"><div class=\"wpb_text_column us_custom_9b82266f has_text_color\"><div class=\"wpb_wrapper\"><h4>M\u00e9xico<\/h4>\n<\/div><\/div><div class=\"wpb_text_column us_custom_98e5af50\"><div class=\"wpb_wrapper\"><p class=\"p1\">Parral No. 41, Col. Condesa<br \/>\nC.P.06140 &#8211; CDMX<br \/>\n+52 55 1196 2611<\/p>\n<\/div><\/div><\/div><\/div><div class=\"wpb_column vc_column_container\"><div class=\"vc_column-inner\"><div class=\"wpb_text_column us_custom_9b82266f has_text_color\"><div class=\"wpb_wrapper\"><h4>Bogot\u00e1<\/h4>\n<\/div><\/div><div class=\"wpb_text_column us_custom_98e5af50\"><div class=\"wpb_wrapper\"><p><span class=\"OYPEnA font-feature-liga-off font-feature-clig-off font-feature-calt-off text-decoration-none text-strikethrough-none\">Edificio Uni\u00f3n 94,<br \/>\nKr 13 # 94 A-26 Of. 601, Chapinero,<br \/>\nBogot\u00e1, Cundinamarca,<br \/>\nColombia<\/span><\/p>\n<\/div><\/div><\/div><\/div><div class=\"wpb_column vc_column_container\"><div class=\"vc_column-inner\"><div class=\"wpb_text_column us_custom_9b82266f has_text_color\"><div class=\"wpb_wrapper\"><h4>Santiago de Chile<\/h4>\n<\/div><\/div><div class=\"wpb_text_column us_custom_98e5af50\"><div class=\"wpb_wrapper\"><p>Av. Apoquindo 5950,<br \/>\nPiso 8, 756949<br \/>\nLas Condes &#8211;<br \/>\nRegi\u00f3n Metropolitana<br \/>\n+56 9 96799275<\/p>\n<\/div><\/div><\/div><\/div><\/div><\/div><\/div><\/div><\/div><\/section>\n","protected":false},"excerpt":{"rendered":"Contacto\u00bfBuscas vender m\u00e1s?El tr\u00e1fico adecuado mejorar\u00e1 tu ROI en marketing Fill out this field Fill out this field Por favor, introduce una direcci\u00f3n de correo v\u00e1lida. Fill out this field Fill out this field Fill out this field Enviar Email info@antevenio.com Redes Sociales LinkedInOficinasM\u00e9xico Parral No. 41, Col. Condesa C.P.06140 &#8211; CDMX +52 55 1196...","protected":false},"author":1,"featured_media":0,"parent":0,"menu_order":0,"comment_status":"closed","ping_status":"closed","template":"","meta":{"footnotes":""},"class_list":["post-16","page","type-page","status-publish","hentry"],"_links":{"self":[{"href":"https:\/\/www.antevenio.com\/latam\/wp-json\/wp\/v2\/pages\/16","targetHints":{"allow":["GET"]}}],"collection":[{"href":"https:\/\/www.antevenio.com\/latam\/wp-json\/wp\/v2\/pages"}],"about":[{"href":"https:\/\/www.antevenio.com\/latam\/wp-json\/wp\/v2\/types\/page"}],"author":[{"embeddable":true,"href":"https:\/\/www.antevenio.com\/latam\/wp-json\/wp\/v2\/users\/1"}],"replies":[{"embeddable":true,"href":"https:\/\/www.antevenio.com\/latam\/wp-json\/wp\/v2\/comments?post=16"}],"version-history":[{"count":128,"href":"https:\/\/www.antevenio.com\/latam\/wp-json\/wp\/v2\/pages\/16\/revisions"}],"predecessor-version":[{"id":4671,"href":"https:\/\/www.antevenio.com\/latam\/wp-json\/wp\/v2\/pages\/16\/revisions\/4671"}],"wp:attachment":[{"href":"https:\/\/www.antevenio.com\/latam\/wp-json\/wp\/v2\/media?parent=16"}],"curies":[{"name":"wp","href":"https:\/\/api.w.org\/{rel}","templated":true}]}}