{"id":8577,"date":"2015-05-18T21:57:50","date_gmt":"2015-05-18T19:57:50","guid":{"rendered":"http:\/\/www.antevenio.it\/?page_id=8577"},"modified":"2020-05-22T13:14:35","modified_gmt":"2020-05-22T11:14:35","slug":"giunta-generale-degli-azionisti-2015","status":"publish","type":"page","link":"https:\/\/www.antevenio.com\/it\/azionisti-e-investitori\/giunta-generale-degli-azionisti-2015\/","title":{"rendered":"Giunta Generale degli Azionisti 2015"},"content":{"rendered":"<div class=\"l-submain color_primary\"><div class=\"l-submain-bg\" style=\"background-image: url(https:\/\/www.antevenio.com\/it\/wp-content\/uploads\/2018\/02\/accionistas.jpg);\"><\/div><div class=\"l-submain-h g-html i-cf\"><div class=\"g-cols\"><div class=\"one-half\">\n\t<div class=\"wpb_text_column \">\n\t\t<div class=\"wpb_wrapper\">\n\t\t\t\n<h2><strong>PRIMA PMI SPAGNOLA<\/strong>\u00a0AD ESSERE QUOTATA IN BORSA<\/h2>\n\n\t\t<\/div> \n\t<\/div> <div class=\"g-hr type_invisible size_huge\">\n\t\t\t\t\t\t<span class=\"g-hr-h\">\n\t\t\t\t\t\t\t<i class=\"fa fa-star\"><\/i>\n\t\t\t\t\t\t<\/span>\n\t\t\t\t\t<\/div><div class=\"g-hr type_invisible size_huge\">\n\t\t\t\t\t\t<span class=\"g-hr-h\">\n\t\t\t\t\t\t\t<i class=\"fa fa-star\"><\/i>\n\t\t\t\t\t\t<\/span>\n\t\t\t\t\t<\/div><\/div><div class=\"one-half\"><\/div><\/div><\/div><\/div><div class=\"l-submain\"><div class=\"l-submain-h g-html i-cf\"><div class=\"g-cols\"><div class=\"two-thirds\">\n\t<div class=\"wpb_text_column \">\n\t\t<div class=\"wpb_wrapper\">\n\t\t\t<p>Sono disponibili per i Signori Azionisti i seguenti documenti (in francese):<\/p>\n<ul>\n<li><a target=\"_blank\" href=\"http:\/\/www.antevenio.fr\/wp-content\/uploads\/2015\/07\/20150625_JGO_Acuerdos_-20150716.19.05.FRAN\u00c7AIS.pdf\">R\u00e9solutions Assembl\u00e9e G\u00e9n\u00e9rale des Actionnaires ANTEVENIO, S.A. du 25 Juin 2015<\/a><\/li>\n<li><a target=\"_blank\" href=\"http:\/\/www.antevenio.it\/wp-content\/uploads\/2015\/05\/CONVOCATION-\u00c0-L\u2019ASSEMBL\u00c9E-G\u00c9N\u00c9RALE-DES-ACTIONNAIRES-.pdf\">Convocation \u00e0 l\u2019Assembl\u00e9e G\u00e9n\u00e9rale des Actionnaires du 25 Juin 2015<\/a><\/li>\n<li><a target=\"_blank\" href=\"http:\/\/www.antevenio.fr\/wp-content\/uploads\/2015\/05\/Formulaire-de-participation-d\u00e9l\u00e9gation-et-vote-\u00e0-distance-pour-l\u2019Assembl\u00e9e-g\u00e9n\u00e9rale-des-actionnaires-.pdf\">Formulaire de participation, d\u00e9l\u00e9gation et vote \u00e0 distance pour l\u2019Assembl\u00e9e g\u00e9n\u00e9rale des actionnaires<\/a><\/li>\n<li><a target=\"_blank\" href=\"http:\/\/www.antevenio.fr\/wp-content\/uploads\/2015\/05\/PROJET-DE-R\u00c9SOLUTIONS-POUR-L\u2019ASSEMBL\u00c9E-G\u00c9N\u00c9RALE-DES-ACTIONNAIRES.pdf\">Projet de r\u00e9solutions pour l\u2019Assembl\u00e9e G\u00e9n\u00e9rale des Actionnaires<\/a><\/li>\n<li><a target=\"_blank\" href=\"http:\/\/www.antevenio.fr\/wp-content\/uploads\/2015\/04\/Comptes-annuels-Antevenio-SA-et-rapport-de-gestion-correspondants-%C3%A0-lexercice-2014_FR.pdf\">Comptes Annuels sociaux et Rapport de Gestion Antevenio 2014<\/a><\/li>\n<li><a target=\"_blank\" href=\"http:\/\/www.antevenio.fr\/wp-content\/uploads\/2015\/04\/Rapport-daudit-2014-comptes-sociaux.pdf\">Rapport d\u2019audit 2014 comptes sociaux<\/a><\/li>\n<li><a target=\"_blank\" href=\"http:\/\/www.antevenio.fr\/wp-content\/uploads\/2015\/04\/COMPTES-ANNUELS-DE-L%E2%80%99EXERCICE-2014.pdf\"> Comptes Annuels consolid\u00e9s et Rapport de Gestion Antevenio 2014 <\/a><\/li>\n<li><a target=\"_blank\" href=\"http:\/\/www.antevenio.fr\/wp-content\/uploads\/2015\/04\/CCAA-Antevenio-Consolidadas-_FR-Informe-de-Auditor%C3%ADa.pdf\">Rapport d\u2019audit consolid\u00e9 2014<\/a><\/li>\n<li><a target=\"_blank\" href=\"http:\/\/www.antevenio.fr\/wp-content\/uploads\/2015\/05\/Rapport-du-Conseil-dAministration-concernant-le-projet-de-modification-des-Statuts-Sociaux.pdf\">Rapport du Conseil d&#8217;Aministration concernant le projet de modification des Statuts Sociaux<\/a><\/li>\n<li><a target=\"_blank\" href=\"http:\/\/www.antevenio.fr\/wp-content\/uploads\/2015\/05\/Version-propos\u00e9e-des-Statuts-Sociaux.pdf\">Version propos\u00e9e des Statuts Sociaux<\/a><\/li>\n<li><a target=\"_blank\" href=\"https:\/\/www.antevenio.com\/it\/giunta-generale-degli-azionisti-2013\/\" target=\"_blank\" rel=\"noopener noreferrer\">Giunta Generale degli Azionisti 2013<\/a><\/li>\n<li><a target=\"_blank\" href=\"http:\/\/www.antevenio.it\/azionisti-e-investitori\/consiglio-ordinario-generale-2014\/\" target=\"_blank\" rel=\"noopener noreferrer\">Giunta Generale degli Azionisti 2014<\/a><\/li>\n<\/ul>\n\n\t\t<\/div> \n\t<\/div> <\/div><div class=\"one-third\">\n\t<div class=\"wpb_text_column \">\n\t\t<div class=\"wpb_wrapper\">\n\t\t\t<div class='StockChart-widget'>  <div class='StockChart-widget-header'><table class='StockChart-header'>  <tr>    <td>      <div class='StockChart-symbol'><\/div>    <\/td>    <td>      <div>        <span class='StockChart-value'>0,00<\/span>        <span class='StockChart-delta-value'>0,00<\/span>        <span class='StockChart-delta-percent'>(+0,00%)<\/span>      <\/div>    <\/td>  <\/tr>  <tr>    <td>      <div class='StockChart-exchange'><\/div>    <\/td>    <td>      <div class='StockChart-date'>DD\/MM\/YYYY<\/div>    <\/td>  <\/tr><\/table><\/div><div class='StockChart-widget-body'>  <div id='StockChart' style='height: 340px; width: 340px; margin: 0 auto; '><\/div><\/div><\/div><script>  jQuery(document).ready(function() {    StockChart.setLang('it');    StockChart.create('EURONEXT\/ALANT', 30, 't7SUHswJ1_nnZ-WjSUBb', jQuery('#StockChart'));  });<\/script><style>  .StockChart-widget { border:1px solid lightgray; }  .StockChart-widget-header { padding:10px 5px; background-color: rgb(249,249,249); border-bottom:1px solid lightgray; }  .StockChart-widget-body { padding-top:10px; }  table.StockChart-header { margin:0; width:100%; }  table.StockChart-header > tbody > tr > td { font-size: 14px; border:0; padding-top:1px; padding-bottom:1px; vertical-align:baseline; }  table.StockChart-header td > div { line-height: 1; }  table.StockChart-header .StockChart-value   { font-size: 19px; font-weight:bold; margin-right:3px; }  table.StockChart-header .StockChart-delta-value   { font-weight:bold; }  table.StockChart-header .StockChart-delta-percent { font-weight:bold; }  table.StockChart-header .StockChart-delta-positive { color: #77B269; }  table.StockChart-header .StockChart-delta-negative { color: #DD5152; }  table.StockChart-header .StockChart-delta-value.StockChart-delta-positive:before { border-bottom: 5px solid #77B269;}  table.StockChart-header .StockChart-delta-value.StockChart-delta-negative:before { border-top: 5px solid #DD5152;}  table.StockChart-header .StockChart-delta-value:before { content:''; width:0;height:0;display:inline-block;vertical-align:baseline;margin-bottom:2px;margin-right:3px;border-left: 5px solid transparent; border-right: 5px solid transparent; }  table.StockChart-header .StockChart-exchange { font-size: 9px; }  table.StockChart-header .StockChart-date     { font-size: 9px; }<\/style>\n\n\t\t<\/div> \n\t<\/div> <\/div><\/div>\n<\/div><\/div>","protected":false},"excerpt":{"rendered":"[section background=\"primary\" img=\"11234\"] PRIMA PMI SPAGNOLA\u00a0AD ESSERE QUOTATA IN BORSA [\/section] Sono disponibili per i Signori Azionisti i seguenti documenti (in francese): R\u00e9solutions Assembl\u00e9e G\u00e9n\u00e9rale des Actionnaires ANTEVENIO, S.A. du 25 Juin 2015 Convocation \u00e0 l\u2019Assembl\u00e9e G\u00e9n\u00e9rale des Actionnaires du...","protected":false},"author":1,"featured_media":0,"parent":3307,"menu_order":0,"comment_status":"open","ping_status":"open","template":"","meta":{"footnotes":""},"yoast_head":"<!-- This site is optimized with the Yoast SEO plugin v21.7 - https:\/\/yoast.com\/wordpress\/plugins\/seo\/ -->\n<title>Giunta Generale degli Azionisti 2015 - Antevenio<\/title>\n<meta name=\"robots\" content=\"index, follow, max-snippet:-1, max-image-preview:large, max-video-preview:-1\" \/>\n<link rel=\"canonical\" href=\"https:\/\/www.antevenio.com\/it\/azionisti-e-investitori\/giunta-generale-degli-azionisti-2015\/\" \/>\n<meta property=\"og:locale\" content=\"it_IT\" \/>\n<meta property=\"og:type\" content=\"article\" \/>\n<meta property=\"og:title\" content=\"Giunta Generale degli Azionisti 2015 - Antevenio\" \/>\n<meta property=\"og:url\" content=\"https:\/\/www.antevenio.com\/it\/azionisti-e-investitori\/giunta-generale-degli-azionisti-2015\/\" \/>\n<meta property=\"og:site_name\" content=\"Antevenio\" \/>\n<meta property=\"article:modified_time\" content=\"2020-05-22T11:14:35+00:00\" \/>\n<meta name=\"twitter:card\" content=\"summary_large_image\" \/>\n<meta name=\"twitter:label1\" content=\"Est. reading time\" \/>\n\t<meta name=\"twitter:data1\" content=\"1 minuto\" \/>\n<script type=\"application\/ld+json\" class=\"yoast-schema-graph\">{\"@context\":\"https:\/\/schema.org\",\"@graph\":[{\"@type\":\"WebPage\",\"@id\":\"https:\/\/www.antevenio.com\/it\/azionisti-e-investitori\/giunta-generale-degli-azionisti-2015\/\",\"url\":\"https:\/\/www.antevenio.com\/it\/azionisti-e-investitori\/giunta-generale-degli-azionisti-2015\/\",\"name\":\"Giunta Generale degli Azionisti 2015 - Antevenio\",\"isPartOf\":{\"@id\":\"https:\/\/www.antevenio.com\/it\/#website\"},\"datePublished\":\"2015-05-18T19:57:50+00:00\",\"dateModified\":\"2020-05-22T11:14:35+00:00\",\"breadcrumb\":{\"@id\":\"https:\/\/www.antevenio.com\/it\/azionisti-e-investitori\/giunta-generale-degli-azionisti-2015\/#breadcrumb\"},\"inLanguage\":\"it-IT\",\"potentialAction\":[{\"@type\":\"ReadAction\",\"target\":[\"https:\/\/www.antevenio.com\/it\/azionisti-e-investitori\/giunta-generale-degli-azionisti-2015\/\"]}]},{\"@type\":\"BreadcrumbList\",\"@id\":\"https:\/\/www.antevenio.com\/it\/azionisti-e-investitori\/giunta-generale-degli-azionisti-2015\/#breadcrumb\",\"itemListElement\":[{\"@type\":\"ListItem\",\"position\":1,\"name\":\"Home\",\"item\":\"https:\/\/www.antevenio.com\/it\/\"},{\"@type\":\"ListItem\",\"position\":2,\"name\":\"Azionisti e investitori\",\"item\":\"https:\/\/www.antevenio.com\/it\/azionisti-e-investitori\/\"},{\"@type\":\"ListItem\",\"position\":3,\"name\":\"Giunta Generale degli Azionisti 2015\"}]},{\"@type\":\"WebSite\",\"@id\":\"https:\/\/www.antevenio.com\/it\/#website\",\"url\":\"https:\/\/www.antevenio.com\/it\/\",\"name\":\"Antevenio\",\"description\":\"Marketing online\",\"potentialAction\":[{\"@type\":\"SearchAction\",\"target\":{\"@type\":\"EntryPoint\",\"urlTemplate\":\"https:\/\/www.antevenio.com\/it\/?s={search_term_string}\"},\"query-input\":\"required name=search_term_string\"}],\"inLanguage\":\"it-IT\"}]}<\/script>\n<!-- \/ Yoast SEO plugin. -->","yoast_head_json":{"title":"Giunta Generale degli Azionisti 2015 - Antevenio","robots":{"index":"index","follow":"follow","max-snippet":"max-snippet:-1","max-image-preview":"max-image-preview:large","max-video-preview":"max-video-preview:-1"},"canonical":"https:\/\/www.antevenio.com\/it\/azionisti-e-investitori\/giunta-generale-degli-azionisti-2015\/","og_locale":"it_IT","og_type":"article","og_title":"Giunta Generale degli Azionisti 2015 - Antevenio","og_url":"https:\/\/www.antevenio.com\/it\/azionisti-e-investitori\/giunta-generale-degli-azionisti-2015\/","og_site_name":"Antevenio","article_modified_time":"2020-05-22T11:14:35+00:00","twitter_card":"summary_large_image","twitter_misc":{"Est. reading time":"1 minuto"},"schema":{"@context":"https:\/\/schema.org","@graph":[{"@type":"WebPage","@id":"https:\/\/www.antevenio.com\/it\/azionisti-e-investitori\/giunta-generale-degli-azionisti-2015\/","url":"https:\/\/www.antevenio.com\/it\/azionisti-e-investitori\/giunta-generale-degli-azionisti-2015\/","name":"Giunta Generale degli Azionisti 2015 - Antevenio","isPartOf":{"@id":"https:\/\/www.antevenio.com\/it\/#website"},"datePublished":"2015-05-18T19:57:50+00:00","dateModified":"2020-05-22T11:14:35+00:00","breadcrumb":{"@id":"https:\/\/www.antevenio.com\/it\/azionisti-e-investitori\/giunta-generale-degli-azionisti-2015\/#breadcrumb"},"inLanguage":"it-IT","potentialAction":[{"@type":"ReadAction","target":["https:\/\/www.antevenio.com\/it\/azionisti-e-investitori\/giunta-generale-degli-azionisti-2015\/"]}]},{"@type":"BreadcrumbList","@id":"https:\/\/www.antevenio.com\/it\/azionisti-e-investitori\/giunta-generale-degli-azionisti-2015\/#breadcrumb","itemListElement":[{"@type":"ListItem","position":1,"name":"Home","item":"https:\/\/www.antevenio.com\/it\/"},{"@type":"ListItem","position":2,"name":"Azionisti e investitori","item":"https:\/\/www.antevenio.com\/it\/azionisti-e-investitori\/"},{"@type":"ListItem","position":3,"name":"Giunta Generale degli Azionisti 2015"}]},{"@type":"WebSite","@id":"https:\/\/www.antevenio.com\/it\/#website","url":"https:\/\/www.antevenio.com\/it\/","name":"Antevenio","description":"Marketing online","potentialAction":[{"@type":"SearchAction","target":{"@type":"EntryPoint","urlTemplate":"https:\/\/www.antevenio.com\/it\/?s={search_term_string}"},"query-input":"required name=search_term_string"}],"inLanguage":"it-IT"}]}},"_links":{"self":[{"href":"https:\/\/www.antevenio.com\/it\/wp-json\/wp\/v2\/pages\/8577"}],"collection":[{"href":"https:\/\/www.antevenio.com\/it\/wp-json\/wp\/v2\/pages"}],"about":[{"href":"https:\/\/www.antevenio.com\/it\/wp-json\/wp\/v2\/types\/page"}],"author":[{"embeddable":true,"href":"https:\/\/www.antevenio.com\/it\/wp-json\/wp\/v2\/users\/1"}],"replies":[{"embeddable":true,"href":"https:\/\/www.antevenio.com\/it\/wp-json\/wp\/v2\/comments?post=8577"}],"version-history":[{"count":4,"href":"https:\/\/www.antevenio.com\/it\/wp-json\/wp\/v2\/pages\/8577\/revisions"}],"predecessor-version":[{"id":18848,"href":"https:\/\/www.antevenio.com\/it\/wp-json\/wp\/v2\/pages\/8577\/revisions\/18848"}],"up":[{"embeddable":true,"href":"https:\/\/www.antevenio.com\/it\/wp-json\/wp\/v2\/pages\/3307"}],"wp:attachment":[{"href":"https:\/\/www.antevenio.com\/it\/wp-json\/wp\/v2\/media?parent=8577"}],"curies":[{"name":"wp","href":"https:\/\/api.w.org\/{rel}","templated":true}]}}