{"id":7971,"date":"2014-07-01T14:23:08","date_gmt":"2014-07-01T12:23:08","guid":{"rendered":"http:\/\/www.antevenio.it\/?page_id=7971"},"modified":"2020-05-22T13:28:20","modified_gmt":"2020-05-22T11:28:20","slug":"giunta-generale-degli-azionisti-2013","status":"publish","type":"page","link":"https:\/\/www.antevenio.com\/it\/giunta-generale-degli-azionisti-2013\/","title":{"rendered":"Giunta Generale degli Azionisti 2013"},"content":{"rendered":"<div class=\"l-submain color_primary parallax_ver\" id=\"section_275281\"><div class=\"l-submain-bg\" style=\"background-image: url(https:\/\/www.antevenio.com\/it\/wp-content\/uploads\/2018\/02\/accionistas.jpg);\"><\/div><div class=\"l-submain-h g-html i-cf\"><div class=\"g-cols\"><div class=\"one-half\">\n\t<div class=\"wpb_text_column \">\n\t\t<div class=\"wpb_wrapper\">\n\t\t\t\n<h2><strong>PRIMA PMI SPAGNOLA<\/strong>\u00a0AD ESSERE QUOTATA IN BORSA<\/h2>\n\n\t\t<\/div> \n\t<\/div> <div class=\"g-hr type_invisible size_huge\">\n\t\t\t\t\t\t<span class=\"g-hr-h\">\n\t\t\t\t\t\t\t<i class=\"fa fa-star\"><\/i>\n\t\t\t\t\t\t<\/span>\n\t\t\t\t\t<\/div><div class=\"g-hr type_invisible size_huge\">\n\t\t\t\t\t\t<span class=\"g-hr-h\">\n\t\t\t\t\t\t\t<i class=\"fa fa-star\"><\/i>\n\t\t\t\t\t\t<\/span>\n\t\t\t\t\t<\/div><\/div><div class=\"one-half\"><\/div><\/div><\/div><\/div><script type='text\/javascript'>jQuery(document).ready(function(){ jQuery('#section_275281 .l-submain-bg').parallax('50%', '0.4'); });<\/script><div class=\"l-submain\"><div class=\"l-submain-h g-html i-cf\"><div class=\"g-cols\"><div class=\"two-thirds\">\n\t<div class=\"wpb_text_column \">\n\t\t<div class=\"wpb_wrapper\">\n\t\t\t<p>Sono disponibili per i Signori Azionisti i seguenti documenti (in francese):<\/p>\n<ul>\n<li><a target=\"_blank\" href=\"https:\/\/www.antevenio.com\/wp-content\/uploads\/2012\/05\/20130418_ConvocatoriaJGO_20130626_clean-.FRAN\u00c7AIS1.pdf\">Avis de Convocation de l\u2019Assembl\u00e9e G\u00e9n\u00e9rale Ordinaire des Actionnaires du 26 Juin 2013<\/a><\/li>\n<li><a target=\"_blank\" href=\"https:\/\/www.antevenio.com\/wp-content\/uploads\/2012\/05\/20130626_JGO_Propuesta-de-Acuerdos-003-AGN.FRAN\u00c7AIS.pdf\">Proposition des R\u00e9solutions pour l\u2019Assembl\u00e9e G\u00e9n\u00e9rale Ordinaire des Actionnaires du 26 Juin 2013<\/a><\/li>\n<li><a target=\"_blank\" href=\"https:\/\/www.antevenio.com\/wp-content\/uploads\/2012\/05\/CCAA-Antevenio-2012-Comptes-sociaux-fran%C3%A7ais.pdf\">Comptes Annuels individuals de Antevenio S.A. et le Raport de Gestion correspondants \u00e0 l\u2019exercice clos le 31 d\u00e9cembre 2012.<\/a><\/li>\n<li><a target=\"_blank\" href=\"https:\/\/www.antevenio.com\/wp-content\/uploads\/2012\/05\/FR_informe_gestion_consolidado_2012.pdf\">Comptes Annuels consolid\u00e9s de Antevenio S.A. et le Raport de Gestion correspondants \u00e0 l\u2019exercice clos le 31 d\u00e9cembre 2012<\/a><\/li>\n<li><a target=\"_blank\" href=\"https:\/\/www.antevenio.com\/wp-content\/uploads\/2012\/05\/Rapport-daudit-des-comptes-sociaux-Antevenio-20121.pdf\">Rapport d\u2019audit sur les comptes individuels de Antevenio S.A.<\/a><br \/>\n<a target=\"_blank\" href=\"https:\/\/www.antevenio.com\/wp-content\/uploads\/2012\/05\/Rapport-daudit-consolid%C3%A9-2012.pdf\">Rapport d\u2019audit sur les comptes consolid\u00e9s du Groupe Antevenio<\/a><\/li>\n<li><a target=\"_blank\" href=\"https:\/\/www.antevenio.com\/wp-content\/uploads\/2012\/05\/20130417_Informe-CA-art.-22_estatutos_clean.FRAN\u00c7AIS.pdf\">Rapport du Conseil d\u2019Administration de Antevenio,  S.A. concernant le projet de modification de l\u2019article 22 des Statuts sociaux faisant l\u2019objet du huiti\u00e8me point de l\u2019ordre du jour de l\u2019Assembl\u00e9e G\u00e9n\u00e9rale Ordinaire des Actionnaires qui se tiendra le 26 juin 2013<\/a><\/li>\n<li><a target=\"_blank\" href=\"https:\/\/www.antevenio.com\/wp-content\/uploads\/2012\/05\/20130626_ESTATUTOS_-Propuesta_clean.FRAN\u00c7AIS.pdf\">Version propos\u00e9e des Statuts Sociaux \u00e0 l\u2019occasion de l\u2019Assembl\u00e9e g\u00e9n\u00e9rale ordinaire des actionnaires en date du 26 juin 2013 sur les statuts en vigueur depuis le 27 juin 2012<\/a><\/li>\n<li><a target=\"_blank\" href=\"https:\/\/www.antevenio.com\/wp-content\/uploads\/2012\/05\/JGO_20130626_Tarjeta-asistencia_FR.pdf\">Mod\u00e8le de carte d\u00b4assistance et de d\u00e9l\u00e9gation du vote, ainsi que du vote \u00e0 distance pour l\u00c1ssembl\u00e9e G\u00e9n\u00e9rale des Actionnaires du 26 Juin 2013<\/a><\/li>\n<\/ul>\n\n\t\t<\/div> \n\t<\/div> <\/div><div class=\"one-third\">\n\t<div class=\"wpb_text_column \">\n\t\t<div class=\"wpb_wrapper\">\n\t\t\t<div class='StockChart-widget'>  <div class='StockChart-widget-header'><table class='StockChart-header'>  <tr>    <td>      <div class='StockChart-symbol'><\/div>    <\/td>    <td>      <div>        <span class='StockChart-value'>0,00<\/span>        <span class='StockChart-delta-value'>0,00<\/span>        <span class='StockChart-delta-percent'>(+0,00%)<\/span>      <\/div>    <\/td>  <\/tr>  <tr>    <td>      <div class='StockChart-exchange'><\/div>    <\/td>    <td>      <div class='StockChart-date'>DD\/MM\/YYYY<\/div>    <\/td>  <\/tr><\/table><\/div><div class='StockChart-widget-body'>  <div id='StockChart' style='height: 340px; width: 340px; margin: 0 auto; '><\/div><\/div><\/div><script>  jQuery(document).ready(function() {    StockChart.setLang('en');    StockChart.create('EURONEXT\/ALANT', 30, 't7SUHswJ1_nnZ-WjSUBb', jQuery('#StockChart'));  });<\/script><style>  .StockChart-widget { border:1px solid lightgray; }  .StockChart-widget-header { padding:10px 5px; background-color: rgb(249,249,249); border-bottom:1px solid lightgray; }  .StockChart-widget-body { padding-top:10px; }  table.StockChart-header { margin:0; width:100%; }  table.StockChart-header > tbody > tr > td { font-size: 14px; border:0; padding-top:1px; padding-bottom:1px; vertical-align:baseline; }  table.StockChart-header td > div { line-height: 1; }  table.StockChart-header .StockChart-value   { font-size: 19px; font-weight:bold; margin-right:3px; }  table.StockChart-header .StockChart-delta-value   { font-weight:bold; }  table.StockChart-header .StockChart-delta-percent { font-weight:bold; }  table.StockChart-header .StockChart-delta-positive { color: #77B269; }  table.StockChart-header .StockChart-delta-negative { color: #DD5152; }  table.StockChart-header .StockChart-delta-value.StockChart-delta-positive:before { border-bottom: 5px solid #77B269;}  table.StockChart-header .StockChart-delta-value.StockChart-delta-negative:before { border-top: 5px solid #DD5152;}  table.StockChart-header .StockChart-delta-value:before { content:''; width:0;height:0;display:inline-block;vertical-align:baseline;margin-bottom:2px;margin-right:3px;border-left: 5px solid transparent; border-right: 5px solid transparent; }  table.StockChart-header .StockChart-exchange { font-size: 9px; }  table.StockChart-header .StockChart-date     { font-size: 9px; }<\/style>\n\t\t<\/div> \n\t<\/div> <\/div><\/div>\n<\/div><\/div>","protected":false},"excerpt":{"rendered":"[section background=\"primary\" img=\"11234\" parallax=\"vertical\" parallax_speed=\"0.4\" parallax_bg_width=\"110\"] PRIMA PMI SPAGNOLA\u00a0AD ESSERE QUOTATA IN BORSA [\/section] Sono disponibili per i Signori Azionisti i seguenti documenti (in francese): Avis de Convocation de l\u2019Assembl\u00e9e G\u00e9n\u00e9rale Ordinaire des Actionnaires du 26 Juin 2013 Proposition des...","protected":false},"author":1,"featured_media":0,"parent":0,"menu_order":0,"comment_status":"open","ping_status":"open","template":"","meta":{"footnotes":""},"yoast_head":"<!-- This site is optimized with the Yoast SEO plugin v21.7 - https:\/\/yoast.com\/wordpress\/plugins\/seo\/ -->\n<title>Giunta Generale degli Azionisti 2013 - Antevenio<\/title>\n<meta name=\"robots\" content=\"index, follow, max-snippet:-1, max-image-preview:large, max-video-preview:-1\" \/>\n<link rel=\"canonical\" href=\"https:\/\/www.antevenio.com\/it\/giunta-generale-degli-azionisti-2013\/\" \/>\n<meta property=\"og:locale\" content=\"it_IT\" \/>\n<meta property=\"og:type\" content=\"article\" \/>\n<meta property=\"og:title\" content=\"Giunta Generale degli Azionisti 2013 - Antevenio\" \/>\n<meta property=\"og:url\" content=\"https:\/\/www.antevenio.com\/it\/giunta-generale-degli-azionisti-2013\/\" \/>\n<meta property=\"og:site_name\" content=\"Antevenio\" \/>\n<meta property=\"article:modified_time\" content=\"2020-05-22T11:28:20+00:00\" \/>\n<meta name=\"twitter:card\" content=\"summary_large_image\" \/>\n<meta name=\"twitter:label1\" content=\"Est. reading time\" \/>\n\t<meta name=\"twitter:data1\" content=\"2 minuti\" \/>\n<script type=\"application\/ld+json\" class=\"yoast-schema-graph\">{\"@context\":\"https:\/\/schema.org\",\"@graph\":[{\"@type\":\"WebPage\",\"@id\":\"https:\/\/www.antevenio.com\/it\/giunta-generale-degli-azionisti-2013\/\",\"url\":\"https:\/\/www.antevenio.com\/it\/giunta-generale-degli-azionisti-2013\/\",\"name\":\"Giunta Generale degli Azionisti 2013 - Antevenio\",\"isPartOf\":{\"@id\":\"https:\/\/www.antevenio.com\/it\/#website\"},\"datePublished\":\"2014-07-01T12:23:08+00:00\",\"dateModified\":\"2020-05-22T11:28:20+00:00\",\"breadcrumb\":{\"@id\":\"https:\/\/www.antevenio.com\/it\/giunta-generale-degli-azionisti-2013\/#breadcrumb\"},\"inLanguage\":\"it-IT\",\"potentialAction\":[{\"@type\":\"ReadAction\",\"target\":[\"https:\/\/www.antevenio.com\/it\/giunta-generale-degli-azionisti-2013\/\"]}]},{\"@type\":\"BreadcrumbList\",\"@id\":\"https:\/\/www.antevenio.com\/it\/giunta-generale-degli-azionisti-2013\/#breadcrumb\",\"itemListElement\":[{\"@type\":\"ListItem\",\"position\":1,\"name\":\"Home\",\"item\":\"https:\/\/www.antevenio.com\/it\/\"},{\"@type\":\"ListItem\",\"position\":2,\"name\":\"Giunta Generale degli Azionisti 2013\"}]},{\"@type\":\"WebSite\",\"@id\":\"https:\/\/www.antevenio.com\/it\/#website\",\"url\":\"https:\/\/www.antevenio.com\/it\/\",\"name\":\"Antevenio\",\"description\":\"Marketing online\",\"potentialAction\":[{\"@type\":\"SearchAction\",\"target\":{\"@type\":\"EntryPoint\",\"urlTemplate\":\"https:\/\/www.antevenio.com\/it\/?s={search_term_string}\"},\"query-input\":\"required name=search_term_string\"}],\"inLanguage\":\"it-IT\"}]}<\/script>\n<!-- \/ Yoast SEO plugin. -->","yoast_head_json":{"title":"Giunta Generale degli Azionisti 2013 - Antevenio","robots":{"index":"index","follow":"follow","max-snippet":"max-snippet:-1","max-image-preview":"max-image-preview:large","max-video-preview":"max-video-preview:-1"},"canonical":"https:\/\/www.antevenio.com\/it\/giunta-generale-degli-azionisti-2013\/","og_locale":"it_IT","og_type":"article","og_title":"Giunta Generale degli Azionisti 2013 - Antevenio","og_url":"https:\/\/www.antevenio.com\/it\/giunta-generale-degli-azionisti-2013\/","og_site_name":"Antevenio","article_modified_time":"2020-05-22T11:28:20+00:00","twitter_card":"summary_large_image","twitter_misc":{"Est. reading time":"2 minuti"},"schema":{"@context":"https:\/\/schema.org","@graph":[{"@type":"WebPage","@id":"https:\/\/www.antevenio.com\/it\/giunta-generale-degli-azionisti-2013\/","url":"https:\/\/www.antevenio.com\/it\/giunta-generale-degli-azionisti-2013\/","name":"Giunta Generale degli Azionisti 2013 - Antevenio","isPartOf":{"@id":"https:\/\/www.antevenio.com\/it\/#website"},"datePublished":"2014-07-01T12:23:08+00:00","dateModified":"2020-05-22T11:28:20+00:00","breadcrumb":{"@id":"https:\/\/www.antevenio.com\/it\/giunta-generale-degli-azionisti-2013\/#breadcrumb"},"inLanguage":"it-IT","potentialAction":[{"@type":"ReadAction","target":["https:\/\/www.antevenio.com\/it\/giunta-generale-degli-azionisti-2013\/"]}]},{"@type":"BreadcrumbList","@id":"https:\/\/www.antevenio.com\/it\/giunta-generale-degli-azionisti-2013\/#breadcrumb","itemListElement":[{"@type":"ListItem","position":1,"name":"Home","item":"https:\/\/www.antevenio.com\/it\/"},{"@type":"ListItem","position":2,"name":"Giunta Generale degli Azionisti 2013"}]},{"@type":"WebSite","@id":"https:\/\/www.antevenio.com\/it\/#website","url":"https:\/\/www.antevenio.com\/it\/","name":"Antevenio","description":"Marketing online","potentialAction":[{"@type":"SearchAction","target":{"@type":"EntryPoint","urlTemplate":"https:\/\/www.antevenio.com\/it\/?s={search_term_string}"},"query-input":"required name=search_term_string"}],"inLanguage":"it-IT"}]}},"_links":{"self":[{"href":"https:\/\/www.antevenio.com\/it\/wp-json\/wp\/v2\/pages\/7971"}],"collection":[{"href":"https:\/\/www.antevenio.com\/it\/wp-json\/wp\/v2\/pages"}],"about":[{"href":"https:\/\/www.antevenio.com\/it\/wp-json\/wp\/v2\/types\/page"}],"author":[{"embeddable":true,"href":"https:\/\/www.antevenio.com\/it\/wp-json\/wp\/v2\/users\/1"}],"replies":[{"embeddable":true,"href":"https:\/\/www.antevenio.com\/it\/wp-json\/wp\/v2\/comments?post=7971"}],"version-history":[{"count":3,"href":"https:\/\/www.antevenio.com\/it\/wp-json\/wp\/v2\/pages\/7971\/revisions"}],"predecessor-version":[{"id":18857,"href":"https:\/\/www.antevenio.com\/it\/wp-json\/wp\/v2\/pages\/7971\/revisions\/18857"}],"wp:attachment":[{"href":"https:\/\/www.antevenio.com\/it\/wp-json\/wp\/v2\/media?parent=7971"}],"curies":[{"name":"wp","href":"https:\/\/api.w.org\/{rel}","templated":true}]}}