{"id":6704,"date":"2014-04-07T14:01:30","date_gmt":"2014-04-07T12:01:30","guid":{"rendered":"http:\/\/www.antevenio.it\/?page_id=6704"},"modified":"2022-03-25T10:46:49","modified_gmt":"2022-03-25T09:46:49","slug":"privacy","status":"publish","type":"page","link":"https:\/\/www.antevenio.com\/it\/privacy\/","title":{"rendered":"Tutela della Privacy"},"content":{"rendered":"<div class=\"l-submain\"><div class=\"l-submain-h g-html i-cf\"><h1 align=\"JUSTIFY\">Informativa Privacy<\/h1>\n<p><em>La presente informativa\u00a0privacy\u00a0ha lo scopo di fornire tutte le informazioni sul trattamento dei dati\u00a0personali\u00a0effettuato\u00a0da Antevenio S.r.l quando\u00a0l\u2019Utente naviga e usufruisce dei servizi\u00a0offerti dal presente sito (come di seguito meglio indicato).<\/em><\/p>\n<h2 align=\"JUSTIFY\">1. INTRODUZIONE &#8211; CHI SIAMO?<\/h2>\n<p align=\"JUSTIFY\"><strong>Antevenio S.r.l.<\/strong> con sede in Viale Francesco Restelli n. 3\/7 &#8211; 20124 Milano, Codice Fiscale\/Partita IVA n. IT04218260968 (di seguito, \u201c<strong>Titolare<\/strong>\u201d), proprietario del sito internet antevenio.com(di seguito, il \u201c<strong>Sito<\/strong>\u201d), in qualit\u00e0 di <strong>titolare del trattamento dei dati personali<\/strong> degli utenti che navigano il sito (di seguito, \u201c<strong>Utenti<\/strong>\u201d) fornisce qui di seguito l\u2019informativa privacy ai sensi dell\u2019art. 13 del Regolamento UE 2016\/679 del 27 aprile 2016 (di seguito, \u201c<strong>Regolamento<\/strong>\u201d, o \u201c<strong>Normativa Applicabile<\/strong>\u201d).<\/p>\n<h2>2. COME CONTATTARCI?<\/h2>\n<p>Il Titolare tiene nella massima considerazione il diritto alla privacy ed alla protezione dei dati personali dei propri Utenti. Per ogni informazione in relazione alla presente informativa privacy, gli Utenti possono <strong>contattare il Titolare<\/strong> in qualsiasi momento, utilizzando le seguenti modalit\u00e0:<\/p>\n<p>&#8211; Inviando una raccomandata a\/r alla sede legale del Titolare in Viale Francesco Restelli n. 3\/7 &#8211; 20124 Milano<br \/>\n&#8211; Inviando un messaggio di posta elettronica all\u2019indirizzo: <a target=\"_blank\" href=\"mailto:privacy@antevenio.it\">privacy@antevenio.it<\/a>.<\/p>\n<p>Gli Utenti possono anche <strong>contattare il Responsabile della protezione dei dati (RPD o DPO)<\/strong> del Titolare, i cui dati di contatto sono di seguito riportati: Analore Garc\u00eda Noblia, indirizzo: C\/ Apolonio Morales 13C, 28036 Madrid (Spagna) e-mail dpo.italia@letsrebold.com<\/p>\n<h2>3. COSA FACCIAMO? \u2013 FINALIT\u00c0 DEL TRATTAMENTO<\/h2>\n<p>Tramite la navigazione del Sito, l\u2019Utente pu\u00f2 rimanere sempre aggiornato riguardo i\u202fservizi\u202fe le attivit\u00e0 sviluppati dal Titolare, mettersi in contatto con il Titolare attraverso la sezione \u201cContatti\u201d (di seguito, \u201c<strong>Servizio<\/strong>\u201d).<\/p>\n<p>In relazione alle attivit\u00e0 che possono essere svolte tramite il Sito, il Titolare raccoglie dati personali relativi agli Utenti.<\/p>\n<p>Questo Sito e i servizi eventualmente offerti tramite il Sito sono riservati a soggetti che hanno compiuto il diciottesimo anno di et\u00e0. Il Titolare non raccoglie quindi dati personali relativi ai soggetti minori di anni 18. Su richiesta degli Utenti, il Titolare canceller\u00e0 tempestivamente tutti i dati personali involontariamente raccolti e relativi a soggetti minori di anni 18.<\/p>\n<p>In particolare, dati personali degli Utenti saranno trattati lecitamente dal Titolare per le seguenti finalit\u00e0 di trattamento:<\/p>\n<p>a) <strong><u>fornitura del servizio<\/u><\/strong>, per consentire la navigazione del Sito e per adempiere a specifiche richieste dell&#8217;Utente, tra cui la possibilit\u00e0 di mettersi in contatto con il Titolare attraverso la sezione \u201c<em>Contatti<\/em>\u201d del Sito. I dati dell\u2019utente raccolti dal Titolare ai fini della suddetta attivit\u00e0 includono: il nome, il cognome, nome dell\u2019azienda, indirizzo di residenza\/domicilio, l&#8217;indirizzo e-mail, nonch\u00e9 tutte le informazioni personali dell\u2019Utente eventualmente e volontariamente pubblicate nel box \u201cOttieni Informazioni\u201d. Il conferimento dei dati personali per le finalit\u00e0 di trattamento sopra indicate \u00e8 facoltativo, poich\u00e9 il mancato conferimento degli stessi non comporter\u00e0 l\u2019impossibilit\u00e0 per l\u2019Utente di navigare sul sito. Salvo che l\u2019Utente dia al Titolare uno specifico e facoltativo consenso al trattamento dei propri dati per le ulteriori finalit\u00e0 previste ai successivi paragrafi, i dati personali dell\u2019Utente saranno utilizzati dal Titolare al fine esclusivo di dare esecuzione al servizio, evitando cos\u00ec possibili truffe o abusi, e contattare l\u2019Utente per sole ragioni di servizio (es. inviare notifiche relative al servizio offerti sul Sito). Fermo restando quanto previsto altrove in questa informativa privacy, in nessun caso il Titolare render\u00e0 accessibili agli altri Utenti e\/o a terzi i dati personali degli Utenti.<\/p>\n<p>b) <strong><u>obblighi di legge<\/u><\/strong>, ovvero per adempiere ad obblighi previsti dalla legge, da un\u2019autorit\u00e0, da un regolamento o dalla normativa europea.<\/p>\n<p>I dati personali che sono necessari per il perseguimento delle finalit\u00e0 di trattamento descritte al presente paragrafo 3 sono indicati con un asterisco all\u2019interno del modulo di registrazione sul Sito.<\/p>\n<h2>4. ULTERIORI FINALITA\u2019 DI TRATTAMENTO<\/h2>\n<h3>4.1 Newsletter<\/h3>\n<p>Alcuni dati personali dell\u2019Utente (ovvero nome, cognome, indirizzo di posta elettronica) potranno essere trattati dal Titolare anche per finalit\u00e0 di invio della<em> newsletter<\/em>. Pertanto, l\u2019Utente ricever\u00e0 dal Titolare una<em> newsletter<\/em> periodica che conterr\u00e0 informazioni in relazione a notizie sul mondo del <em>digital marketing<\/em> ed alle attivit\u00e0 del Sito.<\/p>\n<p>In caso di mancato consenso, la possibilit\u00e0 di navigare sul Sito non sar\u00e0 in alcun modo pregiudicata all\u2019Utente.<\/p>\n<p>In caso di consenso, l\u2019Utente potr\u00e0 in qualsiasi momento revocare lo stesso, facendone richiesta al Titolare con le modalit\u00e0 indicate al successivo paragrafo 8.<\/p>\n<p>L\u2019Utente potr\u00e0 inoltre opporsi facilmente ad ulteriori invii di comunicazioni promozionali anche cliccando sull\u2019apposito link per la revoca del consenso, che \u00e8 presente in ciascuna<em> e-mail<\/em> contenente la <em>newsletter<\/em>. Effettuata la revoca del consenso, il Titolare invier\u00e0 all\u2019Utente un messaggio di posta elettronica per confermare l\u2019avvenuta revoca del consenso.<\/p>\n<h2>5. BASE GIURIDICA<\/h2>\n<p><strong><u>Obblighi contrattuali e fornitura del servizio<\/u><\/strong> (cos\u00ec come descritto dal precedente par. 3, lett. a)): la base giuridica consiste nell\u2019art. 6, comma 1, lett. b) del Regolamento, ovvero il trattamento \u00e8 necessario all\u2019esecuzione di un contratto di cui l\u2019Utente \u00e8 parte o all\u2019esecuzione di misure precontrattuali adottate su richiesta dello stesso.<\/p>\n<p><strong><u>Obblighi di legge<\/u><\/strong> (cos\u00ec come descritto dal precedente par. 3, lett. b)): la base giuridica consiste nell\u2019art. 6, comma 1, lett. c) del Regolamento, in quanto il trattamento \u00e8 necessario per adempiere un obbligo legale al quale \u00e8 soggetto il Titolare del trattamento.<\/p>\n<p><strong><u>Ulteriori finalit\u00e0 di trattamento:<\/u><\/strong> per il trattamento relativo all\u2019invio della newsletter, (cos\u00ec come descritto dal precedente par. 4), la base giuridica consiste nell\u2019art. 6, comma 1, lett. a) del Regolamento, ovvero la prestazione da parte dell\u2019interessato del consenso al trattamento dei propri dati personali per una o pi\u00f9 specifiche finalit\u00e0. Per questo motivo il Titolare chiede all\u2019Utente la prestazione di uno specifico consenso libero e facoltativo, per perseguire tale finalit\u00e0 di trattamento.<\/p>\n<h3>6. MODALIT\u00c0 DI TRATTAMENTO E TEMPI DI CONSERVAZIONE DEI DATI<\/h3>\n<p>Il Titolare tratter\u00e0 i dati personali degli Utenti mediante strumenti manuali ed informatici, con logiche strettamente correlate alle finalit\u00e0 stesse e, comunque, in modo da garantire la sicurezza e la riservatezza dei dati stessi.<\/p>\n<p>I dati personali degli Utenti del Sito saranno conservati per i tempi strettamente necessari ad espletare le finalit\u00e0 primarie illustrate al precedente paragrafo 3, o comunque secondo quanto necessario per la tutela in sede civilistica degli interessi sia degli Utenti che del Titolare.<\/p>\n<p>Nel caso di cui al precedente paragrafo 4.1 i dati personali degli Utenti saranno conservati per i tempi strettamente necessari ad espletare le finalit\u00e0 illustrate nello stesso e, in ogni caso, fintanto che l\u2019Utente non revochi il proprio consenso.<\/p>\n<h3>7. AMBITO DI COMUNICAZIONE E DIFFUSIONE DEI DATI<\/h3>\n<p>Potranno venire a conoscenza dei dati personali degli Utenti i dipendenti e\/o collaboratori del Titolare incaricati di gestire il Sito e le richieste degli Utenti. Tali soggetti, che sono stati istruiti in tal senso dal Titolare ai sensi dell\u2019art. 29 del Regolamento, tratteranno i dati degli Utenti esclusivamente per le finalit\u00e0 indicate nella presente informativa e nel rispetto delle previsioni della Normativa Applicabile.<\/p>\n<p>Potranno inoltre venire a conoscenza dei dati personali degli Utenti i soggetti terzi che potranno trattare dati personali per conto del Titolare in qualit\u00e0 di<strong> Responsabili del Trattamento<\/strong>, quali, a titolo esemplificativo, fornitori di servizi informatici e logistici funzionali all\u2019operativit\u00e0 del Sito, fornitori di servizi in outsourcing o cloud computing, professionisti e consulenti.<\/p>\n<p>Gli Utenti hanno il diritto di ottenere una lista degli eventuali responsabili del trattamento nominati dal Titolare, facendone richiesta al Titolare con le modalit\u00e0 indicate al successivo paragrafo 8.<\/p>\n<h3>8. DIRITTI DEGLI INTERESSATI<\/h3>\n<p>Gli Utenti potranno esercitare i diritti garantiti loro dalla Normativa Applicabile, contattando il Titolare con le seguenti modalit\u00e0:<\/p>\n<p>&#8211; Inviando una raccomandata a\/r alla sede legale del Titolare in Viale Francesco Restelli n. 3\/7 &#8211; 20124 Milano<br \/>\n&#8211; Inviando un messaggio di posta elettronica all\u2019indirizzo:<a target=\"_blank\" href=\"mailto:privacy@antevenio.it\"> privacy@antevenio.it<\/a>.<\/p>\n<p>Gli Utenti possono anche contattare il <strong>Responsabile della protezione dei dati (RPD o DPO) del Titolare<\/strong>, i cui dati di contatto sono di seguito riportati: Analore Garc\u00eda Noblia, indirizzo: C\/ Apolonio Morales 13C, 28036 Madrid (Spagna), e-mail <a target=\"_blank\" href=\"mailto:dpo.italia@letsrebold.com\">dpo.italia@letsrebold.com<\/a>.<\/p>\n<p>Ai sensi della Normativa Applicabile, il Titolare informa che gli Utenti hanno il diritto di ottenere l&#8217;indicazione (i) dell&#8217;origine dei dati personali; (ii) delle finalit\u00e0 e modalit\u00e0 del trattamento; (iii) della logica applicata in caso di trattamento effettuato con l&#8217;ausilio di strumenti elettronici; (iv) degli estremi identificativi del titolare e dei responsabili; (v) dei soggetti o delle categorie di soggetti ai quali i dati personali possono essere comunicati o che possono venirne a conoscenza in qualit\u00e0 di responsabili o incaricati.<\/p>\n<p>Inoltre, gli Utenti hanno il diritto di ottenere:<\/p>\n<p>a) <strong>l\u2019accesso, l\u2019aggiornamento, la rettificazione ovvero<\/strong>, quando vi hanno interesse,<strong> l\u2019integrazione<\/strong> dei dati;<br \/>\nb) <strong>la cancellazione, la trasformazione in forma anonima o la limitazione<\/strong> dei dati trattati in violazione di legge, compresi quelli di cui non \u00e8 necessaria la conservazione in relazione agli scopi per i quali i dati sono stati raccolti o successivamente trattati;<br \/>\nc) l\u2019attestazione che le operazioni di cui alle lettere a) e b) sono state portate a conoscenza, anche per quanto riguarda il loro contenuto, di coloro ai quali i dati sono stati comunicati o diffusi, eccettuato il caso in cui tale adempimento si rivela impossibile o comporta un impiego di mezzi manifestamente sproporzionato rispetto al diritto tutelato.<\/p>\n<p>Inoltre, gli Utenti hanno:<br \/>\na) il diritto di <strong>revocare il consenso<\/strong> in qualsiasi momento, qualora il trattamento si basi sul loro consenso;<br \/>\nb) il diritto alla<strong> portabilit\u00e0 dei dati<\/strong> (diritto di ricevere tutti i dati personali che li riguardano in un formato strutturato, di uso comune e leggibile da dispositivo automatico);<br \/>\nc) il <strong>diritto di opporsi<\/strong>:<br \/>\ni) in tutto o in parte, per motivi legittimi al trattamento dei dati personali che li riguardano, ancorch\u00e9 pertinenti allo scopo della raccolta;<br \/>\nii) in tutto o in parte, al trattamento di dati personali che li riguardano a fini di invio di materiale pubblicitario o di vendita diretta o per il compimento di ricerche di mercato o di comunicazione commerciale;<br \/>\niii) qualora i dati personali siano trattati per finalit\u00e0 di marketing diretto, in qualsiasi momento, al trattamento dei loro dati effettuato per tale finalit\u00e0, compresa la profilazione nella misura in cui sia connessa a tale marketing diretto.<br \/>\nd) qualora ritenessero che il trattamento che li riguarda violi il Regolamento, il diritto di <strong>proporre reclamo a un\u2019Autorit\u00e0 di controllo<\/strong> (nello Stato membro in cui risiedono abitualmente, in quello in cui lavorano oppure in quello in cui si \u00e8 verificata la presunta violazione). L\u2019Autorit\u00e0 di controllo italiana \u00e8 il <strong>Garante per la protezione dei dati personali<\/strong>, con sede in Piazza Venezia n. 11, 00187 \u2013 Roma (<a target=\"_blank\" href=\"http:\/\/www.garanteprivacy.it\/\">http:\/\/www.garanteprivacy.it\/<\/a>).<br \/>\n_____________<\/p>\n<p>Il Titolare non \u00e8 responsabile per l\u2019aggiornamento di tutti i <em>link<\/em> visualizzabili nella presente Informativa, pertanto ogni qualvolta un <em>link<\/em> non sia funzionante e\/o aggiornato, gli Utenti riconoscono ed accettano che dovranno sempre far riferimento al documento e\/o sezione dei siti internet richiamati da tale<em> link<\/em>.<\/p>\n<p>&nbsp;<\/p>\n<\/div><\/div>","protected":false},"excerpt":{"rendered":"<p>Informativa Privacy La presente informativa\u00a0privacy\u00a0ha lo scopo di fornire tutte le informazioni sul trattamento dei dati\u00a0personali\u00a0effettuato\u00a0da Antevenio S.r.l quando\u00a0l\u2019Utente naviga e usufruisce dei servizi\u00a0offerti dal presente sito (come di seguito meglio indicato). 1. INTRODUZIONE &#8211; CHI SIAMO? Antevenio S.r.l. con&#8230;<\/p>\n","protected":false},"author":1,"featured_media":0,"parent":0,"menu_order":0,"comment_status":"open","ping_status":"open","template":"","meta":{"footnotes":""},"yoast_head":"<!-- This site is optimized with the Yoast SEO plugin v21.7 - https:\/\/yoast.com\/wordpress\/plugins\/seo\/ -->\n<title>Tutela della Privacy - Antevenio<\/title>\n<meta name=\"robots\" content=\"index, follow, max-snippet:-1, max-image-preview:large, max-video-preview:-1\" \/>\n<link rel=\"canonical\" href=\"https:\/\/www.antevenio.com\/it\/privacy\/\" \/>\n<meta property=\"og:locale\" content=\"it_IT\" \/>\n<meta property=\"og:type\" content=\"article\" \/>\n<meta property=\"og:title\" content=\"Tutela della Privacy - Antevenio\" \/>\n<meta property=\"og:description\" content=\"Informativa Privacy La presente informativa\u00a0privacy\u00a0ha lo scopo di fornire tutte le informazioni sul trattamento dei dati\u00a0personali\u00a0effettuato\u00a0da Antevenio S.r.l quando\u00a0l\u2019Utente naviga e usufruisce dei servizi\u00a0offerti dal presente sito (come di seguito meglio indicato). 1. INTRODUZIONE &#8211; CHI SIAMO? Antevenio S.r.l. con...\" \/>\n<meta property=\"og:url\" content=\"https:\/\/www.antevenio.com\/it\/privacy\/\" \/>\n<meta property=\"og:site_name\" content=\"Antevenio\" \/>\n<meta property=\"article:modified_time\" content=\"2022-03-25T09:46:49+00:00\" \/>\n<meta name=\"twitter:card\" content=\"summary_large_image\" \/>\n<meta name=\"twitter:label1\" content=\"Est. reading time\" \/>\n\t<meta name=\"twitter:data1\" content=\"10 minuti\" \/>\n<script type=\"application\/ld+json\" class=\"yoast-schema-graph\">{\"@context\":\"https:\/\/schema.org\",\"@graph\":[{\"@type\":\"WebPage\",\"@id\":\"https:\/\/www.antevenio.com\/it\/privacy\/\",\"url\":\"https:\/\/www.antevenio.com\/it\/privacy\/\",\"name\":\"Tutela della Privacy - Antevenio\",\"isPartOf\":{\"@id\":\"https:\/\/www.antevenio.com\/it\/#website\"},\"datePublished\":\"2014-04-07T12:01:30+00:00\",\"dateModified\":\"2022-03-25T09:46:49+00:00\",\"breadcrumb\":{\"@id\":\"https:\/\/www.antevenio.com\/it\/privacy\/#breadcrumb\"},\"inLanguage\":\"it-IT\",\"potentialAction\":[{\"@type\":\"ReadAction\",\"target\":[\"https:\/\/www.antevenio.com\/it\/privacy\/\"]}]},{\"@type\":\"BreadcrumbList\",\"@id\":\"https:\/\/www.antevenio.com\/it\/privacy\/#breadcrumb\",\"itemListElement\":[{\"@type\":\"ListItem\",\"position\":1,\"name\":\"Home\",\"item\":\"https:\/\/www.antevenio.com\/it\/\"},{\"@type\":\"ListItem\",\"position\":2,\"name\":\"Tutela della Privacy\"}]},{\"@type\":\"WebSite\",\"@id\":\"https:\/\/www.antevenio.com\/it\/#website\",\"url\":\"https:\/\/www.antevenio.com\/it\/\",\"name\":\"Antevenio\",\"description\":\"Marketing online\",\"potentialAction\":[{\"@type\":\"SearchAction\",\"target\":{\"@type\":\"EntryPoint\",\"urlTemplate\":\"https:\/\/www.antevenio.com\/it\/?s={search_term_string}\"},\"query-input\":\"required name=search_term_string\"}],\"inLanguage\":\"it-IT\"}]}<\/script>\n<!-- \/ Yoast SEO plugin. -->","yoast_head_json":{"title":"Tutela della Privacy - Antevenio","robots":{"index":"index","follow":"follow","max-snippet":"max-snippet:-1","max-image-preview":"max-image-preview:large","max-video-preview":"max-video-preview:-1"},"canonical":"https:\/\/www.antevenio.com\/it\/privacy\/","og_locale":"it_IT","og_type":"article","og_title":"Tutela della Privacy - Antevenio","og_description":"Informativa Privacy La presente informativa\u00a0privacy\u00a0ha lo scopo di fornire tutte le informazioni sul trattamento dei dati\u00a0personali\u00a0effettuato\u00a0da Antevenio S.r.l quando\u00a0l\u2019Utente naviga e usufruisce dei servizi\u00a0offerti dal presente sito (come di seguito meglio indicato). 1. INTRODUZIONE &#8211; CHI SIAMO? Antevenio S.r.l. con...","og_url":"https:\/\/www.antevenio.com\/it\/privacy\/","og_site_name":"Antevenio","article_modified_time":"2022-03-25T09:46:49+00:00","twitter_card":"summary_large_image","twitter_misc":{"Est. reading time":"10 minuti"},"schema":{"@context":"https:\/\/schema.org","@graph":[{"@type":"WebPage","@id":"https:\/\/www.antevenio.com\/it\/privacy\/","url":"https:\/\/www.antevenio.com\/it\/privacy\/","name":"Tutela della Privacy - Antevenio","isPartOf":{"@id":"https:\/\/www.antevenio.com\/it\/#website"},"datePublished":"2014-04-07T12:01:30+00:00","dateModified":"2022-03-25T09:46:49+00:00","breadcrumb":{"@id":"https:\/\/www.antevenio.com\/it\/privacy\/#breadcrumb"},"inLanguage":"it-IT","potentialAction":[{"@type":"ReadAction","target":["https:\/\/www.antevenio.com\/it\/privacy\/"]}]},{"@type":"BreadcrumbList","@id":"https:\/\/www.antevenio.com\/it\/privacy\/#breadcrumb","itemListElement":[{"@type":"ListItem","position":1,"name":"Home","item":"https:\/\/www.antevenio.com\/it\/"},{"@type":"ListItem","position":2,"name":"Tutela della Privacy"}]},{"@type":"WebSite","@id":"https:\/\/www.antevenio.com\/it\/#website","url":"https:\/\/www.antevenio.com\/it\/","name":"Antevenio","description":"Marketing online","potentialAction":[{"@type":"SearchAction","target":{"@type":"EntryPoint","urlTemplate":"https:\/\/www.antevenio.com\/it\/?s={search_term_string}"},"query-input":"required name=search_term_string"}],"inLanguage":"it-IT"}]}},"_links":{"self":[{"href":"https:\/\/www.antevenio.com\/it\/wp-json\/wp\/v2\/pages\/6704"}],"collection":[{"href":"https:\/\/www.antevenio.com\/it\/wp-json\/wp\/v2\/pages"}],"about":[{"href":"https:\/\/www.antevenio.com\/it\/wp-json\/wp\/v2\/types\/page"}],"author":[{"embeddable":true,"href":"https:\/\/www.antevenio.com\/it\/wp-json\/wp\/v2\/users\/1"}],"replies":[{"embeddable":true,"href":"https:\/\/www.antevenio.com\/it\/wp-json\/wp\/v2\/comments?post=6704"}],"version-history":[{"count":3,"href":"https:\/\/www.antevenio.com\/it\/wp-json\/wp\/v2\/pages\/6704\/revisions"}],"predecessor-version":[{"id":23528,"href":"https:\/\/www.antevenio.com\/it\/wp-json\/wp\/v2\/pages\/6704\/revisions\/23528"}],"wp:attachment":[{"href":"https:\/\/www.antevenio.com\/it\/wp-json\/wp\/v2\/media?parent=6704"}],"curies":[{"name":"wp","href":"https:\/\/api.w.org\/{rel}","templated":true}]}}