{"id":3053,"date":"2014-03-20T11:08:13","date_gmt":"2014-03-20T10:08:13","guid":{"rendered":"http:\/\/www.antevenio.it\/?page_id=3053"},"modified":"2014-07-16T13:25:43","modified_gmt":"2014-07-16T11:25:43","slug":"soluzioni-per-inserzionisti","status":"publish","type":"page","link":"https:\/\/www.antevenio.com\/it\/soluzioni-per-inserzionisti\/","title":{"rendered":"Soluzioni per inserzionisti"},"content":{"rendered":"<div class=\"l-submain color_primary anclas\"><div class=\"l-submain-h g-html i-cf\"><div class=\"g-cols\"><div class=\"full-width\"><span class=\"wpb_button align_left\"><a href=\"#bbdd\"class=\"g-btn type_contrast outlined\"><span>Database<\/span><\/a><\/span>\n<span class=\"wpb_button align_left\"><a href=\"#portales\"class=\"g-btn type_contrast outlined\"><span>Portali verticali<\/span><\/a><\/span>\n<span class=\"wpb_button align_left\"><a href=\"#mdirector\"class=\"g-btn type_contrast outlined\"><span>MDirector<\/span><\/a><\/span>\n\n\t<div class=\"wpb_raw_code wpb_content_element wpb_raw_html\">\n\t\t<div class=\"wpb_wrapper\">\n\t\t\t<a name=\"bbdd\" id=\"bbdd\"><\/a>\n\t\t<\/div> \n\t<\/div> <\/div><\/div><\/div><\/div><div class=\"l-submain color_primary parallax_ver\" id=\"section_575271\"><div class=\"l-submain-bg\" style=\"background-image: url(https:\/\/www.antevenio.com\/it\/wp-content\/uploads\/2014\/03\/bases-datos.jpg);\"><\/div><div class=\"l-submain-h g-html i-cf\"><div class=\"g-cols\"><div class=\"one-half\">\n\t<div class=\"wpb_text_column \">\n\t\t<div class=\"wpb_wrapper\">\n\t\t\t\n<h2>VOGLIO AVERE ACCESSO A UNO DEI PI\u00d9 GRANDI <strong>DATABASE<\/strong> DEL MERCATO<\/h2>\n\n\t\t<\/div> \n\t<\/div> <div class=\"g-hr type_invisible size_huge\">\n\t\t\t\t\t\t<span class=\"g-hr-h\">\n\t\t\t\t\t\t\t<i class=\"fa fa-star\"><\/i>\n\t\t\t\t\t\t<\/span>\n\t\t\t\t\t<\/div><\/div><div class=\"one-half\"><\/div><\/div><\/div><\/div><script type='text\/javascript'>jQuery(document).ready(function(){ jQuery('#section_575271 .l-submain-bg').parallax('50%', '0.2'); });<\/script><div class=\"l-submain color_alternate\"><div class=\"l-submain-h g-html i-cf\"><div class=\"g-cols\"><div class=\"full-width\">\n\t<div class=\"wpb_text_column \">\n\t\t<div class=\"wpb_wrapper\">\n\t\t\t\n<p style=\"text-align: center;\">Antevenio ti mette a disposizione pi\u00f9 di 23 milioni di utenti registrati con consenso esplicito valido a livello mondiale. Uno dei pi\u00f9 grandi Database opt-in del mercato europeo e latinoamericano.<\/p>\n\n\t\t<\/div> \n\t<\/div> <\/div><\/div><\/div><\/div><div class=\"l-submain\"><div class=\"l-submain-h g-html i-cf\"><div class=\"g-cols\"><div class=\"full-width\">\n\t<div class=\"wpb_text_column \">\n\t\t<div class=\"wpb_wrapper\">\n\t\t\t\n<h3 style=\"text-align: center;\"><strong>Come individuo tra questi registrati il mio bacino utenti ideale?<\/strong><\/h3>\n<p style=\"text-align: center;\">Antevenio ti d\u00e0 la possibilit\u00e0 di incontrare il tuo bacino utenti ideale mediante 23 distinti criteri di segmentazione del Database. Pensaci: \u00e8 praticamente impossibile che tu non lo raggiunga\u2026<\/p>\n\n\t\t<\/div> \n\t<\/div> <\/div><\/div><div class=\"g-cols\"><div class=\"full-width\"><div class=\"g-hr type_invisible\">\n\t\t\t\t\t\t<span class=\"g-hr-h\">\n\t\t\t\t\t\t\t<i class=\"fa fa-star\"><\/i>\n\t\t\t\t\t\t<\/span>\n\t\t\t\t\t<\/div><div class=\"w-actionbox color_primary controls_aside\"><div class=\"w-actionbox-h\"><div class=\"w-actionbox-text\"><h3>Voglio ricevere maggiori informazioni sul Database<\/h3><\/div><div class=\"w-actionbox-controls\"><a class=\"w-actionbox-button g-btn type_contrast outlined\" href=\"http:\/\/www.antevenio.it\/vuoi-individuare-il-tuo-target\/\"><span>Maggiori informazioni<\/span><\/a><\/div><\/div><\/div>\n\t<div class=\"wpb_raw_code wpb_content_element wpb_raw_html\">\n\t\t<div class=\"wpb_wrapper\">\n\t\t\t<a name=\"portales\" id=\"portales\"><\/a>\n\t\t<\/div> \n\t<\/div> <\/div><\/div><\/div><\/div><div class=\"l-submain color_primary parallax_ver\" id=\"section_808639\"><div class=\"l-submain-bg\" style=\"background-image: url(https:\/\/www.antevenio.com\/it\/wp-content\/uploads\/2014\/03\/portales3.jpg);\"><\/div><div class=\"l-submain-h g-html i-cf\"><div class=\"g-cols\"><div class=\"one-half\"><div class=\"g-hr type_invisible size_big\">\n\t\t\t\t\t\t<span class=\"g-hr-h\">\n\t\t\t\t\t\t\t<i class=\"fa fa-star\"><\/i>\n\t\t\t\t\t\t<\/span>\n\t\t\t\t\t<\/div><\/div><div class=\"one-half\">\n\t<div class=\"wpb_text_column \">\n\t\t<div class=\"wpb_wrapper\">\n\t\t\t\n<h2 style=\"text-align: right;\">VOGLIO ESSERE PRESENTE\u00a0ALL&#8217;INTERNO DEI <strong>PORTALI VERTICALI<\/strong><\/h2>\n\n\t\t<\/div> \n\t<\/div> <div class=\"g-hr type_invisible size_huge\">\n\t\t\t\t\t\t<span class=\"g-hr-h\">\n\t\t\t\t\t\t\t<i class=\"fa fa-star\"><\/i>\n\t\t\t\t\t\t<\/span>\n\t\t\t\t\t<\/div><div class=\"g-hr type_invisible size_huge\">\n\t\t\t\t\t\t<span class=\"g-hr-h\">\n\t\t\t\t\t\t\t<i class=\"fa fa-star\"><\/i>\n\t\t\t\t\t\t<\/span>\n\t\t\t\t\t<\/div><\/div><\/div><\/div><\/div><script type='text\/javascript'>jQuery(document).ready(function(){ jQuery('#section_808639 .l-submain-bg').parallax('50%', '0.2'); });<\/script><div class=\"l-submain color_alternate\"><div class=\"l-submain-h g-html i-cf\"><div class=\"g-cols\"><div class=\"full-width\">\n\t<div class=\"wpb_text_column \">\n\t\t<div class=\"wpb_wrapper\">\n\t\t\t\n<p style=\"text-align: center;\">Antevenio \u00e8 proprietario di 4 portali verticali tematici che generano una grande capacit\u00e0 di \u201cpush\u201d e un pubblico fedele agli acquisti online attraverso email, newsletter, comunit\u00e0 attive su Facebook e altri social network.<\/p>\n\n\t\t<\/div> \n\t<\/div> <\/div><\/div><\/div><\/div><div class=\"l-submain\"><div class=\"l-submain-h g-html i-cf\"><div class=\"g-cols\"><div class=\"one-quarter\"><div class=\"w-iconbox with_img iconpos_top\">\n\t\t\t\t\t\t<div class=\"w-iconbox-h\">\n\t\t\t\t\t\t\t<a class=\"w-iconbox-link\" href=\"http:\/\/it.inviptus.com\/\" target=\"_blank\">\n\t\t\t\t\t\t\t<div class=\"w-iconbox-icon\">\n\t\t\t\t\t\t\t\t<i class=\"fa fa-star\"><\/i><div class=\"w-iconbox-icon-img\">\n\t\t\t\t\t\t\t\t\t<img decoding=\"async\" src=\"https:\/\/www.antevenio.com\/it\/wp-content\/uploads\/2014\/03\/inviptus.png\" alt=\"\"\/>\n\t\t\t\t\t\t\t\t<\/div>\t\t<\/div>\n\t\t\t\t\t\t\t<h4 class=\"w-iconbox-title\"><\/h4>\n\t\t\t\t\t\t\t<\/a>\n\t\t\t\t\t\t\t<div class=\"w-iconbox-text\">\n\t\t\t\t\t\t\t\t<p>Community tematica con utenza prevalentemente femminile abituata ad acquisti online e appassionata al settore fashion, calzature e accessori d\u2019ultima tendenza. \u00c8 presente in Spagna, Francia, Italia, Polonia, Messico e Brasile.<\/p>\n\t\t\t\t\t\t\t<\/div>\n\t\t\t\t\t\t<\/div>\n\t\t\t\t\t<\/div><\/div><div class=\"one-quarter\"><div class=\"w-iconbox with_img iconpos_top\">\n\t\t\t\t\t\t<div class=\"w-iconbox-h\">\n\t\t\t\t\t\t\t<a class=\"w-iconbox-link\" href=\"http:\/\/www.turistacurioso.it\/\" target=\"_blank\">\n\t\t\t\t\t\t\t<div class=\"w-iconbox-icon\">\n\t\t\t\t\t\t\t\t<i class=\"fa fa-star\"><\/i><div class=\"w-iconbox-icon-img\">\n\t\t\t\t\t\t\t\t\t<img decoding=\"async\" src=\"https:\/\/www.antevenio.com\/it\/wp-content\/uploads\/2014\/03\/logo_evf.png\" alt=\"\"\/>\n\t\t\t\t\t\t\t\t<\/div>\t\t<\/div>\n\t\t\t\t\t\t\t<h4 class=\"w-iconbox-title\"><\/h4>\n\t\t\t\t\t\t\t<\/a>\n\t\t\t\t\t\t\t<div class=\"w-iconbox-text\">\n\t\t\t\t\t\t\t\t<p>Community tematica che riunisce acquirenti appassionati di viaggi attraverso internet. \u00c8 presente in Spagna, Francia, Italia, Polonia, Messico e Brasile.<\/p>\n\t\t\t\t\t\t\t<\/div>\n\t\t\t\t\t\t<\/div>\n\t\t\t\t\t<\/div><\/div><div class=\"one-quarter\"><div class=\"w-iconbox with_img iconpos_top\">\n\t\t\t\t\t\t<div class=\"w-iconbox-h\">\n\t\t\t\t\t\t\t<a class=\"w-iconbox-link\" href=\"http:\/\/ofelix.com\/\" target=\"_blank\">\n\t\t\t\t\t\t\t<div class=\"w-iconbox-icon\">\n\t\t\t\t\t\t\t\t<i class=\"fa fa-star\"><\/i><div class=\"w-iconbox-icon-img\">\n\t\t\t\t\t\t\t\t\t<img decoding=\"async\" src=\"https:\/\/www.antevenio.com\/it\/wp-content\/uploads\/2014\/03\/ofelix.png\" alt=\"\"\/>\n\t\t\t\t\t\t\t\t<\/div>\t\t<\/div>\n\t\t\t\t\t\t\t<h4 class=\"w-iconbox-title\"><\/h4>\n\t\t\t\t\t\t\t<\/a>\n\t\t\t\t\t\t\t<div class=\"w-iconbox-text\">\n\t\t\t\t\t\t\t\t<p>Community tematica per hobby e tempo libero. \u00c8 presente in Spagna, Francia, Italia, Polonia, Messico e Brasile.<\/p>\n\t\t\t\t\t\t\t<\/div>\n\t\t\t\t\t\t<\/div>\n\t\t\t\t\t<\/div><\/div><div class=\"one-quarter\"><div class=\"w-iconbox with_img iconpos_top\">\n\t\t\t\t\t\t<div class=\"w-iconbox-h\">\n\t\t\t\t\t\t\t<a class=\"w-iconbox-link\" href=\"http:\/\/www.cliccalavoro.it\/\" target=\"_blank\">\n\t\t\t\t\t\t\t<div class=\"w-iconbox-icon\">\n\t\t\t\t\t\t\t\t<i class=\"fa fa-star\"><\/i><div class=\"w-iconbox-icon-img\">\n\t\t\t\t\t\t\t\t\t<img decoding=\"async\" src=\"https:\/\/www.antevenio.com\/it\/wp-content\/uploads\/2014\/03\/cliccalavoroIT-e1405419311258.jpg\" alt=\"\"\/>\n\t\t\t\t\t\t\t\t<\/div>\t\t<\/div>\n\t\t\t\t\t\t\t<h4 class=\"w-iconbox-title\"><\/h4>\n\t\t\t\t\t\t\t<\/a>\n\t\t\t\t\t\t\t<div class=\"w-iconbox-text\">\n\t\t\t\t\t\t\t\t<p>\u00c8 un portale che si pone come valido e veloce intermediario tra le aziende che offrono lavoro e formazione e i professionisti interessati a sviluppare la propria carriera lavorativa. \u00c8 presente in Italia, Francia e Regno Unito.<\/p>\n\t\t\t\t\t\t\t<\/div>\n\t\t\t\t\t\t<\/div>\n\t\t\t\t\t<\/div><\/div><\/div><div class=\"g-cols\"><div class=\"full-width\"><div class=\"g-hr type_invisible\">\n\t\t\t\t\t\t<span class=\"g-hr-h\">\n\t\t\t\t\t\t\t<i class=\"fa fa-star\"><\/i>\n\t\t\t\t\t\t<\/span>\n\t\t\t\t\t<\/div><div class=\"w-actionbox color_primary controls_aside\"><div class=\"w-actionbox-h\"><div class=\"w-actionbox-text\"><h3>Voglio ricevere maggiori informazioni sui portali verticali<\/h3><\/div><div class=\"w-actionbox-controls\"><a class=\"w-actionbox-button g-btn type_contrast outlined\" href=\"http:\/\/www.antevenio.it\/vuoi-avere-presenza-in-portali-verticali\/\"><span>Maggiori informazioni<\/span><\/a><\/div><\/div><\/div>\n\t<div class=\"wpb_raw_code wpb_content_element wpb_raw_html\">\n\t\t<div class=\"wpb_wrapper\">\n\t\t\t<a name=\"mdirector\" id=\"mdirector\"><\/a>\n\t\t<\/div> \n\t<\/div> <\/div><\/div><\/div><\/div><div class=\"l-submain color_primary parallax_ver\" id=\"section_682675\"><div class=\"l-submain-bg\" style=\"background-image: url(https:\/\/www.antevenio.com\/it\/wp-content\/uploads\/2014\/03\/buzones.jpg);\"><\/div><div class=\"l-submain-h g-html i-cf\"><div class=\"g-cols\"><div class=\"one-half\">\n\t<div class=\"wpb_text_column \">\n\t\t<div class=\"wpb_wrapper\">\n\t\t\t\n<h2>MI PIACEREBBE DISPORRE DI UNA <strong>PIATTAFORMA ONLINE<\/strong> ECONOMICA, SEMPLICE E PROFESSIONALE PER L&#8217;INVIO E LA GESTIONE DELLE MIE NEWSLETTER<\/h2>\n\n\t\t<\/div> \n\t<\/div> <div class=\"g-hr type_invisible size_big\">\n\t\t\t\t\t\t<span class=\"g-hr-h\">\n\t\t\t\t\t\t\t<i class=\"fa fa-star\"><\/i>\n\t\t\t\t\t\t<\/span>\n\t\t\t\t\t<\/div><\/div><div class=\"one-half\"><\/div><\/div><\/div><\/div><script type='text\/javascript'>jQuery(document).ready(function(){ jQuery('#section_682675 .l-submain-bg').parallax('50%', '0.2'); });<\/script><div class=\"l-submain\"><div class=\"l-submain-h g-html i-cf\"><div class=\"g-cols\"><div class=\"full-width\">\n\t<div class=\"wpb_text_column \">\n\t\t<div class=\"wpb_wrapper\">\n\t\t\t\n<p style=\"text-align: center;\">La cosa che pi\u00f9 ci rende fieri in Antevenio \u00e8 quella di poter mettere a disposizione della tua azienda <a target=\"_blank\" href=\"http:\/\/www.mdirector.it\">MDirector.it<\/a>, uno strumento di comunicazione multicanale che ti permetter\u00e0 di veicolare, in forma semplice e intuitiva, la comunicazione sui tuoi Database tramite Email marketing, SMS e Social Network. Potrai creare e gestire le campagne beneficiando degli strumenti integrati per l\u2019analisi completa dei risultati.<\/p>\n\n\t\t<\/div> \n\t<\/div> <div class=\"w-actionbox color_primary controls_aside\"><div class=\"w-actionbox-h\"><div class=\"w-actionbox-text\"><h3>Voglio ricevere maggiori informazioni su MDirector<\/h3><\/div><div class=\"w-actionbox-controls\"><a class=\"w-actionbox-button g-btn type_contrast outlined\" href=\"http:\/\/www.antevenio.it\/vuoi-ricevere-informazioni-su-mdirector\/\"><span>Maggiori informazioni<\/span><\/a><\/div><\/div><\/div><\/div><\/div><\/div><\/div>","protected":false},"excerpt":{"rendered":"[section background=\"primary\" img=\"\" class=\"anclas\"]Database Portali verticali MDirector [\/section][section background=\"primary\" img=\"3144\" parallax=\"vertical\" parallax_speed=\"0.2\" parallax_bg_width=\"110\"] VOGLIO AVERE ACCESSO A UNO DEI PI\u00d9 GRANDI DATABASE DEL MERCATO [\/section][section background=\"alternate\" img=\"\"] Antevenio ti mette a disposizione pi\u00f9 di 23 milioni di utenti registrati con...","protected":false},"author":1,"featured_media":0,"parent":0,"menu_order":0,"comment_status":"open","ping_status":"open","template":"","meta":{"footnotes":""},"yoast_head":"<!-- This site is optimized with the Yoast SEO plugin v21.7 - https:\/\/yoast.com\/wordpress\/plugins\/seo\/ -->\n<title>Soluzioni per inserzionisti - Antevenio<\/title>\n<meta name=\"robots\" content=\"index, follow, max-snippet:-1, max-image-preview:large, max-video-preview:-1\" \/>\n<link rel=\"canonical\" href=\"https:\/\/www.antevenio.com\/it\/soluzioni-per-inserzionisti\/\" \/>\n<meta property=\"og:locale\" content=\"it_IT\" \/>\n<meta property=\"og:type\" content=\"article\" \/>\n<meta property=\"og:title\" content=\"Soluzioni per inserzionisti - Antevenio\" \/>\n<meta property=\"og:url\" content=\"https:\/\/www.antevenio.com\/it\/soluzioni-per-inserzionisti\/\" \/>\n<meta property=\"og:site_name\" content=\"Antevenio\" \/>\n<meta property=\"article:modified_time\" content=\"2014-07-16T11:25:43+00:00\" \/>\n<meta name=\"twitter:card\" content=\"summary_large_image\" \/>\n<meta name=\"twitter:label1\" content=\"Est. reading time\" \/>\n\t<meta name=\"twitter:data1\" content=\"4 minuti\" \/>\n<script type=\"application\/ld+json\" class=\"yoast-schema-graph\">{\"@context\":\"https:\/\/schema.org\",\"@graph\":[{\"@type\":\"WebPage\",\"@id\":\"https:\/\/www.antevenio.com\/it\/soluzioni-per-inserzionisti\/\",\"url\":\"https:\/\/www.antevenio.com\/it\/soluzioni-per-inserzionisti\/\",\"name\":\"Soluzioni per inserzionisti - Antevenio\",\"isPartOf\":{\"@id\":\"https:\/\/www.antevenio.com\/it\/#website\"},\"datePublished\":\"2014-03-20T10:08:13+00:00\",\"dateModified\":\"2014-07-16T11:25:43+00:00\",\"breadcrumb\":{\"@id\":\"https:\/\/www.antevenio.com\/it\/soluzioni-per-inserzionisti\/#breadcrumb\"},\"inLanguage\":\"it-IT\",\"potentialAction\":[{\"@type\":\"ReadAction\",\"target\":[\"https:\/\/www.antevenio.com\/it\/soluzioni-per-inserzionisti\/\"]}]},{\"@type\":\"BreadcrumbList\",\"@id\":\"https:\/\/www.antevenio.com\/it\/soluzioni-per-inserzionisti\/#breadcrumb\",\"itemListElement\":[{\"@type\":\"ListItem\",\"position\":1,\"name\":\"Home\",\"item\":\"https:\/\/www.antevenio.com\/it\/\"},{\"@type\":\"ListItem\",\"position\":2,\"name\":\"Soluzioni per inserzionisti\"}]},{\"@type\":\"WebSite\",\"@id\":\"https:\/\/www.antevenio.com\/it\/#website\",\"url\":\"https:\/\/www.antevenio.com\/it\/\",\"name\":\"Antevenio\",\"description\":\"Marketing online\",\"potentialAction\":[{\"@type\":\"SearchAction\",\"target\":{\"@type\":\"EntryPoint\",\"urlTemplate\":\"https:\/\/www.antevenio.com\/it\/?s={search_term_string}\"},\"query-input\":\"required name=search_term_string\"}],\"inLanguage\":\"it-IT\"}]}<\/script>\n<!-- \/ Yoast SEO plugin. -->","yoast_head_json":{"title":"Soluzioni per inserzionisti - Antevenio","robots":{"index":"index","follow":"follow","max-snippet":"max-snippet:-1","max-image-preview":"max-image-preview:large","max-video-preview":"max-video-preview:-1"},"canonical":"https:\/\/www.antevenio.com\/it\/soluzioni-per-inserzionisti\/","og_locale":"it_IT","og_type":"article","og_title":"Soluzioni per inserzionisti - Antevenio","og_url":"https:\/\/www.antevenio.com\/it\/soluzioni-per-inserzionisti\/","og_site_name":"Antevenio","article_modified_time":"2014-07-16T11:25:43+00:00","twitter_card":"summary_large_image","twitter_misc":{"Est. reading time":"4 minuti"},"schema":{"@context":"https:\/\/schema.org","@graph":[{"@type":"WebPage","@id":"https:\/\/www.antevenio.com\/it\/soluzioni-per-inserzionisti\/","url":"https:\/\/www.antevenio.com\/it\/soluzioni-per-inserzionisti\/","name":"Soluzioni per inserzionisti - Antevenio","isPartOf":{"@id":"https:\/\/www.antevenio.com\/it\/#website"},"datePublished":"2014-03-20T10:08:13+00:00","dateModified":"2014-07-16T11:25:43+00:00","breadcrumb":{"@id":"https:\/\/www.antevenio.com\/it\/soluzioni-per-inserzionisti\/#breadcrumb"},"inLanguage":"it-IT","potentialAction":[{"@type":"ReadAction","target":["https:\/\/www.antevenio.com\/it\/soluzioni-per-inserzionisti\/"]}]},{"@type":"BreadcrumbList","@id":"https:\/\/www.antevenio.com\/it\/soluzioni-per-inserzionisti\/#breadcrumb","itemListElement":[{"@type":"ListItem","position":1,"name":"Home","item":"https:\/\/www.antevenio.com\/it\/"},{"@type":"ListItem","position":2,"name":"Soluzioni per inserzionisti"}]},{"@type":"WebSite","@id":"https:\/\/www.antevenio.com\/it\/#website","url":"https:\/\/www.antevenio.com\/it\/","name":"Antevenio","description":"Marketing online","potentialAction":[{"@type":"SearchAction","target":{"@type":"EntryPoint","urlTemplate":"https:\/\/www.antevenio.com\/it\/?s={search_term_string}"},"query-input":"required name=search_term_string"}],"inLanguage":"it-IT"}]}},"_links":{"self":[{"href":"https:\/\/www.antevenio.com\/it\/wp-json\/wp\/v2\/pages\/3053"}],"collection":[{"href":"https:\/\/www.antevenio.com\/it\/wp-json\/wp\/v2\/pages"}],"about":[{"href":"https:\/\/www.antevenio.com\/it\/wp-json\/wp\/v2\/types\/page"}],"author":[{"embeddable":true,"href":"https:\/\/www.antevenio.com\/it\/wp-json\/wp\/v2\/users\/1"}],"replies":[{"embeddable":true,"href":"https:\/\/www.antevenio.com\/it\/wp-json\/wp\/v2\/comments?post=3053"}],"version-history":[{"count":0,"href":"https:\/\/www.antevenio.com\/it\/wp-json\/wp\/v2\/pages\/3053\/revisions"}],"wp:attachment":[{"href":"https:\/\/www.antevenio.com\/it\/wp-json\/wp\/v2\/media?parent=3053"}],"curies":[{"name":"wp","href":"https:\/\/api.w.org\/{rel}","templated":true}]}}