{"id":11256,"date":"2018-02-27T18:14:15","date_gmt":"2018-02-27T17:14:15","guid":{"rendered":"http:\/\/www.antevenio.com\/it\/?page_id=11256"},"modified":"2018-03-07T12:36:16","modified_gmt":"2018-03-07T11:36:16","slug":"branding","status":"publish","type":"page","link":"https:\/\/www.antevenio.com\/it\/branding\/","title":{"rendered":"Branding"},"content":{"rendered":"<div class=\"l-submain color_primary anclas\"><div class=\"l-submain-h g-html i-cf\"><div class=\"g-cols\"><div class=\"full-width\"><span class=\"wpb_button align_left\"><a href=\"#brandingmarketing\"class=\"g-btn type_contrast size_small outlined\"><span>Branding Marketing<\/span><\/a><\/span>\n<span class=\"wpb_button align_left\"><a href=\"#contentmarketing\"class=\"g-btn type_contrast size_small outlined\"><span>Influencer &amp; Content Marketing<\/span><\/a><\/span>\n<span class=\"wpb_button align_left\"><a href=\"#publicidadvideo\"class=\"g-btn type_contrast size_small outlined\"><span>Pubblicit\u00e0 in Video<\/span><\/a><\/span>\n<span class=\"wpb_button align_left\"><a href=\"#richreach\"class=\"g-btn type_contrast size_small outlined\"><span>Rich Media<\/span><\/a><\/span>\n<span class=\"wpb_button align_left\"><a href=\"#programatica\"class=\"g-btn type_contrast size_small outlined\"><span>Programmatica<\/span><\/a><\/span>\n<\/div><\/div><\/div><\/div><div class=\"l-submain full_width full_height\"><div class=\"l-submain-h g-html i-cf\"><div class=\"g-cols\"><div class=\"full-width\">\n\t<div class=\"wpb_raw_code wpb_content_element wpb_raw_html\">\n\t\t<div class=\"wpb_wrapper\">\n\t\t\t<a name=\"brandingmarketing\" id=\"brandingmarketing\"><\/a>\n\t\t<\/div> \n\t<\/div> <div class=\"wpb_revslider_element wpb_content_element\">\n\t\t\t<!-- START Branding Slider REVOLUTION SLIDER 6.5.9 --><p class=\"rs-p-wp-fix\"><\/p>\n\t\t\t<rs-module-wrap id=\"rev_slider_6_1_wrapper\" data-source=\"gallery\" data-aimg=\"\"  style=\"visibility:hidden;padding:0;margin:0px auto;margin-top:0;margin-bottom:0;\">\n\t\t\t\t<rs-module id=\"rev_slider_6_1\" style=\"\" data-version=\"6.5.9\">\n\t\t\t\t\t<rs-slides>\n\t\t\t\t\t\t<rs-slide style=\"position: absolute;\" data-key=\"rs-13\" data-title=\"Slide\" data-duration=\"6000\" data-anim=\"ms:300;\" data-in=\"y:-100%;\">\n\t\t\t\t\t\t\t<img decoding=\"async\" src=\"\/\/www.antevenio.com\/it\/wp-content\/plugins\/revslider\/public\/assets\/assets\/dummy.png\" title=\"Branding\" class=\"rev-slidebg tp-rs-img rs-lazyload\" data-lazyload=\"\/\/www.antevenio.com\/it\/wp-content\/uploads\/2018\/02\/branding-home-slider-ok.jpg\" data-no-retina>\n<!--\n\t\t\t\t\t\t\t--><rs-layer\n\t\t\t\t\t\t\t\tid=\"slider-6-slide-13-layer-1\" \n\t\t\t\t\t\t\t\tclass=\"impreza_white_big\"\n\t\t\t\t\t\t\t\tdata-type=\"text\"\n\t\t\t\t\t\t\t\tdata-color=\"#ffffff\"\n\t\t\t\t\t\t\t\tdata-rsp_ch=\"on\"\n\t\t\t\t\t\t\t\tdata-xy=\"x:20px;y:100px;\"\n\t\t\t\t\t\t\t\tdata-text=\"s:40;l:43;\"\n\t\t\t\t\t\t\t\tdata-frame_1=\"st:500;\"\n\t\t\t\t\t\t\t\tdata-frame_999=\"st:5400;auto:true;\"\n\t\t\t\t\t\t\t\tstyle=\"z-index:5;font-family:'Noto Sans';margin:0px;text-shadow:rgba(0, 0, 0, 0.2) 0px 1px 0px;\"\n\t\t\t\t\t\t\t>TRAMITE IL <strong>MARKETING DIGITALE<\/strong> \n\t\t\t\t\t\t\t<\/rs-layer><!--\n\n\t\t\t\t\t\t\t--><rs-layer\n\t\t\t\t\t\t\t\tid=\"slider-6-slide-13-layer-2\" \n\t\t\t\t\t\t\t\tclass=\"impreza_white_big\"\n\t\t\t\t\t\t\t\tdata-type=\"text\"\n\t\t\t\t\t\t\t\tdata-color=\"#ffffff\"\n\t\t\t\t\t\t\t\tdata-rsp_ch=\"on\"\n\t\t\t\t\t\t\t\tdata-xy=\"x:20px;y:145px;\"\n\t\t\t\t\t\t\t\tdata-text=\"s:40;l:43;\"\n\t\t\t\t\t\t\t\tdata-frame_1=\"st:800;\"\n\t\t\t\t\t\t\t\tdata-frame_999=\"st:5400;auto:true;\"\n\t\t\t\t\t\t\t\tstyle=\"z-index:6;font-family:'Noto Sans';margin:0px;text-shadow:rgba(0, 0, 0, 0.2) 0px 1px 0px;\"\n\t\t\t\t\t\t\t>TI AIUTIAMO A CREARE IL TUO MARCHIO<\/br>CURANDO  LA REPUTAZIONE E<\/br>OTTIMIZZAZIONE DELL'IMMAGINE AZIENDALE \n\t\t\t\t\t\t\t<\/rs-layer><!--\n\n\t\t\t\t\t\t\t--><rs-layer\n\t\t\t\t\t\t\t\tid=\"slider-6-slide-13-layer-3\" \n\t\t\t\t\t\t\t\tclass=\"impreza_white_small\"\n\t\t\t\t\t\t\t\tdata-type=\"text\"\n\t\t\t\t\t\t\t\tdata-color=\"#ffffff\"\n\t\t\t\t\t\t\t\tdata-rsp_ch=\"on\"\n\t\t\t\t\t\t\t\tdata-xy=\"x:20px;y:320px;\"\n\t\t\t\t\t\t\t\tdata-text=\"s:18;l:26;\"\n\t\t\t\t\t\t\t\tdata-frame_1=\"st:1100;\"\n\t\t\t\t\t\t\t\tdata-frame_999=\"st:5400;auto:true;\"\n\t\t\t\t\t\t\t\tstyle=\"z-index:7;font-family:'Noto Sans';margin:0px;text-shadow:rgba(0, 0, 0, 0.2) 0px 1px 0px;\"\n\t\t\t\t\t\t\t>Migliora direttamente il <em>capitale sociale<\/em> dell'azienda. Affida il  tuo marchio nelle nostre mani. \n\t\t\t\t\t\t\t<\/rs-layer><!--\n-->\t\t\t\t\t\t<\/rs-slide>\n\t\t\t\t\t<\/rs-slides>\n\t\t\t\t<\/rs-module>\n\t\t\t\t<script type=\"text\/javascript\">\n\t\t\t\t\tsetREVStartSize({c: 'rev_slider_6_1',rl:[1240,1024,778,480],el:[],gw:[1000],gh:[500],type:'standard',justify:'',layout:'fullwidth',mh:\"0\"});if (window.RS_MODULES!==undefined && window.RS_MODULES.modules!==undefined && window.RS_MODULES.modules[\"revslider61\"]!==undefined) {window.RS_MODULES.modules[\"revslider61\"].once = false;window.revapi6 = undefined;if (window.RS_MODULES.checkMinimal!==undefined) window.RS_MODULES.checkMinimal()}\n\t\t\t\t<\/script>\n\t\t\t<\/rs-module-wrap>\n\t\t\t<!-- END REVOLUTION SLIDER -->\n<\/div>\n<\/div><\/div><\/div><\/div><div class=\"l-submain\"><div class=\"l-submain-h g-html i-cf\"><div class=\"g-cols\"><div class=\"full-width\">\n\t<div class=\"wpb_text_column \">\n\t\t<div class=\"wpb_wrapper\">\n\t\t\t\n<h6 style=\"text-align: center;\"><strong>Corporate Branding o Branding<\/strong> \u00a0significa \u00a0creazione di un marchio e dei suoi valori principali. Al giorno d&#8217;oggi, l&#8217;ambiente digitale \u00e8 la chiave di tutto. Creare un piano di\u00a0<strong>marketing digitale<\/strong> con l&#8217;obiettivo di diventare un marchio di riferimento per gli utenti e lavorare per migliorare la percezione del valore del marchio \u00e8 un elemento fondamentale di qualsiasi piano marketing. Una buona strategia di marketing digitale volta al miglioramento del &#8220;Brand equity&#8221; \u00e8 in grado di aumentare la<strong> consapevolezza del marchio <\/strong>\u00a0e i consumatori lo potranno percepire come di qualit\u00e0 superiore agli altri.<\/h6>\n\n\t\t<\/div> \n\t<\/div> <\/div><\/div><div class=\"g-cols\"><div class=\"full-width\"><div class=\"g-hr type_invisible\">\n\t\t\t\t\t\t<span class=\"g-hr-h\">\n\t\t\t\t\t\t\t<i class=\"fa fa-star\"><\/i>\n\t\t\t\t\t\t<\/span>\n\t\t\t\t\t<\/div><div class=\"w-actionbox color_alternate controls_aside\"><div class=\"w-actionbox-h\"><div class=\"w-actionbox-text\"><h3>Voglio ricevere informazioni sulle azioni di BRANDING<\/h3><\/div><div class=\"w-actionbox-controls\"><a class=\"w-actionbox-button g-btn type_primary outlined\" href=\"https:\/\/www.antevenio.com\/it\/branding\/branding-marketing\/\"><span>ULTERIORI INFORMAZIONI<\/span><\/a><\/div><\/div><\/div>\n\t<div class=\"wpb_raw_code wpb_content_element wpb_raw_html\">\n\t\t<div class=\"wpb_wrapper\">\n\t\t\t<a name=\"contentmarketing\" id=\"contentmarketing\"><\/a>\n\t\t<\/div> \n\t<\/div> <\/div><\/div><\/div><\/div><div class=\"l-submain color_primary\"><div class=\"l-submain-bg\" style=\"background-image: url(https:\/\/www.antevenio.com\/it\/wp-content\/uploads\/2018\/02\/branding-home-content-marketing.jpg);\"><\/div><div class=\"l-submain-h g-html i-cf\"><div class=\"g-cols\"><div class=\"one-half\">\n\t<div class=\"wpb_text_column \">\n\t\t<div class=\"wpb_wrapper\">\n\t\t\t\n<h2><strong>CONTENUTO UNICO E AUTENTICO CREATO DA INFLUENCER<\/strong> CON ALTO ENGAGEMENT<\/h2>\n\n\t\t<\/div> \n\t<\/div> <\/div><div class=\"one-half\"><\/div><\/div><\/div><\/div><div class=\"l-submain\"><div class=\"l-submain-h g-html i-cf\"><div class=\"g-cols\"><div class=\"full-width\">\n\t<div class=\"wpb_text_column \">\n\t\t<div class=\"wpb_wrapper\">\n\t\t\t\n<h3 style=\"text-align: center;\"><strong>Hai bisogno di aiuto per connetterti con influencer e siti web che meglio si adattano al tuo marchio?<\/strong><\/h3>\n<p style=\"text-align: center;\">Non preoccuparti! <strong>Antevenio \u00e8 responsabile della realizzazione della strategia di Content Marketing del tuo marchio<\/strong> attraverso i profili di comunicazione, celebrit\u00e0 e opinion leader nei principali social network come YouTube, Instagram, Facebook, Twitter, Snapchat &#8230; e in oltre 10.000 siti web in tutto il mondo .<\/p>\n\n\t\t<\/div> \n\t<\/div> <\/div><\/div><div class=\"g-cols\"><div class=\"full-width\"><div class=\"g-hr type_invisible\">\n\t\t\t\t\t\t<span class=\"g-hr-h\">\n\t\t\t\t\t\t\t<i class=\"fa fa-star\"><\/i>\n\t\t\t\t\t\t<\/span>\n\t\t\t\t\t<\/div><div class=\"w-actionbox color_primary controls_aside\"><div class=\"w-actionbox-h\"><div class=\"w-actionbox-text\"><h3>Voglio ricevere informazioni sulle azioni di Content Marketing<\/h3><\/div><div class=\"w-actionbox-controls\"><a class=\"w-actionbox-button g-btn type_contrast outlined\" href=\"https:\/\/www.antevenio.com\/it\/branding\/influencer-content-marketing\/\"><span>ULTERIORI INFORMAZIONI<\/span><\/a><\/div><\/div><\/div>\n\t<div class=\"wpb_raw_code wpb_content_element wpb_raw_html\">\n\t\t<div class=\"wpb_wrapper\">\n\t\t\t<a name=\"publicidadvideo\" id=\"publicidadvideo\"><\/a>\n\t\t<\/div> \n\t<\/div> <\/div><\/div><\/div><\/div><div class=\"l-submain color_primary\"><div class=\"l-submain-bg\" style=\"background-image: url(https:\/\/www.antevenio.com\/it\/wp-content\/uploads\/2018\/02\/publicidad-digital-video.jpg);\"><\/div><div class=\"l-submain-h g-html i-cf\"><div class=\"g-cols\"><div class=\"one-half\"><div class=\"g-hr type_invisible size_big\">\n\t\t\t\t\t\t<span class=\"g-hr-h\">\n\t\t\t\t\t\t\t<i class=\"fa fa-star\"><\/i>\n\t\t\t\t\t\t<\/span>\n\t\t\t\t\t<\/div><\/div><div class=\"one-half\">\n\t<div class=\"wpb_text_column \">\n\t\t<div class=\"wpb_wrapper\">\n\t\t\t\n<h2 style=\"text-align: right;\">PARLARE CON I TUOI CLIENTI E POTENZIALI CLIENTI IN MODO UNICO E SPECIALE ATTRAVERSO LA <strong>PUBBLICIT\u00c0 ATTRAVERSO VIDEO DIGITALI<\/strong><\/h2>\n\n\t\t<\/div> \n\t<\/div> <div class=\"g-hr type_invisible size_big\">\n\t\t\t\t\t\t<span class=\"g-hr-h\">\n\t\t\t\t\t\t\t<i class=\"fa fa-star\"><\/i>\n\t\t\t\t\t\t<\/span>\n\t\t\t\t\t<\/div><\/div><div class=\"one-half\">\n\t<div class=\"wpb_text_column \">\n\t\t<div class=\"wpb_wrapper\">\n\t\t\t<p>\n\n\t\t<\/div> \n\t<\/div> <\/div><\/div><\/div><\/div><div class=\"l-submain\"><div class=\"l-submain-h g-html i-cf\"><div class=\"g-cols\"><div class=\"full-width\">\n\t<div class=\"wpb_text_column \">\n\t\t<div class=\"wpb_wrapper\">\n\t\t\t\n<h3 style=\"text-align: center;\"><strong>Ti piacerebbe connetterti con i tuoi clienti in modo indelebile?<\/strong><\/h3>\n<p style=\"text-align: center;\">In Antevenio ti aiutiamo a sviluppare azioni pubblicitarie attraverso i video che non verranno mai cancellati dalle menti dei tuoi clienti. Abbiamo <strong>un&#8217;esclusiva rete Premium per garantire ambienti sicuri per il marchio<\/strong> in tutta Europa e in America.<\/p>\n\n\t\t<\/div> \n\t<\/div> <div class=\"w-actionbox color_primary controls_aside\"><div class=\"w-actionbox-h\"><div class=\"w-actionbox-text\"><h3>Voglio ricevere informazioni sulla pubblicit\u00e0 digitale con i video<\/h3><\/div><div class=\"w-actionbox-controls\"><a class=\"w-actionbox-button g-btn type_contrast outlined\" href=\"https:\/\/www.antevenio.com\/it\/branding\/pubblicita-digitale-video\/\"><span>ULTERIORI INFORMAZIONI<\/span><\/a><\/div><\/div><\/div>\n\t<div class=\"wpb_raw_code wpb_content_element wpb_raw_html\">\n\t\t<div class=\"wpb_wrapper\">\n\t\t\t<a name=\"richreach\" id=\"richreach\"><\/a>\n\t\t<\/div> \n\t<\/div> <\/div><\/div><\/div><\/div><div class=\"l-submain color_primary\"><div class=\"l-submain-bg\" style=\"background-image: url(https:\/\/www.antevenio.com\/it\/wp-content\/uploads\/2018\/02\/branding-home-rich-media.jpg);\"><\/div><div class=\"l-submain-h g-html i-cf\"><div class=\"g-cols\"><div class=\"one-half\">\n\t<div class=\"wpb_text_column \">\n\t\t<div class=\"wpb_wrapper\">\n\t\t\t\n<h2 style=\"text-align: left;\"><strong>FORMATI PUBBLICITARI INTERATTIVI RICH MEDIA <\/strong> PER MARCHI ALL&#8217;AVANGUARDIA<\/h2>\n\n\t\t<\/div> \n\t<\/div> <div class=\"g-hr type_invisible size_big\">\n\t\t\t\t\t\t<span class=\"g-hr-h\">\n\t\t\t\t\t\t\t<i class=\"fa fa-star\"><\/i>\n\t\t\t\t\t\t<\/span>\n\t\t\t\t\t<\/div><\/div><div class=\"one-half\"><div class=\"g-hr type_invisible size_big\">\n\t\t\t\t\t\t<span class=\"g-hr-h\">\n\t\t\t\t\t\t\t<i class=\"fa fa-star\"><\/i>\n\t\t\t\t\t\t<\/span>\n\t\t\t\t\t<\/div><\/div><\/div><\/div><\/div><div class=\"l-submain\"><div class=\"l-submain-h g-html i-cf\"><div class=\"g-cols\"><div class=\"full-width\">\n\t<div class=\"wpb_text_column \">\n\t\t<div class=\"wpb_wrapper\">\n\t\t\t\n<h3 style=\"text-align: center;\"><strong>Hai bisogno di noi per aiutarti a realizzare azioni pubblicitarie di grande impatto?<\/strong><\/h3>\n<p style=\"text-align: center;\">Con Antevenio sarai in grado di realizzare articoli pubblicitari pi\u00f9 impressionanti e con la massima notoriet\u00e0 grazie ai formati Rich Media con cui gli utenti interagiscono. Sviluppiamo e mostriamo creativit\u00e0 in formato ad-hoc in un <strong>ambiente sicuro per il marchio grazie alla nostra esclusiva rete pubblicitaria Premium.<\/strong><\/p>\n\n\t\t<\/div> \n\t<\/div> <div class=\"w-actionbox color_primary controls_aside\"><div class=\"w-actionbox-h\"><div class=\"w-actionbox-text\"><h3>Voglio ricevere ulteriori informazioni sui formati Rich Media<\/h3><\/div><div class=\"w-actionbox-controls\"><a class=\"w-actionbox-button g-btn type_contrast outlined\" href=\"https:\/\/www.antevenio.com\/it\/branding\/annunci-display-rich-media\/\"><span>ULTERIORI INFORMAZIONI<\/span><\/a><\/div><\/div><\/div>\n\t<div class=\"wpb_raw_code wpb_content_element wpb_raw_html\">\n\t\t<div class=\"wpb_wrapper\">\n\t\t\t<a name=\"programatica\" id=\"programatica\"><\/a>\n\t\t<\/div> \n\t<\/div> <\/div><\/div><\/div><\/div><div class=\"l-submain color_primary\"><div class=\"l-submain-bg\" style=\"background-image: url(https:\/\/www.antevenio.com\/it\/wp-content\/uploads\/2018\/02\/Programatica.jpg);\"><\/div><div class=\"l-submain-h g-html i-cf\"><div class=\"g-cols\"><div class=\"one-half\"><div class=\"g-hr type_invisible size_big\">\n\t\t\t\t\t\t<span class=\"g-hr-h\">\n\t\t\t\t\t\t\t<i class=\"fa fa-star\"><\/i>\n\t\t\t\t\t\t<\/span>\n\t\t\t\t\t<\/div><\/div><div class=\"one-half\">\n\t<div class=\"wpb_text_column \">\n\t\t<div class=\"wpb_wrapper\">\n\t\t\t\n<h2 style=\"text-align: right;\"><strong>ESTENDI IL CAMPO DI APPLICAZIONE DEL TUO BRAND<\/strong> OTTIMIZZANDO AUTOMATICAMENTE LA TUA PUBBLICIT\u00c0 CON PROGRAMMATIC BUYING<\/h2>\n\n\t\t<\/div> \n\t<\/div> <div class=\"g-hr type_invisible size_big\">\n\t\t\t\t\t\t<span class=\"g-hr-h\">\n\t\t\t\t\t\t\t<i class=\"fa fa-star\"><\/i>\n\t\t\t\t\t\t<\/span>\n\t\t\t\t\t<\/div><\/div><div class=\"one-half\"><\/div><\/div><\/div><\/div><div class=\"l-submain\"><div class=\"l-submain-h g-html i-cf\"><div class=\"g-cols\"><div class=\"full-width\">\n\t<div class=\"wpb_text_column \">\n\t\t<div class=\"wpb_wrapper\">\n\t\t\t\n<h3 style=\"text-align: center;\"><strong>Vuoi accedere a un inventario illimitato di pubblico per l&#8217;acquisto di spazi pubblicitari in modo automatico?<\/strong><\/h3>\n<p style=\"text-align: center;\">In Antevenio abbiamo una rete Premium esclusiva di <strong>acquisto e reti private di programmatic buying in un ambiente sicuro per il marchio.<\/strong>.<\/p>\n\n\t\t<\/div> \n\t<\/div> <div class=\"w-actionbox color_primary controls_aside\"><div class=\"w-actionbox-h\"><div class=\"w-actionbox-text\"><h3>Voglio ricevere informazioni sul programmatic buying<\/h3><\/div><div class=\"w-actionbox-controls\"><a class=\"w-actionbox-button g-btn type_contrast outlined\" href=\"https:\/\/www.antevenio.com\/it\/branding\/programmatic-buying\/\"><span>ULTERIORI INFORMAZIONI<\/span><\/a><\/div><\/div><\/div><\/div><\/div><\/div><\/div>","protected":false},"excerpt":{"rendered":"[section background=\"primary\" img=\"\" class=\"anclas\"]Branding Marketing Influencer &amp; Content Marketing Pubblicit\u00e0 in Video Rich Media Programmatica [\/section][section background=\"\" img=\"\" full_width=\"1\" full_height=\"1\"] TRAMITE IL MARKETING DIGITALE TI AIUTIAMO A CREARE IL TUO MARCHIOCURANDO LA REPUTAZIONE EOTTIMIZZAZIONE DELL'IMMAGINE AZIENDALE Migliora direttamente il capitale...","protected":false},"author":1,"featured_media":0,"parent":0,"menu_order":0,"comment_status":"closed","ping_status":"closed","template":"","meta":{"footnotes":""},"yoast_head":"<!-- This site is optimized with the Yoast SEO plugin v21.7 - https:\/\/yoast.com\/wordpress\/plugins\/seo\/ -->\n<title>Branding - Antevenio<\/title>\n<meta name=\"robots\" content=\"index, follow, max-snippet:-1, max-image-preview:large, max-video-preview:-1\" \/>\n<link rel=\"canonical\" href=\"https:\/\/www.antevenio.com\/it\/branding\/\" \/>\n<meta property=\"og:locale\" content=\"it_IT\" \/>\n<meta property=\"og:type\" content=\"article\" \/>\n<meta property=\"og:title\" content=\"Branding - Antevenio\" \/>\n<meta property=\"og:url\" content=\"https:\/\/www.antevenio.com\/it\/branding\/\" \/>\n<meta property=\"og:site_name\" content=\"Antevenio\" \/>\n<meta property=\"article:modified_time\" content=\"2018-03-07T11:36:16+00:00\" \/>\n<meta name=\"twitter:card\" content=\"summary_large_image\" \/>\n<meta name=\"twitter:label1\" content=\"Est. reading time\" \/>\n\t<meta name=\"twitter:data1\" content=\"5 minuti\" \/>\n<script type=\"application\/ld+json\" class=\"yoast-schema-graph\">{\"@context\":\"https:\/\/schema.org\",\"@graph\":[{\"@type\":\"WebPage\",\"@id\":\"https:\/\/www.antevenio.com\/it\/branding\/\",\"url\":\"https:\/\/www.antevenio.com\/it\/branding\/\",\"name\":\"Branding - Antevenio\",\"isPartOf\":{\"@id\":\"https:\/\/www.antevenio.com\/it\/#website\"},\"datePublished\":\"2018-02-27T17:14:15+00:00\",\"dateModified\":\"2018-03-07T11:36:16+00:00\",\"breadcrumb\":{\"@id\":\"https:\/\/www.antevenio.com\/it\/branding\/#breadcrumb\"},\"inLanguage\":\"it-IT\",\"potentialAction\":[{\"@type\":\"ReadAction\",\"target\":[\"https:\/\/www.antevenio.com\/it\/branding\/\"]}]},{\"@type\":\"BreadcrumbList\",\"@id\":\"https:\/\/www.antevenio.com\/it\/branding\/#breadcrumb\",\"itemListElement\":[{\"@type\":\"ListItem\",\"position\":1,\"name\":\"Home\",\"item\":\"https:\/\/www.antevenio.com\/it\/\"},{\"@type\":\"ListItem\",\"position\":2,\"name\":\"Branding\"}]},{\"@type\":\"WebSite\",\"@id\":\"https:\/\/www.antevenio.com\/it\/#website\",\"url\":\"https:\/\/www.antevenio.com\/it\/\",\"name\":\"Antevenio\",\"description\":\"Marketing online\",\"potentialAction\":[{\"@type\":\"SearchAction\",\"target\":{\"@type\":\"EntryPoint\",\"urlTemplate\":\"https:\/\/www.antevenio.com\/it\/?s={search_term_string}\"},\"query-input\":\"required name=search_term_string\"}],\"inLanguage\":\"it-IT\"}]}<\/script>\n<!-- \/ Yoast SEO plugin. -->","yoast_head_json":{"title":"Branding - Antevenio","robots":{"index":"index","follow":"follow","max-snippet":"max-snippet:-1","max-image-preview":"max-image-preview:large","max-video-preview":"max-video-preview:-1"},"canonical":"https:\/\/www.antevenio.com\/it\/branding\/","og_locale":"it_IT","og_type":"article","og_title":"Branding - Antevenio","og_url":"https:\/\/www.antevenio.com\/it\/branding\/","og_site_name":"Antevenio","article_modified_time":"2018-03-07T11:36:16+00:00","twitter_card":"summary_large_image","twitter_misc":{"Est. reading time":"5 minuti"},"schema":{"@context":"https:\/\/schema.org","@graph":[{"@type":"WebPage","@id":"https:\/\/www.antevenio.com\/it\/branding\/","url":"https:\/\/www.antevenio.com\/it\/branding\/","name":"Branding - Antevenio","isPartOf":{"@id":"https:\/\/www.antevenio.com\/it\/#website"},"datePublished":"2018-02-27T17:14:15+00:00","dateModified":"2018-03-07T11:36:16+00:00","breadcrumb":{"@id":"https:\/\/www.antevenio.com\/it\/branding\/#breadcrumb"},"inLanguage":"it-IT","potentialAction":[{"@type":"ReadAction","target":["https:\/\/www.antevenio.com\/it\/branding\/"]}]},{"@type":"BreadcrumbList","@id":"https:\/\/www.antevenio.com\/it\/branding\/#breadcrumb","itemListElement":[{"@type":"ListItem","position":1,"name":"Home","item":"https:\/\/www.antevenio.com\/it\/"},{"@type":"ListItem","position":2,"name":"Branding"}]},{"@type":"WebSite","@id":"https:\/\/www.antevenio.com\/it\/#website","url":"https:\/\/www.antevenio.com\/it\/","name":"Antevenio","description":"Marketing online","potentialAction":[{"@type":"SearchAction","target":{"@type":"EntryPoint","urlTemplate":"https:\/\/www.antevenio.com\/it\/?s={search_term_string}"},"query-input":"required name=search_term_string"}],"inLanguage":"it-IT"}]}},"_links":{"self":[{"href":"https:\/\/www.antevenio.com\/it\/wp-json\/wp\/v2\/pages\/11256"}],"collection":[{"href":"https:\/\/www.antevenio.com\/it\/wp-json\/wp\/v2\/pages"}],"about":[{"href":"https:\/\/www.antevenio.com\/it\/wp-json\/wp\/v2\/types\/page"}],"author":[{"embeddable":true,"href":"https:\/\/www.antevenio.com\/it\/wp-json\/wp\/v2\/users\/1"}],"replies":[{"embeddable":true,"href":"https:\/\/www.antevenio.com\/it\/wp-json\/wp\/v2\/comments?post=11256"}],"version-history":[{"count":8,"href":"https:\/\/www.antevenio.com\/it\/wp-json\/wp\/v2\/pages\/11256\/revisions"}],"predecessor-version":[{"id":11440,"href":"https:\/\/www.antevenio.com\/it\/wp-json\/wp\/v2\/pages\/11256\/revisions\/11440"}],"wp:attachment":[{"href":"https:\/\/www.antevenio.com\/it\/wp-json\/wp\/v2\/media?parent=11256"}],"curies":[{"name":"wp","href":"https:\/\/api.w.org\/{rel}","templated":true}]}}