{"id":11246,"date":"2018-02-27T18:04:18","date_gmt":"2018-02-27T17:04:18","guid":{"rendered":"http:\/\/www.antevenio.com\/it\/?page_id=11246"},"modified":"2018-03-02T09:33:16","modified_gmt":"2018-03-02T08:33:16","slug":"performance","status":"publish","type":"page","link":"https:\/\/www.antevenio.com\/it\/performance\/","title":{"rendered":"Performance"},"content":{"rendered":"<div class=\"l-submain color_primary anclas\"><div class=\"l-submain-h g-html i-cf\"><div class=\"g-cols\"><div class=\"full-width\"><span class=\"wpb_button align_left\"><a href=\"#performance\"class=\"g-btn type_contrast size_small outlined\"><span>Performance Marketing<\/span><\/a><\/span>\n<span class=\"wpb_button align_left\"><a href=\"#leadgen\"class=\"g-btn type_contrast size_small outlined\"><span>Lead Generation<\/span><\/a><\/span>\n<span class=\"wpb_button align_left\"><a href=\"#BBDD\"class=\"g-btn type_contrast size_small outlined\"><span>Database di Email Marketing<\/span><\/a><\/span>\n<span class=\"wpb_button align_left\"><a href=\"#socialads\"class=\"g-btn type_contrast size_small outlined\"><span>Social Ads<\/span><\/a><\/span>\n<span class=\"wpb_button align_left\"><a href=\"#sem\"class=\"g-btn type_contrast size_small outlined\"><span>SEM<\/span><\/a><\/span>\n<\/div><\/div><\/div><\/div><div class=\"l-submain full_width full_height\"><div class=\"l-submain-h g-html i-cf\"><div class=\"g-cols\"><div class=\"full-width\">\n\t<div class=\"wpb_raw_code wpb_content_element wpb_raw_html\">\n\t\t<div class=\"wpb_wrapper\">\n\t\t\t<a name=\"performance\" id=\"performance\"><\/a>\n\t\t<\/div> \n\t<\/div> <div class=\"wpb_revslider_element wpb_content_element\">\n\t\t\t<!-- START Performance Slider REVOLUTION SLIDER 6.5.9 --><p class=\"rs-p-wp-fix\"><\/p>\n\t\t\t<rs-module-wrap id=\"rev_slider_4_1_wrapper\" data-source=\"gallery\" data-aimg=\"\"  style=\"visibility:hidden;padding:0;margin:0px auto;margin-top:0;margin-bottom:0;\">\n\t\t\t\t<rs-module id=\"rev_slider_4_1\" style=\"\" data-version=\"6.5.9\">\n\t\t\t\t\t<rs-slides>\n\t\t\t\t\t\t<rs-slide style=\"position: absolute;\" data-key=\"rs-11\" data-title=\"Slide\" data-duration=\"6000\" data-anim=\"ms:300;\" data-in=\"y:-100%;\">\n\t\t\t\t\t\t\t<img decoding=\"async\" src=\"\/\/www.antevenio.com\/it\/wp-content\/plugins\/revslider\/public\/assets\/assets\/dummy.png\" title=\"Performance\" class=\"rev-slidebg tp-rs-img rs-lazyload\" data-lazyload=\"\/\/www.antevenio.com\/it\/wp-content\/uploads\/2018\/02\/Performance_home.jpg\" data-no-retina>\n<!--\n\t\t\t\t\t\t\t--><rs-layer\n\t\t\t\t\t\t\t\tid=\"slider-4-slide-11-layer-1\" \n\t\t\t\t\t\t\t\tclass=\"impreza_white_big\"\n\t\t\t\t\t\t\t\tdata-type=\"text\"\n\t\t\t\t\t\t\t\tdata-color=\"#ffffff\"\n\t\t\t\t\t\t\t\tdata-rsp_ch=\"on\"\n\t\t\t\t\t\t\t\tdata-xy=\"x:20px;y:100px;\"\n\t\t\t\t\t\t\t\tdata-text=\"s:40;l:43;\"\n\t\t\t\t\t\t\t\tdata-frame_1=\"st:500;\"\n\t\t\t\t\t\t\t\tdata-frame_999=\"st:5400;auto:true;\"\n\t\t\t\t\t\t\t\tstyle=\"z-index:5;font-family:'Noto Sans';margin:0px;text-shadow:rgba(0, 0, 0, 0.2) 0px 1px 0px;\"\n\t\t\t\t\t\t\t>ABBIAMO LE RISORSE E CREIAMO L'ECOSISTEMA  \n\t\t\t\t\t\t\t<\/rs-layer><!--\n\n\t\t\t\t\t\t\t--><rs-layer\n\t\t\t\t\t\t\t\tid=\"slider-4-slide-11-layer-2\" \n\t\t\t\t\t\t\t\tclass=\"impreza_white_big\"\n\t\t\t\t\t\t\t\tdata-type=\"text\"\n\t\t\t\t\t\t\t\tdata-color=\"#ffffff\"\n\t\t\t\t\t\t\t\tdata-rsp_ch=\"on\"\n\t\t\t\t\t\t\t\tdata-xy=\"x:20px;y:145px;\"\n\t\t\t\t\t\t\t\tdata-text=\"s:40;l:43;\"\n\t\t\t\t\t\t\t\tdata-frame_1=\"st:800;\"\n\t\t\t\t\t\t\t\tdata-frame_999=\"st:5400;auto:true;\"\n\t\t\t\t\t\t\t\tstyle=\"z-index:6;font-family:'Noto Sans';margin:0px;text-shadow:rgba(0, 0, 0, 0.2) 0px 1px 0px;\"\n\t\t\t\t\t\t\t>NECESSARIO CON STRATEGIE DI MARKETING<\/br><strong> DIGITALE PER RAGGIUNGERE I TUOI OBIETTIVI <\/strong> \n\t\t\t\t\t\t\t<\/rs-layer><!--\n\n\t\t\t\t\t\t\t--><rs-layer\n\t\t\t\t\t\t\t\tid=\"slider-4-slide-11-layer-3\" \n\t\t\t\t\t\t\t\tclass=\"impreza_white_small\"\n\t\t\t\t\t\t\t\tdata-type=\"text\"\n\t\t\t\t\t\t\t\tdata-color=\"#ffffff\"\n\t\t\t\t\t\t\t\tdata-rsp_ch=\"on\"\n\t\t\t\t\t\t\t\tdata-xy=\"x:20px;y:250px;\"\n\t\t\t\t\t\t\t\tdata-text=\"s:18;l:26;\"\n\t\t\t\t\t\t\t\tdata-frame_1=\"st:1100;\"\n\t\t\t\t\t\t\t\tdata-frame_999=\"st:5400;auto:true;\"\n\t\t\t\t\t\t\t\tstyle=\"z-index:7;font-family:'Noto Sans';margin:0px;text-shadow:rgba(0, 0, 0, 0.2) 0px 1px 0px;\"\n\t\t\t\t\t\t\t>Lavoriamo misurando e ottimizzando secondo le  performance ottenute; <\/br>Clic, lead, download, vendite ... \n\t\t\t\t\t\t\t<\/rs-layer><!--\n-->\t\t\t\t\t\t<\/rs-slide>\n\t\t\t\t\t<\/rs-slides>\n\t\t\t\t<\/rs-module>\n\t\t\t\t<script type=\"text\/javascript\">\n\t\t\t\t\tsetREVStartSize({c: 'rev_slider_4_1',rl:[1240,1024,778,480],el:[],gw:[1000],gh:[500],type:'standard',justify:'',layout:'fullwidth',mh:\"0\"});if (window.RS_MODULES!==undefined && window.RS_MODULES.modules!==undefined && window.RS_MODULES.modules[\"revslider41\"]!==undefined) {window.RS_MODULES.modules[\"revslider41\"].once = false;window.revapi4 = undefined;if (window.RS_MODULES.checkMinimal!==undefined) window.RS_MODULES.checkMinimal()}\n\t\t\t\t<\/script>\n\t\t\t<\/rs-module-wrap>\n\t\t\t<!-- END REVOLUTION SLIDER -->\n<\/div>\n<\/div><\/div><\/div><\/div><div class=\"l-submain\"><div class=\"l-submain-h g-html i-cf\"><div class=\"g-cols\"><div class=\"full-width\">\n\t<div class=\"wpb_text_column \">\n\t\t<div class=\"wpb_wrapper\">\n\t\t\t\n<h6 style=\"text-align: center;\"><strong>Performance marketing<\/strong> o <strong>marketing dei risultati<\/strong> sono termini che identificano quelle azioni e strategie digitali che mirano a risultati concreti e sono ottimizzati in base a questi elementi<\/h6>\n<h6 style=\"text-align: center;\"><strong>In Antevenio abbiamo sviluppato un sistema di lavoro per gestire le campagne di performance marketing<\/strong> in cui utilizziamo tutti quei formati che Internet ci offre per trovare i il target di persone interessate a uno o pi\u00f9 prodotti o servizi specifici. Ottimizziamo la campagna concentrandoci sugli obiettivi stabiliti; sia che siano SEM, Social Media, Affiliazione, Email Marketing, APP, Content Marketing o qualsiasi altro modello live nell&#8217;ambiente digitale.<br \/>\nTra i nostri canali abituali ci sono:<\/h6>\n<ul>\n<li>\n<h6 style=\"text-align: left;\"><strong><a target=\"_blank\" href=\"https:\/\/www.antevenio.com\/it\/performance\/propri-database-email-marketing\/\">Email Marketing<\/a>:<\/strong> Abbiamo oltre 10 milioni di utenti nei nostri database.<\/h6>\n<\/li>\n<li>\n<h6 style=\"text-align: left;\"><strong><a target=\"_blank\" href=\"https:\/\/www.antevenio.com\/it\/performance\/sem\/\">Performance SEM di Google<\/a>:<\/strong> Abbiamo team specializzati nella gestione di campagne di performance all&#8217;interno del &#8220;marketplace&#8221; di Google e del suo contesto.<\/h6>\n<\/li>\n<li>\n<h6 style=\"text-align: left;\"><strong><a target=\"_blank\" href=\"https:\/\/www.antevenio.com\/it\/performance\/acquisire-utenti-e-generare-lead\/\">Lead Generation<\/a>:<\/strong> Un team specializzato di professionisti insieme alle nostre tecnologie orientate al Performance Marketing ci rendono il partner perfetto per la gestione delle campagne di lead capture.<\/h6>\n<\/li>\n<li>\n<h6 style=\"text-align: left;\"><a target=\"_blank\" href=\"https:\/\/www.antevenio.com\/it\/performance\/social-ads\/\"><strong>Pubblicit\u00e0 social \/ acquisti su Facebook<\/strong><\/a><strong>:<\/strong> I social network e in particolare Facebook sono diventati un canale perfetto per sviluppare strategie di performance marketing. Siamo esperti nella gestione di queste piattaforme e della loro ottimizzazione per Performance.<\/h6>\n<\/li>\n<\/ul>\n\n\t\t<\/div> \n\t<\/div> <\/div><\/div><div class=\"g-cols\"><div class=\"full-width\"><div class=\"g-hr type_invisible\">\n\t\t\t\t\t\t<span class=\"g-hr-h\">\n\t\t\t\t\t\t\t<i class=\"fa fa-star\"><\/i>\n\t\t\t\t\t\t<\/span>\n\t\t\t\t\t<\/div><div class=\"w-actionbox color_alternate controls_aside\"><div class=\"w-actionbox-h\"><div class=\"w-actionbox-text\"><h3>Voglio ricevere informazioni sulle azioni di PERFORMANCE MARKETING <\/h3><\/div><div class=\"w-actionbox-controls\"><a class=\"w-actionbox-button g-btn type_primary outlined\" href=\"https:\/\/www.antevenio.com\/it\/performance\/performance-marketing\/\"><span>ULTERIORI INFORMAZIONI<\/span><\/a><\/div><\/div><\/div>\n\t<div class=\"wpb_raw_code wpb_content_element wpb_raw_html\">\n\t\t<div class=\"wpb_wrapper\">\n\t\t\t<a name=\"leadgen\" id=\"leadgen\"><\/a>\n\t\t<\/div> \n\t<\/div> <\/div><\/div><\/div><\/div><div class=\"l-submain color_primary\"><div class=\"l-submain-bg\" style=\"background-image: url(https:\/\/www.antevenio.com\/it\/wp-content\/uploads\/2018\/02\/performance-home-lead.jpg);\"><\/div><div class=\"l-submain-h g-html i-cf\"><div class=\"g-cols\"><div class=\"one-half\"><\/div><div class=\"one-half\">\n\t<div class=\"wpb_text_column \">\n\t\t<div class=\"wpb_wrapper\">\n\t\t\t\n<h2>TROVIAMO I TUOI POTENZIALI CLIENTI E <strong> GENERIAMO CONVERSIONI PER IL TUO BUSINESS<\/strong><\/h2>\n\n\t\t<\/div> \n\t<\/div> <\/div><\/div><\/div><\/div><div class=\"l-submain\"><div class=\"l-submain-h g-html i-cf\"><div class=\"g-cols\"><div class=\"full-width\">\n\t<div class=\"wpb_text_column \">\n\t\t<div class=\"wpb_wrapper\">\n\t\t\t\n<h3 style=\"text-align: center;\"><strong>Come possiamo aiutarti ad attirare i clienti di cui hai bisogno?<\/strong><\/h3>\n<p style=\"text-align: center;\">La nostra metodologia di lavoro consentir\u00e0 al tuo brand di ottenere <strong>visibilit\u00e0 e aumentare le conversioni attraverso campagne pubblicitarie mirate che generano vendite per la tua attivit\u00e0<\/strong>.<\/p>\n\n\t\t<\/div> \n\t<\/div> <\/div><\/div><div class=\"g-cols\"><div class=\"full-width\"><div class=\"g-hr type_invisible\">\n\t\t\t\t\t\t<span class=\"g-hr-h\">\n\t\t\t\t\t\t\t<i class=\"fa fa-star\"><\/i>\n\t\t\t\t\t\t<\/span>\n\t\t\t\t\t<\/div><div class=\"w-actionbox color_primary controls_aside\"><div class=\"w-actionbox-h\"><div class=\"w-actionbox-text\"><h3>Voglio ricevere informazioni sulla User Recruitment e Lead Generation<\/h3><\/div><div class=\"w-actionbox-controls\"><a class=\"w-actionbox-button g-btn type_contrast outlined\" href=\"https:\/\/www.antevenio.com\/it\/performance\/acquisire-utenti-e-generare-lead\/\"><span>ULTERIORI INFORMAZIONI<\/span><\/a><\/div><\/div><\/div>\n\t<div class=\"wpb_raw_code wpb_content_element wpb_raw_html\">\n\t\t<div class=\"wpb_wrapper\">\n\t\t\t<a name=\"BBDD\" id=\"BBDD\"><\/a>\n\t\t<\/div> \n\t<\/div> <\/div><\/div><\/div><\/div><div class=\"l-submain color_primary\"><div class=\"l-submain-bg\" style=\"background-image: url(https:\/\/www.antevenio.com\/it\/wp-content\/uploads\/2018\/02\/performance-home-database-1.jpg);\"><\/div><div class=\"l-submain-h g-html i-cf\"><div class=\"g-cols\"><div class=\"one-half\"><div class=\"g-hr type_invisible size_big\">\n\t\t\t\t\t\t<span class=\"g-hr-h\">\n\t\t\t\t\t\t\t<i class=\"fa fa-star\"><\/i>\n\t\t\t\t\t\t<\/span>\n\t\t\t\t\t<\/div><\/div><div class=\"one-half\">\n\t<div class=\"wpb_text_column \">\n\t\t<div class=\"wpb_wrapper\">\n\t\t\t\n<h2 style=\"text-align: right;\">TI OFFRIAMO PI\u00d9 DI 20 MILIONI UTENTI, <strong> ACQUIRENTI ATTIVI TRAMITE NOSTRI DATABASE <\/strong><\/h2>\n\n\t\t<\/div> \n\t<\/div> <div class=\"g-hr type_invisible size_big\">\n\t\t\t\t\t\t<span class=\"g-hr-h\">\n\t\t\t\t\t\t\t<i class=\"fa fa-star\"><\/i>\n\t\t\t\t\t\t<\/span>\n\t\t\t\t\t<\/div><\/div><div class=\"one-half\">\n\t<div class=\"wpb_text_column \">\n\t\t<div class=\"wpb_wrapper\">\n\t\t\t<p>\n\n\t\t<\/div> \n\t<\/div> <\/div><\/div><\/div><\/div><div class=\"l-submain\"><div class=\"l-submain-h g-html i-cf\"><div class=\"g-cols\"><div class=\"full-width\">\n\t<div class=\"wpb_text_column \">\n\t\t<div class=\"wpb_wrapper\">\n\t\t\t\n<h3 style=\"text-align: center;\"><strong>Hai bisogno di e-mail di acquirenti qualificati negli Stati Uniti, Europa o LATAM?<\/strong><\/h3>\n<p style=\"text-align: center;\"><strong>I database mail di propriet\u00e0 di Antevenio crescono e si rinnovano ogni giorno <\/strong> grazie al reclutamento segmentato di migliaia di nuovi utenti. <strong>I nostri IP sono certificati dal Return Path <\/strong> che ci assicura la possibilit\u00e0 di recapitare la posta in arrivo in MSN \/ Hotmail \/ Yahoo \/ AOL \/ Earthlink, ecc&#8230;<\/p>\n\n\t\t<\/div> \n\t<\/div> <div class=\"w-actionbox color_primary controls_aside\"><div class=\"w-actionbox-h\"><div class=\"w-actionbox-text\"><h3>Voglio ricevere informazioni sui database di Email Marketing<\/h3><\/div><div class=\"w-actionbox-controls\"><a class=\"w-actionbox-button g-btn type_contrast outlined\" href=\"https:\/\/www.antevenio.com\/it\/performance\/propri-database-email-marketing\/\"><span>ULTERIORI INFORMAZIONI<\/span><\/a><\/div><\/div><\/div>\n\t<div class=\"wpb_raw_code wpb_content_element wpb_raw_html\">\n\t\t<div class=\"wpb_wrapper\">\n\t\t\t<a name=\"socialads\" id=\"socialads\"><\/a>\n\t\t<\/div> \n\t<\/div> <\/div><\/div><\/div><\/div><div class=\"l-submain color_primary\"><div class=\"l-submain-bg\" style=\"background-image: url(https:\/\/www.antevenio.com\/it\/wp-content\/uploads\/2018\/02\/performance-home-social-ads.jpg);\"><\/div><div class=\"l-submain-h g-html i-cf\"><div class=\"g-cols\"><div class=\"one-half\"><\/div><div class=\"one-half\">\n\t<div class=\"wpb_text_column \">\n\t\t<div class=\"wpb_wrapper\">\n\t\t\t\n<h2><strong>CATTURA DI POTENZIALI CLIENTI NELLE RETI SOCIALI<\/strong> E GENERAZIONE DI CONVERSIONI<\/h2>\n\n\t\t<\/div> \n\t<\/div> <\/div><\/div><\/div><\/div><div class=\"l-submain\"><div class=\"l-submain-h g-html i-cf\"><div class=\"g-cols\"><div class=\"full-width\">\n\t<div class=\"wpb_text_column \">\n\t\t<div class=\"wpb_wrapper\">\n\t\t\t\n<h3 style=\"text-align: center;\"><strong><br \/>\nHai bisogno di espandere la portata delle tue campagne pubblicitarie attraverso i Social ads?<br \/>\n<\/strong><\/h3>\n<p style=\"text-align: center;\">La nostra metodologia di lavoro permetter\u00e0 al tuo marchio di ottenere la massima <strong>visibilit\u00e0 nei social network attraverso l&#8217;acquisizione delle lead<\/strong>\u00a0con annunci segmentati che generano vendite per la tua attivit\u00e0.<\/p>\n\n\t\t<\/div> \n\t<\/div> <\/div><\/div><div class=\"g-cols\"><div class=\"full-width\"><div class=\"g-hr type_invisible\">\n\t\t\t\t\t\t<span class=\"g-hr-h\">\n\t\t\t\t\t\t\t<i class=\"fa fa-star\"><\/i>\n\t\t\t\t\t\t<\/span>\n\t\t\t\t\t<\/div><div class=\"w-actionbox color_primary controls_aside\"><div class=\"w-actionbox-h\"><div class=\"w-actionbox-text\"><h3>Voglio ricevere informazioni sui Social Ads<\/h3><\/div><div class=\"w-actionbox-controls\"><a class=\"w-actionbox-button g-btn type_contrast outlined\" href=\"https:\/\/www.antevenio.com\/it\/performance\/social-ads\/\"><span> ULTERIORI INFORMAZIONI<\/span><\/a><\/div><\/div><\/div>\n\t<div class=\"wpb_raw_code wpb_content_element wpb_raw_html\">\n\t\t<div class=\"wpb_wrapper\">\n\t\t\t<a name=\"sem\" id=\"sem\"><\/a>\n\t\t<\/div> \n\t<\/div> <\/div><\/div><\/div><\/div><div class=\"l-submain color_primary\"><div class=\"l-submain-bg\" style=\"background-image: url(https:\/\/www.antevenio.com\/it\/wp-content\/uploads\/2018\/02\/SEM-IT.jpg);\"><\/div><div class=\"l-submain-h g-html i-cf\"><div class=\"g-cols\"><div class=\"one-half\"><div class=\"g-hr type_invisible size_big\">\n\t\t\t\t\t\t<span class=\"g-hr-h\">\n\t\t\t\t\t\t\t<i class=\"fa fa-star\"><\/i>\n\t\t\t\t\t\t<\/span>\n\t\t\t\t\t<\/div><\/div><div class=\"one-half\">\n\t<div class=\"wpb_text_column \">\n\t\t<div class=\"wpb_wrapper\">\n\t\t\t\n<h2 style=\"text-align: right;\"><strong>AUMENTA IL NUMERO DEI NUOVI CLIENTI<\/strong> ESTENDENDO IL TUO REACH CON LE CAMPAGNE ADWORDS SEM \/ GOOGLE<\/h2>\n\n\t\t<\/div> \n\t<\/div> <div class=\"g-hr type_invisible size_big\">\n\t\t\t\t\t\t<span class=\"g-hr-h\">\n\t\t\t\t\t\t\t<i class=\"fa fa-star\"><\/i>\n\t\t\t\t\t\t<\/span>\n\t\t\t\t\t<\/div><\/div><div class=\"one-half\">\n\t<div class=\"wpb_text_column \">\n\t\t<div class=\"wpb_wrapper\">\n\t\t\t<p>\n\n\t\t<\/div> \n\t<\/div> <\/div><\/div><\/div><\/div><div class=\"l-submain\"><div class=\"l-submain-h g-html i-cf\"><div class=\"g-cols\"><div class=\"full-width\">\n\t<div class=\"wpb_text_column \">\n\t\t<div class=\"wpb_wrapper\">\n\t\t\t\n<h3 style=\"text-align: center;\"><strong>Hai bisogno di aumentare le vendite della tua attivit\u00e0 acquisendo nuovi clienti attraverso gli annunci nel motore di ricerca di Google?<\/strong><\/h3>\n<p style=\"text-align: center;\">Antevenio ti aiuta ad aumentare la portata del tuo marchio <strong>acquisendo nuovi clienti per il tuo database in ambienti segmentati tramite annunci SEM <\/strong>\u00a0nel motore di ricerca di Google.<\/p>\n\n\t\t<\/div> \n\t<\/div> <div class=\"w-actionbox color_primary controls_aside\"><div class=\"w-actionbox-h\"><div class=\"w-actionbox-text\"><h3> Voglio ricevere informazioni sul SEM<\/h3><\/div><div class=\"w-actionbox-controls\"><a class=\"w-actionbox-button g-btn type_contrast outlined\" href=\"https:\/\/www.antevenio.com\/it\/performance\/sem\/\"><span> ULTERIORI INFORMAZIONI<\/span><\/a><\/div><\/div><\/div><\/div><\/div><\/div><\/div>","protected":false},"excerpt":{"rendered":"[section background=\"primary\" img=\"\" class=\"anclas\"]Performance Marketing Lead Generation Database di Email Marketing Social Ads SEM [\/section][section background=\"\" img=\"\" full_width=\"1\" full_height=\"1\"] ABBIAMO LE RISORSE E CREIAMO L'ECOSISTEMA NECESSARIO CON STRATEGIE DI MARKETING DIGITALE PER RAGGIUNGERE I TUOI OBIETTIVI Lavoriamo misurando e ottimizzando...","protected":false},"author":1,"featured_media":0,"parent":0,"menu_order":0,"comment_status":"closed","ping_status":"closed","template":"","meta":{"footnotes":""},"yoast_head":"<!-- This site is optimized with the Yoast SEO plugin v21.7 - https:\/\/yoast.com\/wordpress\/plugins\/seo\/ -->\n<title>Performance - Antevenio<\/title>\n<meta name=\"robots\" content=\"index, follow, max-snippet:-1, max-image-preview:large, max-video-preview:-1\" \/>\n<link rel=\"canonical\" href=\"https:\/\/www.antevenio.com\/it\/performance\/\" \/>\n<meta property=\"og:locale\" content=\"it_IT\" \/>\n<meta property=\"og:type\" content=\"article\" \/>\n<meta property=\"og:title\" content=\"Performance - Antevenio\" \/>\n<meta property=\"og:url\" content=\"https:\/\/www.antevenio.com\/it\/performance\/\" \/>\n<meta property=\"og:site_name\" content=\"Antevenio\" \/>\n<meta property=\"article:modified_time\" content=\"2018-03-02T08:33:16+00:00\" \/>\n<meta name=\"twitter:card\" content=\"summary_large_image\" \/>\n<meta name=\"twitter:label1\" content=\"Est. reading time\" \/>\n\t<meta name=\"twitter:data1\" content=\"6 minuti\" \/>\n<script type=\"application\/ld+json\" class=\"yoast-schema-graph\">{\"@context\":\"https:\/\/schema.org\",\"@graph\":[{\"@type\":\"WebPage\",\"@id\":\"https:\/\/www.antevenio.com\/it\/performance\/\",\"url\":\"https:\/\/www.antevenio.com\/it\/performance\/\",\"name\":\"Performance - Antevenio\",\"isPartOf\":{\"@id\":\"https:\/\/www.antevenio.com\/it\/#website\"},\"datePublished\":\"2018-02-27T17:04:18+00:00\",\"dateModified\":\"2018-03-02T08:33:16+00:00\",\"breadcrumb\":{\"@id\":\"https:\/\/www.antevenio.com\/it\/performance\/#breadcrumb\"},\"inLanguage\":\"it-IT\",\"potentialAction\":[{\"@type\":\"ReadAction\",\"target\":[\"https:\/\/www.antevenio.com\/it\/performance\/\"]}]},{\"@type\":\"BreadcrumbList\",\"@id\":\"https:\/\/www.antevenio.com\/it\/performance\/#breadcrumb\",\"itemListElement\":[{\"@type\":\"ListItem\",\"position\":1,\"name\":\"Home\",\"item\":\"https:\/\/www.antevenio.com\/it\/\"},{\"@type\":\"ListItem\",\"position\":2,\"name\":\"Performance\"}]},{\"@type\":\"WebSite\",\"@id\":\"https:\/\/www.antevenio.com\/it\/#website\",\"url\":\"https:\/\/www.antevenio.com\/it\/\",\"name\":\"Antevenio\",\"description\":\"Marketing online\",\"potentialAction\":[{\"@type\":\"SearchAction\",\"target\":{\"@type\":\"EntryPoint\",\"urlTemplate\":\"https:\/\/www.antevenio.com\/it\/?s={search_term_string}\"},\"query-input\":\"required name=search_term_string\"}],\"inLanguage\":\"it-IT\"}]}<\/script>\n<!-- \/ Yoast SEO plugin. -->","yoast_head_json":{"title":"Performance - Antevenio","robots":{"index":"index","follow":"follow","max-snippet":"max-snippet:-1","max-image-preview":"max-image-preview:large","max-video-preview":"max-video-preview:-1"},"canonical":"https:\/\/www.antevenio.com\/it\/performance\/","og_locale":"it_IT","og_type":"article","og_title":"Performance - Antevenio","og_url":"https:\/\/www.antevenio.com\/it\/performance\/","og_site_name":"Antevenio","article_modified_time":"2018-03-02T08:33:16+00:00","twitter_card":"summary_large_image","twitter_misc":{"Est. reading time":"6 minuti"},"schema":{"@context":"https:\/\/schema.org","@graph":[{"@type":"WebPage","@id":"https:\/\/www.antevenio.com\/it\/performance\/","url":"https:\/\/www.antevenio.com\/it\/performance\/","name":"Performance - Antevenio","isPartOf":{"@id":"https:\/\/www.antevenio.com\/it\/#website"},"datePublished":"2018-02-27T17:04:18+00:00","dateModified":"2018-03-02T08:33:16+00:00","breadcrumb":{"@id":"https:\/\/www.antevenio.com\/it\/performance\/#breadcrumb"},"inLanguage":"it-IT","potentialAction":[{"@type":"ReadAction","target":["https:\/\/www.antevenio.com\/it\/performance\/"]}]},{"@type":"BreadcrumbList","@id":"https:\/\/www.antevenio.com\/it\/performance\/#breadcrumb","itemListElement":[{"@type":"ListItem","position":1,"name":"Home","item":"https:\/\/www.antevenio.com\/it\/"},{"@type":"ListItem","position":2,"name":"Performance"}]},{"@type":"WebSite","@id":"https:\/\/www.antevenio.com\/it\/#website","url":"https:\/\/www.antevenio.com\/it\/","name":"Antevenio","description":"Marketing online","potentialAction":[{"@type":"SearchAction","target":{"@type":"EntryPoint","urlTemplate":"https:\/\/www.antevenio.com\/it\/?s={search_term_string}"},"query-input":"required name=search_term_string"}],"inLanguage":"it-IT"}]}},"_links":{"self":[{"href":"https:\/\/www.antevenio.com\/it\/wp-json\/wp\/v2\/pages\/11246"}],"collection":[{"href":"https:\/\/www.antevenio.com\/it\/wp-json\/wp\/v2\/pages"}],"about":[{"href":"https:\/\/www.antevenio.com\/it\/wp-json\/wp\/v2\/types\/page"}],"author":[{"embeddable":true,"href":"https:\/\/www.antevenio.com\/it\/wp-json\/wp\/v2\/users\/1"}],"replies":[{"embeddable":true,"href":"https:\/\/www.antevenio.com\/it\/wp-json\/wp\/v2\/comments?post=11246"}],"version-history":[{"count":5,"href":"https:\/\/www.antevenio.com\/it\/wp-json\/wp\/v2\/pages\/11246\/revisions"}],"predecessor-version":[{"id":11383,"href":"https:\/\/www.antevenio.com\/it\/wp-json\/wp\/v2\/pages\/11246\/revisions\/11383"}],"wp:attachment":[{"href":"https:\/\/www.antevenio.com\/it\/wp-json\/wp\/v2\/media?parent=11246"}],"curies":[{"name":"wp","href":"https:\/\/api.w.org\/{rel}","templated":true}]}}