{"id":11226,"date":"2018-02-27T17:28:45","date_gmt":"2018-02-27T16:28:45","guid":{"rendered":"http:\/\/www.antevenio.com\/it\/?page_id=11226"},"modified":"2018-02-27T18:26:52","modified_gmt":"2018-02-27T17:26:52","slug":"sms-marketing","status":"publish","type":"page","link":"https:\/\/www.antevenio.com\/it\/loyalty\/sms-marketing\/","title":{"rendered":"SMS Marketing"},"content":{"rendered":"<div class=\"l-submain color_primary\"><div class=\"l-submain-bg\" style=\"background-image: url(https:\/\/www.antevenio.com\/it\/wp-content\/uploads\/2018\/02\/SMS-marketing-IT.jpg);\"><\/div><div class=\"l-submain-h g-html i-cf\"><div class=\"g-cols\"><div class=\"one-half\"><div class=\"g-hr type_invisible size_big\">\n\t\t\t\t\t\t<span class=\"g-hr-h\">\n\t\t\t\t\t\t\t<i class=\"fa fa-star\"><\/i>\n\t\t\t\t\t\t<\/span>\n\t\t\t\t\t<\/div><\/div><div class=\"one-half\">\n\t<div class=\"wpb_text_column \">\n\t\t<div class=\"wpb_wrapper\">\n\t\t\t\n<h2 style=\"text-align: right;\"><strong>COMUNICA CON I TUOI CLIENTI<\/strong> CON L\u2019INVIO DI GRANDI QUANTITA\u2019 DI SMS<\/h2>\n\n\t\t<\/div> \n\t<\/div> <div class=\"g-hr type_invisible size_big\">\n\t\t\t\t\t\t<span class=\"g-hr-h\">\n\t\t\t\t\t\t\t<i class=\"fa fa-star\"><\/i>\n\t\t\t\t\t\t<\/span>\n\t\t\t\t\t<\/div><\/div><\/div><\/div><\/div><div class=\"l-submain\"><div class=\"l-submain-h g-html i-cf\"><div class=\"g-cols formulario\"><div class=\"two-thirds\"><div class=\"g-cols widget-form vc_hidden-lg vc_hidden-md\"><div class=\"full-width\">\n<div class=\"wpcf7 no-js\" id=\"wpcf7-f11174-o1\" lang=\"it-IT\" dir=\"ltr\">\n<div class=\"screen-reader-response\"><p role=\"status\" aria-live=\"polite\" aria-atomic=\"true\"><\/p> <ul><\/ul><\/div>\n<form action=\"\/it\/wp-json\/wp\/v2\/pages\/11226#wpcf7-f11174-o1\" method=\"post\" class=\"wpcf7-form init\" aria-label=\"Contact form\" novalidate=\"novalidate\" data-status=\"init\">\n<div style=\"display: none;\">\n<input type=\"hidden\" name=\"_wpcf7\" value=\"11174\" \/>\n<input type=\"hidden\" name=\"_wpcf7_version\" value=\"5.8.5\" \/>\n<input type=\"hidden\" name=\"_wpcf7_locale\" value=\"it_IT\" \/>\n<input type=\"hidden\" name=\"_wpcf7_unit_tag\" value=\"wpcf7-f11174-o1\" \/>\n<input type=\"hidden\" name=\"_wpcf7_container_post\" value=\"0\" \/>\n<input type=\"hidden\" name=\"_wpcf7_posted_data_hash\" value=\"\" \/>\n<input type=\"hidden\" name=\"_wpcf7_recaptcha_response\" value=\"\" \/>\n<\/div>\n<div class=\"wpb_text_column\">\n\t<div class=\"wpb_wrapper\">\n\t\t<p>Il nostro team di <strong>SMS Marketing<\/strong> ti contatter\u00e0\n\t\t<\/p>\n\t<\/div>\n<\/div>\n<div style=\"padding: 20px 20px 0 20px\">\n\t<p><input type=\"hidden\" name=\"cf_name\" value=\"Form - SMS Marketing - IT\" \/>\n\t<\/p>\n\t<div class=\"g-cols\">\n\t\t<div class=\"one-half\">\n\t\t\t<p style=\"padding-bottom: 10px !important;margin-bottom: 0px !important;\"><span class=\"wpcf7-form-control-wrap\" data-name=\"your-name\"><input size=\"40\" class=\"wpcf7-form-control wpcf7-text wpcf7-validates-as-required\" aria-required=\"true\" aria-invalid=\"false\" placeholder=\"Nome*\" value=\"\" type=\"text\" name=\"your-name\" \/><\/span>\n\t\t\t<\/p>\n\t\t<\/div>\n\t\t<div class=\"one-half\">\n\t\t\t<p style=\"padding-bottom: 10px !important;margin-bottom: 0px !important;\"><span class=\"wpcf7-form-control-wrap\" data-name=\"apellidos\"><input size=\"40\" class=\"wpcf7-form-control wpcf7-text wpcf7-validates-as-required\" aria-required=\"true\" aria-invalid=\"false\" placeholder=\"Cognome*\" value=\"\" type=\"text\" name=\"apellidos\" \/><\/span>\n\t\t\t<\/p>\n\t\t<\/div>\n\t<\/div>\n\t<div class=\"g-cols\">\n\t\t<div class=\"one-half\">\n\t\t\t<p style=\"padding-bottom: 10px !important;margin-bottom: 0px !important;\"><span class=\"wpcf7-form-control-wrap\" data-name=\"your-email\"><input size=\"40\" class=\"wpcf7-form-control wpcf7-email wpcf7-validates-as-required wpcf7-text wpcf7-validates-as-email\" aria-required=\"true\" aria-invalid=\"false\" placeholder=\"Email*\" value=\"\" type=\"email\" name=\"your-email\" \/><\/span>\n\t\t\t<\/p>\n\t\t<\/div>\n\t\t<div class=\"one-half\">\n\t\t\t<p style=\"padding-bottom: 10px !important;margin-bottom: 0px !important;\"><span class=\"wpcf7-form-control-wrap\" data-name=\"telefono\"><input size=\"40\" class=\"wpcf7-form-control wpcf7-tel wpcf7-validates-as-required wpcf7-text wpcf7-validates-as-tel\" aria-required=\"true\" aria-invalid=\"false\" placeholder=\"Telefono*\" value=\"\" type=\"tel\" name=\"telefono\" \/><\/span>\n\t\t\t<\/p>\n\t\t<\/div>\n\t<\/div>\n\t<div class=\"g-cols\">\n\t\t<div class=\"one-half\">\n\t\t\t<p style=\"padding-bottom: 10px !important;margin-bottom: 0px !important;\"><span class=\"wpcf7-form-control-wrap\" data-name=\"empresa\"><input size=\"40\" class=\"wpcf7-form-control wpcf7-text wpcf7-validates-as-required\" aria-required=\"true\" aria-invalid=\"false\" placeholder=\"Azienda*\" value=\"\" type=\"text\" name=\"empresa\" \/><\/span>\n\t\t\t<\/p>\n\t\t<\/div>\n\t\t<div class=\"one-half\">\n\t\t\t<p style=\"padding-bottom: 10px !important;margin-bottom: 0px !important;\"><span class=\"wpcf7-form-control-wrap\" data-name=\"cargo\"><input size=\"40\" class=\"wpcf7-form-control wpcf7-text wpcf7-validates-as-required\" aria-required=\"true\" aria-invalid=\"false\" placeholder=\"Posizione*\" value=\"\" type=\"text\" name=\"cargo\" \/><\/span>\n\t\t\t<\/p>\n\t\t<\/div>\n\t<\/div>\n\t<div class=\"g-cols\">\n\t\t<p style=\"padding-bottom: 10px !important;margin-bottom: 0px !important;\"><span class=\"wpcf7-form-control-wrap\" data-name=\"web\"><input size=\"40\" class=\"wpcf7-form-control wpcf7-text wpcf7-validates-as-required\" aria-required=\"true\" aria-invalid=\"false\" placeholder=\"Web*\" value=\"\" type=\"text\" name=\"web\" \/><\/span>\n\t\t<\/p>\n\t<\/div>\n\t<p><span class=\"wpcf7-form-control-wrap\" data-name=\"your-message\"><textarea cols=\"40\" rows=\"10\" class=\"wpcf7-form-control wpcf7-textarea wpcf7-validates-as-required\" aria-required=\"true\" aria-invalid=\"false\" placeholder=\"Osservazioni*\" name=\"your-message\"><\/textarea><\/span>\n\t<\/p>\n\t<p><span class=\"wpcf7-form-control-wrap\" data-name=\"acepto\"><span class=\"wpcf7-form-control wpcf7-acceptance\"><span class=\"wpcf7-list-item\"><input type=\"checkbox\" name=\"acepto\" value=\"1\" aria-invalid=\"false\" \/><\/span><\/span><\/span> Ho letto <a href=\"http:\/\/www.antevenio.it\/privacy\/\">l'informativa privacy<\/a>.\n\t<\/p>\n\t<p><input class=\"wpcf7-form-control wpcf7-submit has-spinner\" type=\"submit\" value=\"Richiedi informazioni\" \/>\n\t<\/p>\n<div class=\"wpcf7-response-output\" aria-hidden=\"true\"><\/div>\n<\/div>\n<\/form>\n<\/div>\n<\/div><\/div>\n\t<div class=\"wpb_text_column \">\n\t\t<div class=\"wpb_wrapper\">\n\t\t\t\n<h2 style=\"margin-bottom: 50px;\">Hai bisogno di una piattaforma che ti aiuti a completare la tua strategia di email marketing tramite SMS Marketing?<\/h2>\n<ul>\n<li>Spedizioni tramite rotte premium e fornitori locali<\/li>\n<li>Invia SMS facilmente e rapidamente attraverso la nostra <a target=\"_blank\" href=\"https:\/\/www.mdirector.com\/it\/sms-marketing\/\">piattaforma SMS di massa<\/a>. Carica i tuoi contatti, scrivi l&#8217;SMS e invialo<\/li>\n<li>Antevenio offre servizi di SMS marketing, email marketing, retargeting e un ottimizzatore per le landing page attraverso la sua piattaforma proprietaria SaaS MDirector<\/li>\n<li>Il nostro team di esperti vi forniranno consulenza e tecnologia<\/li>\n<\/ul>\n\n\t\t<\/div> \n\t<\/div> <div class=\"w-testimonial\">\n\t\t\t\t\t\t<div class=\"w-testimonial-h\">\n\t\t\t\t\t\t\t<blockquote>\n\t\t\t\t\t\t\t\t<q class=\"w-testimonial-text\">Gli invii SMS in grande quantit\u00e0 sono un <strong>modo incredibilmente efficace per comunicare <\/strong> informazioni in tempo reale o offerte last-minute che <strong>generano vendite dirette<\/strong>.<\/br><br \/>\nLo smartphone \u00e8 il dispositivo personale pi\u00f9 utilizzato ogni giorno ed \u00e8 per questo che i <strong>clienti e gli utenti leggono il loro SMS subito dopo averli ricevuti<\/strong>. Il SMS marketing ci consente di indirizzare i messaggi a un dispositivo che offre tassi di apertura e conversioni imbattibili se utilizzato da esperti di marketing.<\/br><br \/>\nInoltre, grazie all&#8217;evoluzione degli smartphone, se i 160 caratteri dell&#8217;SMS sono brevi, la piattaforma di Marketing SMS di MDirector consente di <strong> includere un collegamento nel messaggio stesso che si collega a una pagina Web in cui vengono visualizzate le informazioni complete<\/strong>. In questo modo gli specialisti di marketing possono facilmente preparare e inviare<strong>ricchi messaggi SMS<\/strong>.<\/p>\n<\/q>\n\t\t\t\t\t\t\t\t<div class=\"w-testimonial-person\">\n\t\t\t\t\t\t\t\t\t<i class=\"fa fa-user\"><\/i>\n\t\t\t\t\t\t\t\t\t<span class=\"w-testimonial-person-name\"><\/span>,\n\t\t\t\t\t\t\t\t\t<span class=\"w-testimonial-person-meta\"><\/span>\n\t\t\t\t\t\t\t\t<\/div>\n\t\t\t\t\t\t\t<\/blockquote>\n\t\t\t\t\t\t<\/div>\n\t\t\t\t\t<\/div><div class=\"g-hr type_invisible size_small\">\n\t\t\t\t\t\t<span class=\"g-hr-h\">\n\t\t\t\t\t\t\t<i class=\"fa fa-star\"><\/i>\n\t\t\t\t\t\t<\/span>\n\t\t\t\t\t<\/div>\n\t<div class=\"wpb_text_column \">\n\t\t<div class=\"wpb_wrapper\">\n\t\t\t\n<div style=\"background-color: #ff873a; font-family: 'Noto Sans'; padding: 30px;\">\n<p style=\"text-align: center; color: #4c4c4c; font-size: 1.3em; line-height: 1.6;\">Se vuoi che Antevenio ti aiuti con la tua strategia di SMS Marketing, compila questo modulo<\/p>\n<p style=\"text-align: center; color: white;\"><strong><em>Ti contatteremo pi\u00f9 velocemente di un fulmine<\/em><\/strong><\/p>\n<p>&nbsp;<\/p>\n<\/div>\n\n\t\t<\/div> \n\t<\/div> <\/div><div class=\"one-third\"><div class=\"g-cols widget-form vc_hidden-sm vc_hidden-xs\"><div class=\"full-width\">\n<div class=\"wpcf7 no-js\" id=\"wpcf7-f11174-o2\" lang=\"it-IT\" dir=\"ltr\">\n<div class=\"screen-reader-response\"><p role=\"status\" aria-live=\"polite\" aria-atomic=\"true\"><\/p> <ul><\/ul><\/div>\n<form action=\"\/it\/wp-json\/wp\/v2\/pages\/11226#wpcf7-f11174-o2\" method=\"post\" class=\"wpcf7-form init\" aria-label=\"Contact form\" novalidate=\"novalidate\" data-status=\"init\">\n<div style=\"display: none;\">\n<input type=\"hidden\" name=\"_wpcf7\" value=\"11174\" \/>\n<input type=\"hidden\" name=\"_wpcf7_version\" value=\"5.8.5\" \/>\n<input type=\"hidden\" name=\"_wpcf7_locale\" value=\"it_IT\" \/>\n<input type=\"hidden\" name=\"_wpcf7_unit_tag\" value=\"wpcf7-f11174-o2\" \/>\n<input type=\"hidden\" name=\"_wpcf7_container_post\" value=\"0\" \/>\n<input type=\"hidden\" name=\"_wpcf7_posted_data_hash\" value=\"\" \/>\n<input type=\"hidden\" name=\"_wpcf7_recaptcha_response\" value=\"\" \/>\n<\/div>\n<div class=\"wpb_text_column\">\n\t<div class=\"wpb_wrapper\">\n\t\t<p>Il nostro team di <strong>SMS Marketing<\/strong> ti contatter\u00e0\n\t\t<\/p>\n\t<\/div>\n<\/div>\n<div style=\"padding: 20px 20px 0 20px\">\n\t<p><input type=\"hidden\" name=\"cf_name\" value=\"Form - SMS Marketing - IT\" \/>\n\t<\/p>\n\t<div class=\"g-cols\">\n\t\t<div class=\"one-half\">\n\t\t\t<p style=\"padding-bottom: 10px !important;margin-bottom: 0px !important;\"><span class=\"wpcf7-form-control-wrap\" data-name=\"your-name\"><input size=\"40\" class=\"wpcf7-form-control wpcf7-text wpcf7-validates-as-required\" aria-required=\"true\" aria-invalid=\"false\" placeholder=\"Nome*\" value=\"\" type=\"text\" name=\"your-name\" \/><\/span>\n\t\t\t<\/p>\n\t\t<\/div>\n\t\t<div class=\"one-half\">\n\t\t\t<p style=\"padding-bottom: 10px !important;margin-bottom: 0px !important;\"><span class=\"wpcf7-form-control-wrap\" data-name=\"apellidos\"><input size=\"40\" class=\"wpcf7-form-control wpcf7-text wpcf7-validates-as-required\" aria-required=\"true\" aria-invalid=\"false\" placeholder=\"Cognome*\" value=\"\" type=\"text\" name=\"apellidos\" \/><\/span>\n\t\t\t<\/p>\n\t\t<\/div>\n\t<\/div>\n\t<div class=\"g-cols\">\n\t\t<div class=\"one-half\">\n\t\t\t<p style=\"padding-bottom: 10px !important;margin-bottom: 0px !important;\"><span class=\"wpcf7-form-control-wrap\" data-name=\"your-email\"><input size=\"40\" class=\"wpcf7-form-control wpcf7-email wpcf7-validates-as-required wpcf7-text wpcf7-validates-as-email\" aria-required=\"true\" aria-invalid=\"false\" placeholder=\"Email*\" value=\"\" type=\"email\" name=\"your-email\" \/><\/span>\n\t\t\t<\/p>\n\t\t<\/div>\n\t\t<div class=\"one-half\">\n\t\t\t<p style=\"padding-bottom: 10px !important;margin-bottom: 0px !important;\"><span class=\"wpcf7-form-control-wrap\" data-name=\"telefono\"><input size=\"40\" class=\"wpcf7-form-control wpcf7-tel wpcf7-validates-as-required wpcf7-text wpcf7-validates-as-tel\" aria-required=\"true\" aria-invalid=\"false\" placeholder=\"Telefono*\" value=\"\" type=\"tel\" name=\"telefono\" \/><\/span>\n\t\t\t<\/p>\n\t\t<\/div>\n\t<\/div>\n\t<div class=\"g-cols\">\n\t\t<div class=\"one-half\">\n\t\t\t<p style=\"padding-bottom: 10px !important;margin-bottom: 0px !important;\"><span class=\"wpcf7-form-control-wrap\" data-name=\"empresa\"><input size=\"40\" class=\"wpcf7-form-control wpcf7-text wpcf7-validates-as-required\" aria-required=\"true\" aria-invalid=\"false\" placeholder=\"Azienda*\" value=\"\" type=\"text\" name=\"empresa\" \/><\/span>\n\t\t\t<\/p>\n\t\t<\/div>\n\t\t<div class=\"one-half\">\n\t\t\t<p style=\"padding-bottom: 10px !important;margin-bottom: 0px !important;\"><span class=\"wpcf7-form-control-wrap\" data-name=\"cargo\"><input size=\"40\" class=\"wpcf7-form-control wpcf7-text wpcf7-validates-as-required\" aria-required=\"true\" aria-invalid=\"false\" placeholder=\"Posizione*\" value=\"\" type=\"text\" name=\"cargo\" \/><\/span>\n\t\t\t<\/p>\n\t\t<\/div>\n\t<\/div>\n\t<div class=\"g-cols\">\n\t\t<p style=\"padding-bottom: 10px !important;margin-bottom: 0px !important;\"><span class=\"wpcf7-form-control-wrap\" data-name=\"web\"><input size=\"40\" class=\"wpcf7-form-control wpcf7-text wpcf7-validates-as-required\" aria-required=\"true\" aria-invalid=\"false\" placeholder=\"Web*\" value=\"\" type=\"text\" name=\"web\" \/><\/span>\n\t\t<\/p>\n\t<\/div>\n\t<p><span class=\"wpcf7-form-control-wrap\" data-name=\"your-message\"><textarea cols=\"40\" rows=\"10\" class=\"wpcf7-form-control wpcf7-textarea wpcf7-validates-as-required\" aria-required=\"true\" aria-invalid=\"false\" placeholder=\"Osservazioni*\" name=\"your-message\"><\/textarea><\/span>\n\t<\/p>\n\t<p><span class=\"wpcf7-form-control-wrap\" data-name=\"acepto\"><span class=\"wpcf7-form-control wpcf7-acceptance\"><span class=\"wpcf7-list-item\"><input type=\"checkbox\" name=\"acepto\" value=\"1\" aria-invalid=\"false\" \/><\/span><\/span><\/span> Ho letto <a href=\"http:\/\/www.antevenio.it\/privacy\/\">l'informativa privacy<\/a>.\n\t<\/p>\n\t<p><input class=\"wpcf7-form-control wpcf7-submit has-spinner\" type=\"submit\" value=\"Richiedi informazioni\" \/>\n\t<\/p>\n<div class=\"wpcf7-response-output\" aria-hidden=\"true\"><\/div>\n<\/div>\n<\/form>\n<\/div>\n<\/div><\/div><\/div><\/div>\n<\/div><\/div>","protected":false},"excerpt":{"rendered":"[section background=\"primary\" img=\"11229\"] COMUNICA CON I TUOI CLIENTI CON L\u2019INVIO DI GRANDI QUANTITA\u2019 DI SMS [\/section] Il nostro team di SMS Marketing ti contatter\u00e0 Ho letto l'informativa privacy. Hai bisogno di una piattaforma che ti aiuti a completare la tua...","protected":false},"author":1,"featured_media":0,"parent":11264,"menu_order":0,"comment_status":"closed","ping_status":"closed","template":"","meta":{"footnotes":""},"yoast_head":"<!-- This site is optimized with the Yoast SEO plugin v21.7 - https:\/\/yoast.com\/wordpress\/plugins\/seo\/ -->\n<title>SMS Marketing - Antevenio<\/title>\n<meta name=\"robots\" content=\"index, follow, max-snippet:-1, max-image-preview:large, max-video-preview:-1\" \/>\n<link rel=\"canonical\" href=\"https:\/\/www.antevenio.com\/it\/loyalty\/sms-marketing\/\" \/>\n<meta property=\"og:locale\" content=\"it_IT\" \/>\n<meta property=\"og:type\" content=\"article\" \/>\n<meta property=\"og:title\" content=\"SMS Marketing - Antevenio\" \/>\n<meta property=\"og:url\" content=\"https:\/\/www.antevenio.com\/it\/loyalty\/sms-marketing\/\" \/>\n<meta property=\"og:site_name\" content=\"Antevenio\" \/>\n<meta property=\"article:modified_time\" content=\"2018-02-27T17:26:52+00:00\" \/>\n<meta name=\"twitter:card\" content=\"summary_large_image\" \/>\n<meta name=\"twitter:label1\" content=\"Est. reading time\" \/>\n\t<meta name=\"twitter:data1\" content=\"2 minuti\" \/>\n<script type=\"application\/ld+json\" class=\"yoast-schema-graph\">{\"@context\":\"https:\/\/schema.org\",\"@graph\":[{\"@type\":\"WebPage\",\"@id\":\"https:\/\/www.antevenio.com\/it\/loyalty\/sms-marketing\/\",\"url\":\"https:\/\/www.antevenio.com\/it\/loyalty\/sms-marketing\/\",\"name\":\"SMS Marketing - Antevenio\",\"isPartOf\":{\"@id\":\"https:\/\/www.antevenio.com\/it\/#website\"},\"datePublished\":\"2018-02-27T16:28:45+00:00\",\"dateModified\":\"2018-02-27T17:26:52+00:00\",\"breadcrumb\":{\"@id\":\"https:\/\/www.antevenio.com\/it\/loyalty\/sms-marketing\/#breadcrumb\"},\"inLanguage\":\"it-IT\",\"potentialAction\":[{\"@type\":\"ReadAction\",\"target\":[\"https:\/\/www.antevenio.com\/it\/loyalty\/sms-marketing\/\"]}]},{\"@type\":\"BreadcrumbList\",\"@id\":\"https:\/\/www.antevenio.com\/it\/loyalty\/sms-marketing\/#breadcrumb\",\"itemListElement\":[{\"@type\":\"ListItem\",\"position\":1,\"name\":\"Home\",\"item\":\"https:\/\/www.antevenio.com\/it\/\"},{\"@type\":\"ListItem\",\"position\":2,\"name\":\"Loyalty\",\"item\":\"https:\/\/www.antevenio.com\/it\/loyalty\/\"},{\"@type\":\"ListItem\",\"position\":3,\"name\":\"SMS Marketing\"}]},{\"@type\":\"WebSite\",\"@id\":\"https:\/\/www.antevenio.com\/it\/#website\",\"url\":\"https:\/\/www.antevenio.com\/it\/\",\"name\":\"Antevenio\",\"description\":\"Marketing online\",\"potentialAction\":[{\"@type\":\"SearchAction\",\"target\":{\"@type\":\"EntryPoint\",\"urlTemplate\":\"https:\/\/www.antevenio.com\/it\/?s={search_term_string}\"},\"query-input\":\"required name=search_term_string\"}],\"inLanguage\":\"it-IT\"}]}<\/script>\n<!-- \/ Yoast SEO plugin. -->","yoast_head_json":{"title":"SMS Marketing - Antevenio","robots":{"index":"index","follow":"follow","max-snippet":"max-snippet:-1","max-image-preview":"max-image-preview:large","max-video-preview":"max-video-preview:-1"},"canonical":"https:\/\/www.antevenio.com\/it\/loyalty\/sms-marketing\/","og_locale":"it_IT","og_type":"article","og_title":"SMS Marketing - Antevenio","og_url":"https:\/\/www.antevenio.com\/it\/loyalty\/sms-marketing\/","og_site_name":"Antevenio","article_modified_time":"2018-02-27T17:26:52+00:00","twitter_card":"summary_large_image","twitter_misc":{"Est. reading time":"2 minuti"},"schema":{"@context":"https:\/\/schema.org","@graph":[{"@type":"WebPage","@id":"https:\/\/www.antevenio.com\/it\/loyalty\/sms-marketing\/","url":"https:\/\/www.antevenio.com\/it\/loyalty\/sms-marketing\/","name":"SMS Marketing - Antevenio","isPartOf":{"@id":"https:\/\/www.antevenio.com\/it\/#website"},"datePublished":"2018-02-27T16:28:45+00:00","dateModified":"2018-02-27T17:26:52+00:00","breadcrumb":{"@id":"https:\/\/www.antevenio.com\/it\/loyalty\/sms-marketing\/#breadcrumb"},"inLanguage":"it-IT","potentialAction":[{"@type":"ReadAction","target":["https:\/\/www.antevenio.com\/it\/loyalty\/sms-marketing\/"]}]},{"@type":"BreadcrumbList","@id":"https:\/\/www.antevenio.com\/it\/loyalty\/sms-marketing\/#breadcrumb","itemListElement":[{"@type":"ListItem","position":1,"name":"Home","item":"https:\/\/www.antevenio.com\/it\/"},{"@type":"ListItem","position":2,"name":"Loyalty","item":"https:\/\/www.antevenio.com\/it\/loyalty\/"},{"@type":"ListItem","position":3,"name":"SMS Marketing"}]},{"@type":"WebSite","@id":"https:\/\/www.antevenio.com\/it\/#website","url":"https:\/\/www.antevenio.com\/it\/","name":"Antevenio","description":"Marketing online","potentialAction":[{"@type":"SearchAction","target":{"@type":"EntryPoint","urlTemplate":"https:\/\/www.antevenio.com\/it\/?s={search_term_string}"},"query-input":"required name=search_term_string"}],"inLanguage":"it-IT"}]}},"_links":{"self":[{"href":"https:\/\/www.antevenio.com\/it\/wp-json\/wp\/v2\/pages\/11226"}],"collection":[{"href":"https:\/\/www.antevenio.com\/it\/wp-json\/wp\/v2\/pages"}],"about":[{"href":"https:\/\/www.antevenio.com\/it\/wp-json\/wp\/v2\/types\/page"}],"author":[{"embeddable":true,"href":"https:\/\/www.antevenio.com\/it\/wp-json\/wp\/v2\/users\/1"}],"replies":[{"embeddable":true,"href":"https:\/\/www.antevenio.com\/it\/wp-json\/wp\/v2\/comments?post=11226"}],"version-history":[{"count":2,"href":"https:\/\/www.antevenio.com\/it\/wp-json\/wp\/v2\/pages\/11226\/revisions"}],"predecessor-version":[{"id":11230,"href":"https:\/\/www.antevenio.com\/it\/wp-json\/wp\/v2\/pages\/11226\/revisions\/11230"}],"up":[{"embeddable":true,"href":"https:\/\/www.antevenio.com\/it\/wp-json\/wp\/v2\/pages\/11264"}],"wp:attachment":[{"href":"https:\/\/www.antevenio.com\/it\/wp-json\/wp\/v2\/media?parent=11226"}],"curies":[{"name":"wp","href":"https:\/\/api.w.org\/{rel}","templated":true}]}}