{"id":11199,"date":"2018-02-27T17:08:24","date_gmt":"2018-02-27T16:08:24","guid":{"rendered":"http:\/\/www.antevenio.com\/it\/?page_id=11199"},"modified":"2018-02-27T18:15:04","modified_gmt":"2018-02-27T17:15:04","slug":"influencer-content-marketing","status":"publish","type":"page","link":"https:\/\/www.antevenio.com\/it\/branding\/influencer-content-marketing\/","title":{"rendered":"Influencer &#038; Content Marketing"},"content":{"rendered":"<div class=\"l-submain color_primary\"><div class=\"l-submain-bg\" style=\"background-image: url(https:\/\/www.antevenio.com\/it\/wp-content\/uploads\/2018\/02\/Influencers-content-marketing.jpg);\"><\/div><div class=\"l-submain-h g-html i-cf\"><div class=\"g-cols\"><div class=\"one-half\"><div class=\"g-hr type_invisible size_big\">\n\t\t\t\t\t\t<span class=\"g-hr-h\">\n\t\t\t\t\t\t\t<i class=\"fa fa-star\"><\/i>\n\t\t\t\t\t\t<\/span>\n\t\t\t\t\t<\/div><\/div><div class=\"one-half\">\n\t<div class=\"wpb_text_column \">\n\t\t<div class=\"wpb_wrapper\">\n\t\t\t\n<h2 style=\"text-align: right;\"><strong>CONTENUTO ORIGINALE<\/strong>, CREATO E PUBBLICATO DA INFLUENCERS <strong>CHE ASSICURANO VISIBILIT\u00c0 E DIFFUSIONE <\/strong><\/h2>\n\n\t\t<\/div> \n\t<\/div> <div class=\"g-hr type_invisible size_big\">\n\t\t\t\t\t\t<span class=\"g-hr-h\">\n\t\t\t\t\t\t\t<i class=\"fa fa-star\"><\/i>\n\t\t\t\t\t\t<\/span>\n\t\t\t\t\t<\/div><\/div><\/div><\/div><\/div><div class=\"l-submain\"><div class=\"l-submain-h g-html i-cf\"><div class=\"g-cols formulario\"><div class=\"two-thirds\"><div class=\"g-cols widget-form vc_hidden-lg vc_hidden-md\"><div class=\"full-width\">\n<div class=\"wpcf7 no-js\" id=\"wpcf7-f11169-o1\" lang=\"it-IT\" dir=\"ltr\">\n<div class=\"screen-reader-response\"><p role=\"status\" aria-live=\"polite\" aria-atomic=\"true\"><\/p> <ul><\/ul><\/div>\n<form action=\"\/it\/wp-json\/wp\/v2\/pages\/11199#wpcf7-f11169-o1\" method=\"post\" class=\"wpcf7-form init\" aria-label=\"Contact form\" novalidate=\"novalidate\" data-status=\"init\">\n<div style=\"display: none;\">\n<input type=\"hidden\" name=\"_wpcf7\" value=\"11169\" \/>\n<input type=\"hidden\" name=\"_wpcf7_version\" value=\"5.8.5\" \/>\n<input type=\"hidden\" name=\"_wpcf7_locale\" value=\"it_IT\" \/>\n<input type=\"hidden\" name=\"_wpcf7_unit_tag\" value=\"wpcf7-f11169-o1\" \/>\n<input type=\"hidden\" name=\"_wpcf7_container_post\" value=\"0\" \/>\n<input type=\"hidden\" name=\"_wpcf7_posted_data_hash\" value=\"\" \/>\n<input type=\"hidden\" name=\"_wpcf7_recaptcha_response\" value=\"\" \/>\n<\/div>\n<div class=\"wpb_text_column\">\n\t<div class=\"wpb_wrapper\">\n\t\t<p>Il nostro team di <strong>Influencer & Content Marketing<\/strong> ti contatter\u00e0\n\t\t<\/p>\n\t<\/div>\n<\/div>\n<div style=\"padding: 20px 20px 0 20px\">\n\t<p><input type=\"hidden\" name=\"cf_name\" value=\"Form - Content and Influencer Marketing - IT\" \/>\n\t<\/p>\n\t<div class=\"g-cols\">\n\t\t<div class=\"one-half\">\n\t\t\t<p style=\"padding-bottom: 10px !important;margin-bottom: 0px !important;\"><span class=\"wpcf7-form-control-wrap\" data-name=\"your-name\"><input size=\"40\" class=\"wpcf7-form-control wpcf7-text wpcf7-validates-as-required\" aria-required=\"true\" aria-invalid=\"false\" placeholder=\"Nome*\" value=\"\" type=\"text\" name=\"your-name\" \/><\/span>\n\t\t\t<\/p>\n\t\t<\/div>\n\t\t<div class=\"one-half\">\n\t\t\t<p style=\"padding-bottom: 10px !important;margin-bottom: 0px !important;\"><span class=\"wpcf7-form-control-wrap\" data-name=\"apellidos\"><input size=\"40\" class=\"wpcf7-form-control wpcf7-text wpcf7-validates-as-required\" aria-required=\"true\" aria-invalid=\"false\" placeholder=\"Cognome*\" value=\"\" type=\"text\" name=\"apellidos\" \/><\/span>\n\t\t\t<\/p>\n\t\t<\/div>\n\t<\/div>\n\t<div class=\"g-cols\">\n\t\t<div class=\"one-half\">\n\t\t\t<p style=\"padding-bottom: 10px !important;margin-bottom: 0px !important;\"><span class=\"wpcf7-form-control-wrap\" data-name=\"your-email\"><input size=\"40\" class=\"wpcf7-form-control wpcf7-email wpcf7-validates-as-required wpcf7-text wpcf7-validates-as-email\" aria-required=\"true\" aria-invalid=\"false\" placeholder=\"Email*\" value=\"\" type=\"email\" name=\"your-email\" \/><\/span>\n\t\t\t<\/p>\n\t\t<\/div>\n\t\t<div class=\"one-half\">\n\t\t\t<p style=\"padding-bottom: 10px !important;margin-bottom: 0px !important;\"><span class=\"wpcf7-form-control-wrap\" data-name=\"telefono\"><input size=\"40\" class=\"wpcf7-form-control wpcf7-tel wpcf7-validates-as-required wpcf7-text wpcf7-validates-as-tel\" aria-required=\"true\" aria-invalid=\"false\" placeholder=\"Telefono*\" value=\"\" type=\"tel\" name=\"telefono\" \/><\/span>\n\t\t\t<\/p>\n\t\t<\/div>\n\t<\/div>\n\t<div class=\"g-cols\">\n\t\t<div class=\"one-half\">\n\t\t\t<p style=\"padding-bottom: 10px !important;margin-bottom: 0px !important;\"><span class=\"wpcf7-form-control-wrap\" data-name=\"empresa\"><input size=\"40\" class=\"wpcf7-form-control wpcf7-text wpcf7-validates-as-required\" aria-required=\"true\" aria-invalid=\"false\" placeholder=\"Azienda*\" value=\"\" type=\"text\" name=\"empresa\" \/><\/span>\n\t\t\t<\/p>\n\t\t<\/div>\n\t\t<div class=\"one-half\">\n\t\t\t<p style=\"padding-bottom: 10px !important;margin-bottom: 0px !important;\"><span class=\"wpcf7-form-control-wrap\" data-name=\"cargo\"><input size=\"40\" class=\"wpcf7-form-control wpcf7-text wpcf7-validates-as-required\" aria-required=\"true\" aria-invalid=\"false\" placeholder=\"Posizione*\" value=\"\" type=\"text\" name=\"cargo\" \/><\/span>\n\t\t\t<\/p>\n\t\t<\/div>\n\t<\/div>\n\t<div class=\"g-cols\">\n\t\t<p style=\"padding-bottom: 10px !important;margin-bottom: 0px !important;\"><span class=\"wpcf7-form-control-wrap\" data-name=\"web\"><input size=\"40\" class=\"wpcf7-form-control wpcf7-text wpcf7-validates-as-required\" aria-required=\"true\" aria-invalid=\"false\" placeholder=\"Web*\" value=\"\" type=\"text\" name=\"web\" \/><\/span>\n\t\t<\/p>\n\t<\/div>\n\t<p><span class=\"wpcf7-form-control-wrap\" data-name=\"your-message\"><textarea cols=\"40\" rows=\"10\" class=\"wpcf7-form-control wpcf7-textarea wpcf7-validates-as-required\" aria-required=\"true\" aria-invalid=\"false\" placeholder=\"Osservazioni*\" name=\"your-message\"><\/textarea><\/span>\n\t<\/p>\n\t<p><span class=\"wpcf7-form-control-wrap\" data-name=\"acepto\"><span class=\"wpcf7-form-control wpcf7-acceptance\"><span class=\"wpcf7-list-item\"><input type=\"checkbox\" name=\"acepto\" value=\"1\" aria-invalid=\"false\" \/><\/span><\/span><\/span> Ho letto <a href=\"http:\/\/www.antevenio.it\/privacy\/\">l'informativa privacy<\/a>.\n\t<\/p>\n\t<p><input class=\"wpcf7-form-control wpcf7-submit has-spinner\" type=\"submit\" value=\"Richiedi informazioni\" \/>\n\t<\/p>\n<div class=\"wpcf7-response-output\" aria-hidden=\"true\"><\/div>\n<\/div>\n<\/form>\n<\/div>\n<\/div><\/div>\n\t<div class=\"wpb_text_column \">\n\t\t<div class=\"wpb_wrapper\">\n\t\t\t\n<h2 style=\"margin-bottom: 50px;\">In che modo Antevenio ti pu\u00f2 aiutare a raggiungere il tuo pubblico grazie a contenuti autentici pubblicati dagli influencer?<\/h2>\n<ul>\n<li>Identifichiamo gli influencer pi\u00f9 adatti alle tue esigenze e al tuo marchio<\/li>\n<li>Ti aiutiamo a definire un briefing che attiri sia gli influencer che il tuo pubblico<\/li>\n<li>Amplifichiamo l&#8217;impatto delle tue azioni migliorandolo con pi\u00f9 citazioni e pi\u00f9 link e contenuti del tuo marchio<\/li>\n<li>Rapporto diretto con migliaia di influencer<\/li>\n<li>Possediamo e gestiamo una piattaforma che include 10.000 blogger \/ influencer in tutto il mondo<\/li>\n<\/ul>\n<h6>\n\t\t<\/div> \n\t<\/div> <div class=\"w-testimonial\">\n\t\t\t\t\t\t<div class=\"w-testimonial-h\">\n\t\t\t\t\t\t\t<blockquote>\n\t\t\t\t\t\t\t\t<q class=\"w-testimonial-text\"><strong>Immagina di avere tre opzioni come marketer:<\/strong><\/h6>\n<p><\/br><strong>(A)<\/strong> Comprare la creazione di un annuncio pubblicitario, su un sito Web influente ad alta diffusione, che spiega quanto \u00e8 buono il tuo prodotto e servizio (e include anche un link al tuo sito web)<br \/>\n<strong>(B)<\/strong> Scrivere un articolo nel blog aziendale, promuoverlo e collegalo da una pagina web con un annuncio nativo<br \/>\n<strong>(C)<\/strong> Fare un sito web riconosciuto e influente scrivere e pubblicare un articolo con un focus positivo sul tuo prodotto o servizio (e includere anche un link al tuo sito web)<\/p>\n<ul>\n \t<\/br><\/p>\n<li><strong>Se non ci fossero sostanziali differenze di costo, quale opzione sceglieresti?<\/strong><br \/>\nLe opzioni A e B sono chiaramente azioni che verranno riconosciute dai potenziali clienti come annunci con pagamento classici. Le buone creativit\u00e0 con il giusto approccio possono influenzare positivamente il comportamento dei nostri potenziali clienti. Tuttavia, non vi \u00e8 dubbio che le raccomandazioni di fonti esterne, che non sono interpretate come pubblicit\u00e0 a pagamento, hanno un effetto molto pi\u00f9 potente sul comportamento del nostro obiettivo, rafforzando la credibilit\u00e0 del marchio.<\/li>\n<\/ul>\n<p><\/br><strong> La nostra azienda offre servizi agli inserzionisti che vogliono approfittare della potenza e dell&#8217;impatto delle raccomandazioni di terze parti. Ti aiutiamo con l&#8217;identificazione di influencer, blog e pagine web<\/strong> che meglio si adattano alle tue esigenze di comunicazione, oltre a coordinare la produzione e la distribuzione di contenuti pertinenti su centinaia di blog, siti web e profili di social network. Ci occupiamo della gestione della produzione, del coordinamento, dei pagamenti e dell&#8217;analisi per garantire che i KPI siano soddisfatti.<br \/>\n<\/q>\n\t\t\t\t\t\t\t\t<div class=\"w-testimonial-person\">\n\t\t\t\t\t\t\t\t\t<i class=\"fa fa-user\"><\/i>\n\t\t\t\t\t\t\t\t\t<span class=\"w-testimonial-person-name\"><\/span>,\n\t\t\t\t\t\t\t\t\t<span class=\"w-testimonial-person-meta\"><\/span>\n\t\t\t\t\t\t\t\t<\/div>\n\t\t\t\t\t\t\t<\/blockquote>\n\t\t\t\t\t\t<\/div>\n\t\t\t\t\t<\/div><div class=\"g-hr type_invisible size_small\">\n\t\t\t\t\t\t<span class=\"g-hr-h\">\n\t\t\t\t\t\t\t<i class=\"fa fa-star\"><\/i>\n\t\t\t\t\t\t<\/span>\n\t\t\t\t\t<\/div>\n\t<div class=\"wpb_text_column \">\n\t\t<div class=\"wpb_wrapper\">\n\t\t\t\n<div style=\"background-color: #ff873a; font-family: 'Noto Sans'; padding: 30px;\">\n<p style=\"text-align: center; color: #4c4c4c; font-size: 1.3em; line-height: 1.6;\">Se vuoi che Antevenio ti aiuti con la strategia e l&#8217;implementazione delle tue azioni di Influencer &amp; Content Marketing, completa questo modulo<\/p>\n<p style=\"text-align: center; color: white;\"><strong><em>Ci metteremo in contatto con te in un batter d&#8217;occhio.<\/em><\/strong><\/p>\n<\/div>\n\n\t\t<\/div> \n\t<\/div> <\/div><div class=\"one-third\"><div class=\"g-cols widget-form vc_hidden-sm vc_hidden-xs\"><div class=\"full-width\">\n<div class=\"wpcf7 no-js\" id=\"wpcf7-f11169-o2\" lang=\"it-IT\" dir=\"ltr\">\n<div class=\"screen-reader-response\"><p role=\"status\" aria-live=\"polite\" aria-atomic=\"true\"><\/p> <ul><\/ul><\/div>\n<form action=\"\/it\/wp-json\/wp\/v2\/pages\/11199#wpcf7-f11169-o2\" method=\"post\" class=\"wpcf7-form init\" aria-label=\"Contact form\" novalidate=\"novalidate\" data-status=\"init\">\n<div style=\"display: none;\">\n<input type=\"hidden\" name=\"_wpcf7\" value=\"11169\" \/>\n<input type=\"hidden\" name=\"_wpcf7_version\" value=\"5.8.5\" \/>\n<input type=\"hidden\" name=\"_wpcf7_locale\" value=\"it_IT\" \/>\n<input type=\"hidden\" name=\"_wpcf7_unit_tag\" value=\"wpcf7-f11169-o2\" \/>\n<input type=\"hidden\" name=\"_wpcf7_container_post\" value=\"0\" \/>\n<input type=\"hidden\" name=\"_wpcf7_posted_data_hash\" value=\"\" \/>\n<input type=\"hidden\" name=\"_wpcf7_recaptcha_response\" value=\"\" \/>\n<\/div>\n<div class=\"wpb_text_column\">\n\t<div class=\"wpb_wrapper\">\n\t\t<p>Il nostro team di <strong>Influencer & Content Marketing<\/strong> ti contatter\u00e0\n\t\t<\/p>\n\t<\/div>\n<\/div>\n<div style=\"padding: 20px 20px 0 20px\">\n\t<p><input type=\"hidden\" name=\"cf_name\" value=\"Form - Content and Influencer Marketing - IT\" \/>\n\t<\/p>\n\t<div class=\"g-cols\">\n\t\t<div class=\"one-half\">\n\t\t\t<p style=\"padding-bottom: 10px !important;margin-bottom: 0px !important;\"><span class=\"wpcf7-form-control-wrap\" data-name=\"your-name\"><input size=\"40\" class=\"wpcf7-form-control wpcf7-text wpcf7-validates-as-required\" aria-required=\"true\" aria-invalid=\"false\" placeholder=\"Nome*\" value=\"\" type=\"text\" name=\"your-name\" \/><\/span>\n\t\t\t<\/p>\n\t\t<\/div>\n\t\t<div class=\"one-half\">\n\t\t\t<p style=\"padding-bottom: 10px !important;margin-bottom: 0px !important;\"><span class=\"wpcf7-form-control-wrap\" data-name=\"apellidos\"><input size=\"40\" class=\"wpcf7-form-control wpcf7-text wpcf7-validates-as-required\" aria-required=\"true\" aria-invalid=\"false\" placeholder=\"Cognome*\" value=\"\" type=\"text\" name=\"apellidos\" \/><\/span>\n\t\t\t<\/p>\n\t\t<\/div>\n\t<\/div>\n\t<div class=\"g-cols\">\n\t\t<div class=\"one-half\">\n\t\t\t<p style=\"padding-bottom: 10px !important;margin-bottom: 0px !important;\"><span class=\"wpcf7-form-control-wrap\" data-name=\"your-email\"><input size=\"40\" class=\"wpcf7-form-control wpcf7-email wpcf7-validates-as-required wpcf7-text wpcf7-validates-as-email\" aria-required=\"true\" aria-invalid=\"false\" placeholder=\"Email*\" value=\"\" type=\"email\" name=\"your-email\" \/><\/span>\n\t\t\t<\/p>\n\t\t<\/div>\n\t\t<div class=\"one-half\">\n\t\t\t<p style=\"padding-bottom: 10px !important;margin-bottom: 0px !important;\"><span class=\"wpcf7-form-control-wrap\" data-name=\"telefono\"><input size=\"40\" class=\"wpcf7-form-control wpcf7-tel wpcf7-validates-as-required wpcf7-text wpcf7-validates-as-tel\" aria-required=\"true\" aria-invalid=\"false\" placeholder=\"Telefono*\" value=\"\" type=\"tel\" name=\"telefono\" \/><\/span>\n\t\t\t<\/p>\n\t\t<\/div>\n\t<\/div>\n\t<div class=\"g-cols\">\n\t\t<div class=\"one-half\">\n\t\t\t<p style=\"padding-bottom: 10px !important;margin-bottom: 0px !important;\"><span class=\"wpcf7-form-control-wrap\" data-name=\"empresa\"><input size=\"40\" class=\"wpcf7-form-control wpcf7-text wpcf7-validates-as-required\" aria-required=\"true\" aria-invalid=\"false\" placeholder=\"Azienda*\" value=\"\" type=\"text\" name=\"empresa\" \/><\/span>\n\t\t\t<\/p>\n\t\t<\/div>\n\t\t<div class=\"one-half\">\n\t\t\t<p style=\"padding-bottom: 10px !important;margin-bottom: 0px !important;\"><span class=\"wpcf7-form-control-wrap\" data-name=\"cargo\"><input size=\"40\" class=\"wpcf7-form-control wpcf7-text wpcf7-validates-as-required\" aria-required=\"true\" aria-invalid=\"false\" placeholder=\"Posizione*\" value=\"\" type=\"text\" name=\"cargo\" \/><\/span>\n\t\t\t<\/p>\n\t\t<\/div>\n\t<\/div>\n\t<div class=\"g-cols\">\n\t\t<p style=\"padding-bottom: 10px !important;margin-bottom: 0px !important;\"><span class=\"wpcf7-form-control-wrap\" data-name=\"web\"><input size=\"40\" class=\"wpcf7-form-control wpcf7-text wpcf7-validates-as-required\" aria-required=\"true\" aria-invalid=\"false\" placeholder=\"Web*\" value=\"\" type=\"text\" name=\"web\" \/><\/span>\n\t\t<\/p>\n\t<\/div>\n\t<p><span class=\"wpcf7-form-control-wrap\" data-name=\"your-message\"><textarea cols=\"40\" rows=\"10\" class=\"wpcf7-form-control wpcf7-textarea wpcf7-validates-as-required\" aria-required=\"true\" aria-invalid=\"false\" placeholder=\"Osservazioni*\" name=\"your-message\"><\/textarea><\/span>\n\t<\/p>\n\t<p><span class=\"wpcf7-form-control-wrap\" data-name=\"acepto\"><span class=\"wpcf7-form-control wpcf7-acceptance\"><span class=\"wpcf7-list-item\"><input type=\"checkbox\" name=\"acepto\" value=\"1\" aria-invalid=\"false\" \/><\/span><\/span><\/span> Ho letto <a href=\"http:\/\/www.antevenio.it\/privacy\/\">l'informativa privacy<\/a>.\n\t<\/p>\n\t<p><input class=\"wpcf7-form-control wpcf7-submit has-spinner\" type=\"submit\" value=\"Richiedi informazioni\" \/>\n\t<\/p>\n<div class=\"wpcf7-response-output\" aria-hidden=\"true\"><\/div>\n<\/div>\n<\/form>\n<\/div>\n<\/div><\/div><\/div><\/div>\n<\/div><\/div>","protected":false},"excerpt":{"rendered":"[section background=\"primary\" img=\"11200\"] CONTENUTO ORIGINALE, CREATO E PUBBLICATO DA INFLUENCERS CHE ASSICURANO VISIBILIT\u00c0 E DIFFUSIONE [\/section] Il nostro team di Influencer & Content Marketing ti contatter\u00e0 Ho letto l'informativa privacy. In che modo Antevenio ti pu\u00f2 aiutare a raggiungere il...","protected":false},"author":1,"featured_media":0,"parent":11256,"menu_order":0,"comment_status":"closed","ping_status":"closed","template":"","meta":{"footnotes":""},"yoast_head":"<!-- This site is optimized with the Yoast SEO plugin v21.7 - https:\/\/yoast.com\/wordpress\/plugins\/seo\/ -->\n<title>Influencer &amp; Content Marketing - Antevenio<\/title>\n<meta name=\"robots\" content=\"index, follow, max-snippet:-1, max-image-preview:large, max-video-preview:-1\" \/>\n<link rel=\"canonical\" href=\"https:\/\/www.antevenio.com\/it\/branding\/influencer-content-marketing\/\" \/>\n<meta property=\"og:locale\" content=\"it_IT\" \/>\n<meta property=\"og:type\" content=\"article\" \/>\n<meta property=\"og:title\" content=\"Influencer &amp; Content Marketing - Antevenio\" \/>\n<meta property=\"og:url\" content=\"https:\/\/www.antevenio.com\/it\/branding\/influencer-content-marketing\/\" \/>\n<meta property=\"og:site_name\" content=\"Antevenio\" \/>\n<meta property=\"article:modified_time\" content=\"2018-02-27T17:15:04+00:00\" \/>\n<meta name=\"twitter:card\" content=\"summary_large_image\" \/>\n<meta name=\"twitter:label1\" content=\"Est. reading time\" \/>\n\t<meta name=\"twitter:data1\" content=\"3 minuti\" \/>\n<script type=\"application\/ld+json\" class=\"yoast-schema-graph\">{\"@context\":\"https:\/\/schema.org\",\"@graph\":[{\"@type\":\"WebPage\",\"@id\":\"https:\/\/www.antevenio.com\/it\/branding\/influencer-content-marketing\/\",\"url\":\"https:\/\/www.antevenio.com\/it\/branding\/influencer-content-marketing\/\",\"name\":\"Influencer & Content Marketing - Antevenio\",\"isPartOf\":{\"@id\":\"https:\/\/www.antevenio.com\/it\/#website\"},\"datePublished\":\"2018-02-27T16:08:24+00:00\",\"dateModified\":\"2018-02-27T17:15:04+00:00\",\"breadcrumb\":{\"@id\":\"https:\/\/www.antevenio.com\/it\/branding\/influencer-content-marketing\/#breadcrumb\"},\"inLanguage\":\"it-IT\",\"potentialAction\":[{\"@type\":\"ReadAction\",\"target\":[\"https:\/\/www.antevenio.com\/it\/branding\/influencer-content-marketing\/\"]}]},{\"@type\":\"BreadcrumbList\",\"@id\":\"https:\/\/www.antevenio.com\/it\/branding\/influencer-content-marketing\/#breadcrumb\",\"itemListElement\":[{\"@type\":\"ListItem\",\"position\":1,\"name\":\"Home\",\"item\":\"https:\/\/www.antevenio.com\/it\/\"},{\"@type\":\"ListItem\",\"position\":2,\"name\":\"Branding\",\"item\":\"https:\/\/www.antevenio.com\/it\/branding\/\"},{\"@type\":\"ListItem\",\"position\":3,\"name\":\"Influencer &#038; Content Marketing\"}]},{\"@type\":\"WebSite\",\"@id\":\"https:\/\/www.antevenio.com\/it\/#website\",\"url\":\"https:\/\/www.antevenio.com\/it\/\",\"name\":\"Antevenio\",\"description\":\"Marketing online\",\"potentialAction\":[{\"@type\":\"SearchAction\",\"target\":{\"@type\":\"EntryPoint\",\"urlTemplate\":\"https:\/\/www.antevenio.com\/it\/?s={search_term_string}\"},\"query-input\":\"required name=search_term_string\"}],\"inLanguage\":\"it-IT\"}]}<\/script>\n<!-- \/ Yoast SEO plugin. -->","yoast_head_json":{"title":"Influencer & Content Marketing - Antevenio","robots":{"index":"index","follow":"follow","max-snippet":"max-snippet:-1","max-image-preview":"max-image-preview:large","max-video-preview":"max-video-preview:-1"},"canonical":"https:\/\/www.antevenio.com\/it\/branding\/influencer-content-marketing\/","og_locale":"it_IT","og_type":"article","og_title":"Influencer & Content Marketing - Antevenio","og_url":"https:\/\/www.antevenio.com\/it\/branding\/influencer-content-marketing\/","og_site_name":"Antevenio","article_modified_time":"2018-02-27T17:15:04+00:00","twitter_card":"summary_large_image","twitter_misc":{"Est. reading time":"3 minuti"},"schema":{"@context":"https:\/\/schema.org","@graph":[{"@type":"WebPage","@id":"https:\/\/www.antevenio.com\/it\/branding\/influencer-content-marketing\/","url":"https:\/\/www.antevenio.com\/it\/branding\/influencer-content-marketing\/","name":"Influencer & Content Marketing - Antevenio","isPartOf":{"@id":"https:\/\/www.antevenio.com\/it\/#website"},"datePublished":"2018-02-27T16:08:24+00:00","dateModified":"2018-02-27T17:15:04+00:00","breadcrumb":{"@id":"https:\/\/www.antevenio.com\/it\/branding\/influencer-content-marketing\/#breadcrumb"},"inLanguage":"it-IT","potentialAction":[{"@type":"ReadAction","target":["https:\/\/www.antevenio.com\/it\/branding\/influencer-content-marketing\/"]}]},{"@type":"BreadcrumbList","@id":"https:\/\/www.antevenio.com\/it\/branding\/influencer-content-marketing\/#breadcrumb","itemListElement":[{"@type":"ListItem","position":1,"name":"Home","item":"https:\/\/www.antevenio.com\/it\/"},{"@type":"ListItem","position":2,"name":"Branding","item":"https:\/\/www.antevenio.com\/it\/branding\/"},{"@type":"ListItem","position":3,"name":"Influencer &#038; Content Marketing"}]},{"@type":"WebSite","@id":"https:\/\/www.antevenio.com\/it\/#website","url":"https:\/\/www.antevenio.com\/it\/","name":"Antevenio","description":"Marketing online","potentialAction":[{"@type":"SearchAction","target":{"@type":"EntryPoint","urlTemplate":"https:\/\/www.antevenio.com\/it\/?s={search_term_string}"},"query-input":"required name=search_term_string"}],"inLanguage":"it-IT"}]}},"_links":{"self":[{"href":"https:\/\/www.antevenio.com\/it\/wp-json\/wp\/v2\/pages\/11199"}],"collection":[{"href":"https:\/\/www.antevenio.com\/it\/wp-json\/wp\/v2\/pages"}],"about":[{"href":"https:\/\/www.antevenio.com\/it\/wp-json\/wp\/v2\/types\/page"}],"author":[{"embeddable":true,"href":"https:\/\/www.antevenio.com\/it\/wp-json\/wp\/v2\/users\/1"}],"replies":[{"embeddable":true,"href":"https:\/\/www.antevenio.com\/it\/wp-json\/wp\/v2\/comments?post=11199"}],"version-history":[{"count":1,"href":"https:\/\/www.antevenio.com\/it\/wp-json\/wp\/v2\/pages\/11199\/revisions"}],"predecessor-version":[{"id":11201,"href":"https:\/\/www.antevenio.com\/it\/wp-json\/wp\/v2\/pages\/11199\/revisions\/11201"}],"up":[{"embeddable":true,"href":"https:\/\/www.antevenio.com\/it\/wp-json\/wp\/v2\/pages\/11256"}],"wp:attachment":[{"href":"https:\/\/www.antevenio.com\/it\/wp-json\/wp\/v2\/media?parent=11199"}],"curies":[{"name":"wp","href":"https:\/\/api.w.org\/{rel}","templated":true}]}}