{"id":11180,"date":"2018-02-27T16:50:13","date_gmt":"2018-02-27T15:50:13","guid":{"rendered":"http:\/\/www.antevenio.com\/it\/?page_id=11180"},"modified":"2018-03-05T11:59:01","modified_gmt":"2018-03-05T10:59:01","slug":"acquisire-utenti-e-lead-generation","status":"publish","type":"page","link":"https:\/\/www.antevenio.com\/it\/performance\/acquisire-utenti-e-lead-generation\/","title":{"rendered":"Acquisire utenti e Lead Generation"},"content":{"rendered":"<div class=\"l-submain color_primary\"><div class=\"l-submain-bg\" style=\"background-image: url(https:\/\/www.antevenio.com\/it\/wp-content\/uploads\/2018\/02\/lead-generation.jpg);\"><\/div><div class=\"l-submain-h g-html i-cf\"><div class=\"g-cols\"><div class=\"one-half\"><div class=\"g-hr type_invisible size_big\">\n\t\t\t\t\t\t<span class=\"g-hr-h\">\n\t\t\t\t\t\t\t<i class=\"fa fa-star\"><\/i>\n\t\t\t\t\t\t<\/span>\n\t\t\t\t\t<\/div><\/div><div class=\"one-half\">\n\t<div class=\"wpb_text_column \">\n\t\t<div class=\"wpb_wrapper\">\n\t\t\t\n<h2 style=\"text-align: right;\">LEAD DI QUALIT\u00c0 CHE <strong> GENERANO VENDITE<\/strong><\/h2>\n\n\t\t<\/div> \n\t<\/div> <div class=\"g-hr type_invisible size_big\">\n\t\t\t\t\t\t<span class=\"g-hr-h\">\n\t\t\t\t\t\t\t<i class=\"fa fa-star\"><\/i>\n\t\t\t\t\t\t<\/span>\n\t\t\t\t\t<\/div><\/div><\/div><\/div><\/div><div class=\"l-submain\"><div class=\"l-submain-h g-html i-cf\"><div class=\"g-cols formulario\"><div class=\"two-thirds\"><div class=\"g-cols widget-form vc_hidden-lg vc_hidden-md\"><div class=\"full-width\">\n<div class=\"wpcf7 no-js\" id=\"wpcf7-f11164-o1\" lang=\"it-IT\" dir=\"ltr\">\n<div class=\"screen-reader-response\"><p role=\"status\" aria-live=\"polite\" aria-atomic=\"true\"><\/p> <ul><\/ul><\/div>\n<form action=\"\/it\/wp-json\/wp\/v2\/pages\/11180#wpcf7-f11164-o1\" method=\"post\" class=\"wpcf7-form init\" aria-label=\"Contact form\" novalidate=\"novalidate\" data-status=\"init\">\n<div style=\"display: none;\">\n<input type=\"hidden\" name=\"_wpcf7\" value=\"11164\" \/>\n<input type=\"hidden\" name=\"_wpcf7_version\" value=\"5.8.5\" \/>\n<input type=\"hidden\" name=\"_wpcf7_locale\" value=\"it_IT\" \/>\n<input type=\"hidden\" name=\"_wpcf7_unit_tag\" value=\"wpcf7-f11164-o1\" \/>\n<input type=\"hidden\" name=\"_wpcf7_container_post\" value=\"0\" \/>\n<input type=\"hidden\" name=\"_wpcf7_posted_data_hash\" value=\"\" \/>\n<input type=\"hidden\" name=\"_wpcf7_recaptcha_response\" value=\"\" \/>\n<\/div>\n<div class=\"wpb_text_column\">\n\t<div class=\"wpb_wrapper\">\n\t\t<p>Il nostro team di <strong>Lead Generation<\/strong> ti contatter\u00e0\n\t\t<\/p>\n\t<\/div>\n<\/div>\n<div style=\"padding: 20px 20px 0 20px\">\n\t<p><input type=\"hidden\" name=\"cf_name\" value=\"Form - Lead Generation - IT\" \/>\n\t<\/p>\n\t<div class=\"g-cols\">\n\t\t<div class=\"one-half\">\n\t\t\t<p style=\"padding-bottom: 10px !important;margin-bottom: 0px !important;\"><span class=\"wpcf7-form-control-wrap\" data-name=\"your-name\"><input size=\"40\" class=\"wpcf7-form-control wpcf7-text wpcf7-validates-as-required\" aria-required=\"true\" aria-invalid=\"false\" placeholder=\"Nome*\" value=\"\" type=\"text\" name=\"your-name\" \/><\/span>\n\t\t\t<\/p>\n\t\t<\/div>\n\t\t<div class=\"one-half\">\n\t\t\t<p style=\"padding-bottom: 10px !important;margin-bottom: 0px !important;\"><span class=\"wpcf7-form-control-wrap\" data-name=\"apellidos\"><input size=\"40\" class=\"wpcf7-form-control wpcf7-text wpcf7-validates-as-required\" aria-required=\"true\" aria-invalid=\"false\" placeholder=\"Cognome*\" value=\"\" type=\"text\" name=\"apellidos\" \/><\/span>\n\t\t\t<\/p>\n\t\t<\/div>\n\t<\/div>\n\t<div class=\"g-cols\">\n\t\t<div class=\"one-half\">\n\t\t\t<p style=\"padding-bottom: 10px !important;margin-bottom: 0px !important;\"><span class=\"wpcf7-form-control-wrap\" data-name=\"your-email\"><input size=\"40\" class=\"wpcf7-form-control wpcf7-email wpcf7-validates-as-required wpcf7-text wpcf7-validates-as-email\" aria-required=\"true\" aria-invalid=\"false\" placeholder=\"Email*\" value=\"\" type=\"email\" name=\"your-email\" \/><\/span>\n\t\t\t<\/p>\n\t\t<\/div>\n\t\t<div class=\"one-half\">\n\t\t\t<p style=\"padding-bottom: 10px !important;margin-bottom: 0px !important;\"><span class=\"wpcf7-form-control-wrap\" data-name=\"telefono\"><input size=\"40\" class=\"wpcf7-form-control wpcf7-tel wpcf7-validates-as-required wpcf7-text wpcf7-validates-as-tel\" aria-required=\"true\" aria-invalid=\"false\" placeholder=\"Telefono*\" value=\"\" type=\"tel\" name=\"telefono\" \/><\/span>\n\t\t\t<\/p>\n\t\t<\/div>\n\t<\/div>\n\t<div class=\"g-cols\">\n\t\t<div class=\"one-half\">\n\t\t\t<p style=\"padding-bottom: 10px !important;margin-bottom: 0px !important;\"><span class=\"wpcf7-form-control-wrap\" data-name=\"empresa\"><input size=\"40\" class=\"wpcf7-form-control wpcf7-text wpcf7-validates-as-required\" aria-required=\"true\" aria-invalid=\"false\" placeholder=\"Azienda*\" value=\"\" type=\"text\" name=\"empresa\" \/><\/span>\n\t\t\t<\/p>\n\t\t<\/div>\n\t\t<div class=\"one-half\">\n\t\t\t<p style=\"padding-bottom: 10px !important;margin-bottom: 0px !important;\"><span class=\"wpcf7-form-control-wrap\" data-name=\"cargo\"><input size=\"40\" class=\"wpcf7-form-control wpcf7-text wpcf7-validates-as-required\" aria-required=\"true\" aria-invalid=\"false\" placeholder=\"Posizione*\" value=\"\" type=\"text\" name=\"cargo\" \/><\/span>\n\t\t\t<\/p>\n\t\t<\/div>\n\t<\/div>\n\t<div class=\"g-cols\">\n\t\t<p style=\"padding-bottom: 10px !important;margin-bottom: 0px !important;\"><span class=\"wpcf7-form-control-wrap\" data-name=\"web\"><input size=\"40\" class=\"wpcf7-form-control wpcf7-text wpcf7-validates-as-required\" aria-required=\"true\" aria-invalid=\"false\" placeholder=\"Web*\" value=\"\" type=\"text\" name=\"web\" \/><\/span>\n\t\t<\/p>\n\t<\/div>\n\t<p><span class=\"wpcf7-form-control-wrap\" data-name=\"your-message\"><textarea cols=\"40\" rows=\"10\" class=\"wpcf7-form-control wpcf7-textarea wpcf7-validates-as-required\" aria-required=\"true\" aria-invalid=\"false\" placeholder=\"Osservazioni*\" name=\"your-message\"><\/textarea><\/span>\n\t<\/p>\n\t<p><span class=\"wpcf7-form-control-wrap\" data-name=\"acepto\"><span class=\"wpcf7-form-control wpcf7-acceptance\"><span class=\"wpcf7-list-item\"><input type=\"checkbox\" name=\"acepto\" value=\"1\" aria-invalid=\"false\" \/><\/span><\/span><\/span> Ho letto <a href=\"http:\/\/www.antevenio.it\/privacy\/\">l'informativa privacy<\/a>.\n\t<\/p>\n\t<p><input class=\"wpcf7-form-control wpcf7-submit has-spinner\" type=\"submit\" value=\"Richiedi informazioni\" \/>\n\t<\/p>\n<div class=\"wpcf7-response-output\" aria-hidden=\"true\"><\/div>\n<\/div>\n<\/form>\n<\/div>\n<\/div><\/div>\n\t<div class=\"wpb_text_column \">\n\t\t<div class=\"wpb_wrapper\">\n\t\t\t\n<h2 style=\"margin-bottom: 50px;\">Hai bisogno di generare lead di qualit\u00e0 che aiutino il tuo team di vendita, il call center, il direct marketing o l\u2019inbound marketing?<\/h2>\n<ul>\n<li>Pi\u00f9 di 20 anni di esperienza nella raccolta di utenti e generazione di lead in Europa e in America<\/li>\n<li>Tecnologia di propriet\u00e0 per l&#8217;ottimizzazione dinamica delle pagine di registrazione (Landing Optimizer) e della tecnologia di lead generation (Lead Wall)<\/li>\n<li>Grande abilit\u00e0 nell\u2019uso di Facebook, Instragram e Twitter per generare lead qualificate attraverso gli annunci<\/li>\n<li>Solidi rapporti con i principali fornitori di e-mail, database e call centre in Europa, Stati Uniti e America Latina<\/li>\n<li>Accordi diretti con le app mobili<\/li>\n<\/ul>\n\n\t\t<\/div> \n\t<\/div> <div class=\"w-testimonial\">\n\t\t\t\t\t\t<div class=\"w-testimonial-h\">\n\t\t\t\t\t\t\t<blockquote>\n\t\t\t\t\t\t\t\t<q class=\"w-testimonial-text\"><strong>Come possiamo aiutarti ad acquisire le lead di cui hai bisogno?<\/strong><\/p>\n<p><strong>&#8211; Via Web:<\/strong> Utilizzare il Web per acquisire lead qualificate e proattive \u00e8 sempre una buona idea, indipendentemente da ci\u00f2 che si sta promuovendo. A partire da quest&#8217;anno, ci sono pi\u00f9 di 5 miliardi di persone che accedono alle pagine web. Usando la nostra vasta rete di editori web (sia i nostri che quelli dei nostri partner), <strong>possiamo accedere a un immenso spazio in cui possiamo acquisire potenziali clienti <\/strong> con cui siamo in grado di comunicare.<br \/>\n<strong>&#8211; Via App mobili:<\/strong> Il mercato delle applicazioni mobili sta crescendo ad un ritmo esponenziale. Al momento, sono disponibili oltre 2 milioni di app mobili e miliardi di download disponibili nell&#8217;Android Play Store e nell&#8217;App Store di Apple. Dal punto di vista dell\u2019acquisizione degli utenti, queste sono statistiche incredibili. Gli utenti che giocano dai telefoni cellulari e utilizzano quotidianamente le applicazioni mobili risultano essere, secondo le statistiche, pi\u00f9 ricettivi a provare cose nuove, cio\u00e8, sono pi\u00f9 aperti all&#8217;interazione con i giusti contenuti. Se unisci a questo la nostra <strong>capacit\u00e0 di trovare il tuo pubblico specifico utilizzando i dati demografici degli utenti<\/strong>, avrai trovato la formula perfetta.<br \/>\n<strong>&#8211; Via Email Marketing:<\/strong> Sempre pi\u00f9 persone hanno accesso alle loro e-mail direttamente dalla propria tasca grazie agli smartphone. Questo rende <strong>l&#8217;email marketing uno strumento unico per acquisire lead<\/strong>. Una singola campagna email pu\u00f2 avere un impatto immediato su milioni di utenti in tutto il mondo e possiamo aiutarti a comunicare con loro. Utilizzando misure demografiche precise, possiamo anche raggiungere utenti di nicchie molto specifiche.<br \/>\n<strong>&#8211; Tramite i social network:<\/strong> Non \u00e8 un segreto che i social network sono un ottimo modo per iniziare una relazione quasi personale con i tuoi utenti.<strong> Il vero segreto \u00e8 nel processo di utilizzo di Facebook, Instagram, Twitter e Snapchat per acquisire nuovi utenti<\/strong> che sono entusiasti di interagire con i tuoi contenuti. Sebbene possa sembrare semplice, l&#8217;ambiente dei social network \u00e8 in continua evoluzione, ma per questo abbiamo modellato un sistema scientifico unico.<br \/>\n<strong> Antevenio \u00e8 leader globale nel performance marketing focalizzato sull\u2019acquisizione degli utenti e sulla generazione di leads<\/strong>. La nostra gamma di soluzioni di marketing consente a marchi, agenzie ed editori di lavorare insieme attraverso la tecnologia pi\u00f9 avanzata. In altre parole\u00a0<strong>colleghiamo i marchi a potenziali clienti e consumatori<\/strong>. I nostri clienti spaziano dalle aziende nella top 100 di Fortune 500, anche startup che hanno appena ottenuto il capitale per la loro idea. Le aziende si fidano di noi perch\u00e9 siamo stati in grado di eliminare l&#8217;incertezza associata all&#8217;acquisizione di utenti.<\/p>\n<\/q>\n\t\t\t\t\t\t\t\t<div class=\"w-testimonial-person\">\n\t\t\t\t\t\t\t\t\t<i class=\"fa fa-user\"><\/i>\n\t\t\t\t\t\t\t\t\t<span class=\"w-testimonial-person-name\"><\/span>,\n\t\t\t\t\t\t\t\t\t<span class=\"w-testimonial-person-meta\"><\/span>\n\t\t\t\t\t\t\t\t<\/div>\n\t\t\t\t\t\t\t<\/blockquote>\n\t\t\t\t\t\t<\/div>\n\t\t\t\t\t<\/div><div class=\"g-hr type_invisible\">\n\t\t\t\t\t\t<span class=\"g-hr-h\">\n\t\t\t\t\t\t\t<i class=\"fa fa-star\"><\/i>\n\t\t\t\t\t\t<\/span>\n\t\t\t\t\t<\/div><div class=\"g-cols vc_hidden-sm vc_hidden-xs\"><div class=\"full-width\">\n\t<div class=\"wpb_text_column \">\n\t\t<div class=\"wpb_wrapper\">\n\t\t\t\n<div style=\"background-color: #ff873a; font-family: 'Noto Sans'; padding: 30px;\">\n<p style=\"text-align: center; color: #4c4c4c; font-size: 1.3em; line-height: 1.6;\">Se vuoi che Antevenio ti aiuti con l&#8217;acquisizione di utenti e lead generation, completa questo modulo<\/p>\n<p style=\"text-align: center; color: white;\"><strong><em>Ti contatteremo immediatamente<\/em><\/strong><\/p>\n<\/div>\n\n\t\t<\/div> \n\t<\/div> <\/div><\/div><\/div><div class=\"one-third\"><div class=\"g-cols widget-form vc_hidden-sm vc_hidden-xs\"><div class=\"full-width\">\n<div class=\"wpcf7 no-js\" id=\"wpcf7-f11164-o2\" lang=\"it-IT\" dir=\"ltr\">\n<div class=\"screen-reader-response\"><p role=\"status\" aria-live=\"polite\" aria-atomic=\"true\"><\/p> <ul><\/ul><\/div>\n<form action=\"\/it\/wp-json\/wp\/v2\/pages\/11180#wpcf7-f11164-o2\" method=\"post\" class=\"wpcf7-form init\" aria-label=\"Contact form\" novalidate=\"novalidate\" data-status=\"init\">\n<div style=\"display: none;\">\n<input type=\"hidden\" name=\"_wpcf7\" value=\"11164\" \/>\n<input type=\"hidden\" name=\"_wpcf7_version\" value=\"5.8.5\" \/>\n<input type=\"hidden\" name=\"_wpcf7_locale\" value=\"it_IT\" \/>\n<input type=\"hidden\" name=\"_wpcf7_unit_tag\" value=\"wpcf7-f11164-o2\" \/>\n<input type=\"hidden\" name=\"_wpcf7_container_post\" value=\"0\" \/>\n<input type=\"hidden\" name=\"_wpcf7_posted_data_hash\" value=\"\" \/>\n<input type=\"hidden\" name=\"_wpcf7_recaptcha_response\" value=\"\" \/>\n<\/div>\n<div class=\"wpb_text_column\">\n\t<div class=\"wpb_wrapper\">\n\t\t<p>Il nostro team di <strong>Lead Generation<\/strong> ti contatter\u00e0\n\t\t<\/p>\n\t<\/div>\n<\/div>\n<div style=\"padding: 20px 20px 0 20px\">\n\t<p><input type=\"hidden\" name=\"cf_name\" value=\"Form - Lead Generation - IT\" \/>\n\t<\/p>\n\t<div class=\"g-cols\">\n\t\t<div class=\"one-half\">\n\t\t\t<p style=\"padding-bottom: 10px !important;margin-bottom: 0px !important;\"><span class=\"wpcf7-form-control-wrap\" data-name=\"your-name\"><input size=\"40\" class=\"wpcf7-form-control wpcf7-text wpcf7-validates-as-required\" aria-required=\"true\" aria-invalid=\"false\" placeholder=\"Nome*\" value=\"\" type=\"text\" name=\"your-name\" \/><\/span>\n\t\t\t<\/p>\n\t\t<\/div>\n\t\t<div class=\"one-half\">\n\t\t\t<p style=\"padding-bottom: 10px !important;margin-bottom: 0px !important;\"><span class=\"wpcf7-form-control-wrap\" data-name=\"apellidos\"><input size=\"40\" class=\"wpcf7-form-control wpcf7-text wpcf7-validates-as-required\" aria-required=\"true\" aria-invalid=\"false\" placeholder=\"Cognome*\" value=\"\" type=\"text\" name=\"apellidos\" \/><\/span>\n\t\t\t<\/p>\n\t\t<\/div>\n\t<\/div>\n\t<div class=\"g-cols\">\n\t\t<div class=\"one-half\">\n\t\t\t<p style=\"padding-bottom: 10px !important;margin-bottom: 0px !important;\"><span class=\"wpcf7-form-control-wrap\" data-name=\"your-email\"><input size=\"40\" class=\"wpcf7-form-control wpcf7-email wpcf7-validates-as-required wpcf7-text wpcf7-validates-as-email\" aria-required=\"true\" aria-invalid=\"false\" placeholder=\"Email*\" value=\"\" type=\"email\" name=\"your-email\" \/><\/span>\n\t\t\t<\/p>\n\t\t<\/div>\n\t\t<div class=\"one-half\">\n\t\t\t<p style=\"padding-bottom: 10px !important;margin-bottom: 0px !important;\"><span class=\"wpcf7-form-control-wrap\" data-name=\"telefono\"><input size=\"40\" class=\"wpcf7-form-control wpcf7-tel wpcf7-validates-as-required wpcf7-text wpcf7-validates-as-tel\" aria-required=\"true\" aria-invalid=\"false\" placeholder=\"Telefono*\" value=\"\" type=\"tel\" name=\"telefono\" \/><\/span>\n\t\t\t<\/p>\n\t\t<\/div>\n\t<\/div>\n\t<div class=\"g-cols\">\n\t\t<div class=\"one-half\">\n\t\t\t<p style=\"padding-bottom: 10px !important;margin-bottom: 0px !important;\"><span class=\"wpcf7-form-control-wrap\" data-name=\"empresa\"><input size=\"40\" class=\"wpcf7-form-control wpcf7-text wpcf7-validates-as-required\" aria-required=\"true\" aria-invalid=\"false\" placeholder=\"Azienda*\" value=\"\" type=\"text\" name=\"empresa\" \/><\/span>\n\t\t\t<\/p>\n\t\t<\/div>\n\t\t<div class=\"one-half\">\n\t\t\t<p style=\"padding-bottom: 10px !important;margin-bottom: 0px !important;\"><span class=\"wpcf7-form-control-wrap\" data-name=\"cargo\"><input size=\"40\" class=\"wpcf7-form-control wpcf7-text wpcf7-validates-as-required\" aria-required=\"true\" aria-invalid=\"false\" placeholder=\"Posizione*\" value=\"\" type=\"text\" name=\"cargo\" \/><\/span>\n\t\t\t<\/p>\n\t\t<\/div>\n\t<\/div>\n\t<div class=\"g-cols\">\n\t\t<p style=\"padding-bottom: 10px !important;margin-bottom: 0px !important;\"><span class=\"wpcf7-form-control-wrap\" data-name=\"web\"><input size=\"40\" class=\"wpcf7-form-control wpcf7-text wpcf7-validates-as-required\" aria-required=\"true\" aria-invalid=\"false\" placeholder=\"Web*\" value=\"\" type=\"text\" name=\"web\" \/><\/span>\n\t\t<\/p>\n\t<\/div>\n\t<p><span class=\"wpcf7-form-control-wrap\" data-name=\"your-message\"><textarea cols=\"40\" rows=\"10\" class=\"wpcf7-form-control wpcf7-textarea wpcf7-validates-as-required\" aria-required=\"true\" aria-invalid=\"false\" placeholder=\"Osservazioni*\" name=\"your-message\"><\/textarea><\/span>\n\t<\/p>\n\t<p><span class=\"wpcf7-form-control-wrap\" data-name=\"acepto\"><span class=\"wpcf7-form-control wpcf7-acceptance\"><span class=\"wpcf7-list-item\"><input type=\"checkbox\" name=\"acepto\" value=\"1\" aria-invalid=\"false\" \/><\/span><\/span><\/span> Ho letto <a href=\"http:\/\/www.antevenio.it\/privacy\/\">l'informativa privacy<\/a>.\n\t<\/p>\n\t<p><input class=\"wpcf7-form-control wpcf7-submit has-spinner\" type=\"submit\" value=\"Richiedi informazioni\" \/>\n\t<\/p>\n<div class=\"wpcf7-response-output\" aria-hidden=\"true\"><\/div>\n<\/div>\n<\/form>\n<\/div>\n<\/div><\/div><\/div><\/div>\n<\/div><\/div>","protected":false},"excerpt":{"rendered":"[section background=\"primary\" img=\"11181\"] LEAD DI QUALIT\u00c0 CHE GENERANO VENDITE [\/section] Il nostro team di Lead Generation ti contatter\u00e0 Ho letto l'informativa privacy. Hai bisogno di generare lead di qualit\u00e0 che aiutino il tuo team di vendita, il call center, il...","protected":false},"author":1,"featured_media":0,"parent":11246,"menu_order":0,"comment_status":"closed","ping_status":"closed","template":"","meta":{"footnotes":""},"yoast_head":"<!-- This site is optimized with the Yoast SEO plugin v21.7 - https:\/\/yoast.com\/wordpress\/plugins\/seo\/ -->\n<title>Acquisire utenti e Lead Generation - Antevenio<\/title>\n<meta name=\"robots\" content=\"index, follow, max-snippet:-1, max-image-preview:large, max-video-preview:-1\" \/>\n<link rel=\"canonical\" href=\"https:\/\/www.antevenio.com\/it\/performance\/acquisire-utenti-e-lead-generation\/\" \/>\n<meta property=\"og:locale\" content=\"it_IT\" \/>\n<meta property=\"og:type\" content=\"article\" \/>\n<meta property=\"og:title\" content=\"Acquisire utenti e Lead Generation - Antevenio\" \/>\n<meta property=\"og:url\" content=\"https:\/\/www.antevenio.com\/it\/performance\/acquisire-utenti-e-lead-generation\/\" \/>\n<meta property=\"og:site_name\" content=\"Antevenio\" \/>\n<meta property=\"article:modified_time\" content=\"2018-03-05T10:59:01+00:00\" \/>\n<meta name=\"twitter:card\" content=\"summary_large_image\" \/>\n<meta name=\"twitter:label1\" content=\"Est. reading time\" \/>\n\t<meta name=\"twitter:data1\" content=\"4 minuti\" \/>\n<script type=\"application\/ld+json\" class=\"yoast-schema-graph\">{\"@context\":\"https:\/\/schema.org\",\"@graph\":[{\"@type\":\"WebPage\",\"@id\":\"https:\/\/www.antevenio.com\/it\/performance\/acquisire-utenti-e-lead-generation\/\",\"url\":\"https:\/\/www.antevenio.com\/it\/performance\/acquisire-utenti-e-lead-generation\/\",\"name\":\"Acquisire utenti e Lead Generation - Antevenio\",\"isPartOf\":{\"@id\":\"https:\/\/www.antevenio.com\/it\/#website\"},\"datePublished\":\"2018-02-27T15:50:13+00:00\",\"dateModified\":\"2018-03-05T10:59:01+00:00\",\"breadcrumb\":{\"@id\":\"https:\/\/www.antevenio.com\/it\/performance\/acquisire-utenti-e-lead-generation\/#breadcrumb\"},\"inLanguage\":\"it-IT\",\"potentialAction\":[{\"@type\":\"ReadAction\",\"target\":[\"https:\/\/www.antevenio.com\/it\/performance\/acquisire-utenti-e-lead-generation\/\"]}]},{\"@type\":\"BreadcrumbList\",\"@id\":\"https:\/\/www.antevenio.com\/it\/performance\/acquisire-utenti-e-lead-generation\/#breadcrumb\",\"itemListElement\":[{\"@type\":\"ListItem\",\"position\":1,\"name\":\"Home\",\"item\":\"https:\/\/www.antevenio.com\/it\/\"},{\"@type\":\"ListItem\",\"position\":2,\"name\":\"Performance\",\"item\":\"https:\/\/www.antevenio.com\/it\/performance\/\"},{\"@type\":\"ListItem\",\"position\":3,\"name\":\"Acquisire utenti e Lead Generation\"}]},{\"@type\":\"WebSite\",\"@id\":\"https:\/\/www.antevenio.com\/it\/#website\",\"url\":\"https:\/\/www.antevenio.com\/it\/\",\"name\":\"Antevenio\",\"description\":\"Marketing online\",\"potentialAction\":[{\"@type\":\"SearchAction\",\"target\":{\"@type\":\"EntryPoint\",\"urlTemplate\":\"https:\/\/www.antevenio.com\/it\/?s={search_term_string}\"},\"query-input\":\"required name=search_term_string\"}],\"inLanguage\":\"it-IT\"}]}<\/script>\n<!-- \/ Yoast SEO plugin. -->","yoast_head_json":{"title":"Acquisire utenti e Lead Generation - Antevenio","robots":{"index":"index","follow":"follow","max-snippet":"max-snippet:-1","max-image-preview":"max-image-preview:large","max-video-preview":"max-video-preview:-1"},"canonical":"https:\/\/www.antevenio.com\/it\/performance\/acquisire-utenti-e-lead-generation\/","og_locale":"it_IT","og_type":"article","og_title":"Acquisire utenti e Lead Generation - Antevenio","og_url":"https:\/\/www.antevenio.com\/it\/performance\/acquisire-utenti-e-lead-generation\/","og_site_name":"Antevenio","article_modified_time":"2018-03-05T10:59:01+00:00","twitter_card":"summary_large_image","twitter_misc":{"Est. reading time":"4 minuti"},"schema":{"@context":"https:\/\/schema.org","@graph":[{"@type":"WebPage","@id":"https:\/\/www.antevenio.com\/it\/performance\/acquisire-utenti-e-lead-generation\/","url":"https:\/\/www.antevenio.com\/it\/performance\/acquisire-utenti-e-lead-generation\/","name":"Acquisire utenti e Lead Generation - Antevenio","isPartOf":{"@id":"https:\/\/www.antevenio.com\/it\/#website"},"datePublished":"2018-02-27T15:50:13+00:00","dateModified":"2018-03-05T10:59:01+00:00","breadcrumb":{"@id":"https:\/\/www.antevenio.com\/it\/performance\/acquisire-utenti-e-lead-generation\/#breadcrumb"},"inLanguage":"it-IT","potentialAction":[{"@type":"ReadAction","target":["https:\/\/www.antevenio.com\/it\/performance\/acquisire-utenti-e-lead-generation\/"]}]},{"@type":"BreadcrumbList","@id":"https:\/\/www.antevenio.com\/it\/performance\/acquisire-utenti-e-lead-generation\/#breadcrumb","itemListElement":[{"@type":"ListItem","position":1,"name":"Home","item":"https:\/\/www.antevenio.com\/it\/"},{"@type":"ListItem","position":2,"name":"Performance","item":"https:\/\/www.antevenio.com\/it\/performance\/"},{"@type":"ListItem","position":3,"name":"Acquisire utenti e Lead Generation"}]},{"@type":"WebSite","@id":"https:\/\/www.antevenio.com\/it\/#website","url":"https:\/\/www.antevenio.com\/it\/","name":"Antevenio","description":"Marketing online","potentialAction":[{"@type":"SearchAction","target":{"@type":"EntryPoint","urlTemplate":"https:\/\/www.antevenio.com\/it\/?s={search_term_string}"},"query-input":"required name=search_term_string"}],"inLanguage":"it-IT"}]}},"_links":{"self":[{"href":"https:\/\/www.antevenio.com\/it\/wp-json\/wp\/v2\/pages\/11180"}],"collection":[{"href":"https:\/\/www.antevenio.com\/it\/wp-json\/wp\/v2\/pages"}],"about":[{"href":"https:\/\/www.antevenio.com\/it\/wp-json\/wp\/v2\/types\/page"}],"author":[{"embeddable":true,"href":"https:\/\/www.antevenio.com\/it\/wp-json\/wp\/v2\/users\/1"}],"replies":[{"embeddable":true,"href":"https:\/\/www.antevenio.com\/it\/wp-json\/wp\/v2\/comments?post=11180"}],"version-history":[{"count":6,"href":"https:\/\/www.antevenio.com\/it\/wp-json\/wp\/v2\/pages\/11180\/revisions"}],"predecessor-version":[{"id":11398,"href":"https:\/\/www.antevenio.com\/it\/wp-json\/wp\/v2\/pages\/11180\/revisions\/11398"}],"up":[{"embeddable":true,"href":"https:\/\/www.antevenio.com\/it\/wp-json\/wp\/v2\/pages\/11246"}],"wp:attachment":[{"href":"https:\/\/www.antevenio.com\/it\/wp-json\/wp\/v2\/media?parent=11180"}],"curies":[{"name":"wp","href":"https:\/\/api.w.org\/{rel}","templated":true}]}}